{"id":11245,"date":"2024-05-23T13:33:43","date_gmt":"2024-05-23T11:33:43","guid":{"rendered":"https:\/\/www.yaelandthebags.com\/?page_id=11245"},"modified":"2025-01-23T15:09:28","modified_gmt":"2025-01-23T14:09:28","slug":"judiskt-israeliskt","status":"publish","type":"page","link":"https:\/\/www.yaelandthebags.com\/en\/judiskt-israeliskt\/","title":{"rendered":"Jewish textile art"},"content":{"rendered":"<div data-elementor-type=\"wp-page\" data-elementor-id=\"11245\" class=\"elementor elementor-11245\" data-elementor-post-type=\"page\">\n\t\t\t\t<div class=\"elementor-element elementor-element-a7878fa e-flex e-con-boxed e-con e-parent\" data-id=\"a7878fa\" data-element_type=\"container\" data-e-type=\"container\">\n\t\t\t\t\t<div class=\"e-con-inner\">\n\t\t<div class=\"elementor-element elementor-element-c11f3f0 e-con-full e-flex e-con e-child\" data-id=\"c11f3f0\" data-element_type=\"container\" data-e-type=\"container\">\n\t\t\t\t<div class=\"elementor-element elementor-element-97782bb elementor-widget elementor-widget-text-editor\" data-id=\"97782bb\" data-element_type=\"widget\" data-e-type=\"widget\" data-widget_type=\"text-editor.default\">\n\t\t\t\t<div class=\"elementor-widget-container\">\n\t\t\t\t\t\t\t\t\t<p>My work is very personal, it reflects my personality, my passions and my mixed background. Of course, Sweden and the Swedish textile heritage have a big place in my heart but equally important is my Jewish and Israeli heritage.<\/p><p>Since 7 October 2023 and the terrible massacre of Israelis, the Jewish and Israeli expression in my work has taken a much bigger place. The feeling of being threatened and the sorrow we feel as a people, but also the pride and joy of our culture, our traditions and our country, have deepened my craft which partly has taken a new direction.<\/p><p>I have used fabrics with a Jewish themes, embroideries I make myself with texts such as \"Am Israel Chai\" (= The Jewish people live), Challah covers and a fantastic collaboration with an Israeli artisan who created naturally dyed fabrics that are eco printed with Israeli eucalyptus leaves.<\/p><p>Go to Jewish textile gallery for more pictures.<\/p>\t\t\t\t\t\t\t\t<\/div>\n\t\t\t\t<\/div>\n\t\t\t\t<\/div>\n\t\t<div class=\"elementor-element elementor-element-1d1a565 e-con-full e-flex e-con e-child\" data-id=\"1d1a565\" data-element_type=\"container\" data-e-type=\"container\">\n\t\t\t\t<div class=\"elementor-element elementor-element-7e9f014 elementor-widget elementor-widget-image\" data-id=\"7e9f014\" data-element_type=\"widget\" data-e-type=\"widget\" data-widget_type=\"image.default\">\n\t\t\t\t<div class=\"elementor-widget-container\">\n\t\t\t\t\t\t\t\t\t\t\t\t\t\t\t<img fetchpriority=\"high\" decoding=\"async\" width=\"1024\" height=\"942\" src=\"https:\/\/www.yaelandthebags.com\/wp-content\/uploads\/2024\/05\/F836C1FB-6597-4D37-89BF-F03AA089679D-e1717494121884-1024x942.jpeg\" class=\"attachment-large size-large wp-image-11302\" alt=\"\" srcset=\"https:\/\/www.yaelandthebags.com\/wp-content\/uploads\/2024\/05\/F836C1FB-6597-4D37-89BF-F03AA089679D-e1717494121884-1024x942.jpeg 1024w, https:\/\/www.yaelandthebags.com\/wp-content\/uploads\/2024\/05\/F836C1FB-6597-4D37-89BF-F03AA089679D-e1717494121884-300x276.jpeg 300w, https:\/\/www.yaelandthebags.com\/wp-content\/uploads\/2024\/05\/F836C1FB-6597-4D37-89BF-F03AA089679D-e1717494121884-768x707.jpeg 768w, https:\/\/www.yaelandthebags.com\/wp-content\/uploads\/2024\/05\/F836C1FB-6597-4D37-89BF-F03AA089679D-e1717494121884-13x12.jpeg 13w, https:\/\/www.yaelandthebags.com\/wp-content\/uploads\/2024\/05\/F836C1FB-6597-4D37-89BF-F03AA089679D-e1717494121884-600x552.jpeg 600w, https:\/\/www.yaelandthebags.com\/wp-content\/uploads\/2024\/05\/F836C1FB-6597-4D37-89BF-F03AA089679D-e1717494121884.jpeg 1439w\" sizes=\"(max-width: 1024px) 100vw, 1024px\" \/>\t\t\t\t\t\t\t\t\t\t\t\t\t\t\t<\/div>\n\t\t\t\t<\/div>\n\t\t\t\t<\/div>\n\t\t\t\t\t<\/div>\n\t\t\t\t<\/div>\n\t\t<div class=\"elementor-element elementor-element-40e438a e-flex e-con-boxed e-con e-parent\" data-id=\"40e438a\" data-element_type=\"container\" data-e-type=\"container\">\n\t\t\t\t\t<div class=\"e-con-inner\">\n\t\t\t\t<div class=\"elementor-element elementor-element-25a03ec elementor-align-center elementor-widget elementor-widget-button\" data-id=\"25a03ec\" data-element_type=\"widget\" data-e-type=\"widget\" data-widget_type=\"button.default\">\n\t\t\t\t<div class=\"elementor-widget-container\">\n\t\t\t\t\t\t\t\t\t<div class=\"elementor-button-wrapper\">\n\t\t\t\t\t<a class=\"elementor-button elementor-button-link elementor-size-md\" href=\"https:\/\/www.yaelandthebags.com\/en\/judiskt-israeliskt-galleri\/\">\n\t\t\t\t\t\t<span class=\"elementor-button-content-wrapper\">\n\t\t\t\t\t\t\t\t\t<span class=\"elementor-button-text\">Jewish textiles - gallery<\/span>\n\t\t\t\t\t<\/span>\n\t\t\t\t\t<\/a>\n\t\t\t\t<\/div>\n\t\t\t\t\t\t\t\t<\/div>\n\t\t\t\t<\/div>\n\t\t\t\t\t<\/div>\n\t\t\t\t<\/div>\n\t\t<div class=\"elementor-element elementor-element-5f3bdd9 e-flex e-con-boxed e-con e-parent\" data-id=\"5f3bdd9\" data-element_type=\"container\" data-e-type=\"container\">\n\t\t\t\t\t<div class=\"e-con-inner\">\n\t\t\t\t<div class=\"elementor-element elementor-element-cb7c7b0 elementor-widget elementor-widget-gallery\" data-id=\"cb7c7b0\" data-element_type=\"widget\" data-e-type=\"widget\" data-settings=\"{&quot;columns_mobile&quot;:2,&quot;lazyload&quot;:&quot;yes&quot;,&quot;gallery_layout&quot;:&quot;grid&quot;,&quot;columns&quot;:4,&quot;columns_tablet&quot;:2,&quot;gap&quot;:{&quot;unit&quot;:&quot;px&quot;,&quot;size&quot;:10,&quot;sizes&quot;:[]},&quot;gap_tablet&quot;:{&quot;unit&quot;:&quot;px&quot;,&quot;size&quot;:10,&quot;sizes&quot;:[]},&quot;gap_mobile&quot;:{&quot;unit&quot;:&quot;px&quot;,&quot;size&quot;:10,&quot;sizes&quot;:[]},&quot;link_to&quot;:&quot;file&quot;,&quot;aspect_ratio&quot;:&quot;3:2&quot;,&quot;overlay_background&quot;:&quot;yes&quot;,&quot;content_hover_animation&quot;:&quot;fade-in&quot;}\" data-widget_type=\"gallery.default\">\n\t\t\t\t<div class=\"elementor-widget-container\">\n\t\t\t\t\t\t\t<div class=\"elementor-gallery__container\">\n\t\t\t\t\t\t\t<a class=\"e-gallery-item elementor-gallery-item elementor-animated-content\" href=\"https:\/\/www.yaelandthebags.com\/wp-content\/uploads\/2023\/11\/IMG_4199-scaled.jpeg\" data-elementor-open-lightbox=\"yes\" data-elementor-lightbox-slideshow=\"cb7c7b0\" data-elementor-lightbox-title=\"IMG_4199\" data-e-action-hash=\"#elementor-action%3Aaction%3Dlightbox%26settings%3DeyJpZCI6OTY1NCwidXJsIjoiaHR0cHM6XC9cL3d3dy55YWVsYW5kdGhlYmFncy5jb21cL3dwLWNvbnRlbnRcL3VwbG9hZHNcLzIwMjNcLzExXC9JTUdfNDE5OS1zY2FsZWQuanBlZyIsInNsaWRlc2hvdyI6ImNiN2M3YjAifQ%3D%3D\">\n\t\t\t\t\t<div class=\"e-gallery-image elementor-gallery-item__image\" data-thumbnail=\"https:\/\/www.yaelandthebags.com\/wp-content\/uploads\/2023\/11\/IMG_4199-300x300.jpeg\" data-width=\"300\" data-height=\"300\" aria-label=\"\" role=\"img\" ><\/div>\n\t\t\t\t\t\t\t\t\t\t\t<div class=\"elementor-gallery-item__overlay\"><\/div>\n\t\t\t\t\t\t\t\t\t\t\t\t\t\t<\/a>\n\t\t\t\t\t\t\t<a class=\"e-gallery-item elementor-gallery-item elementor-animated-content\" href=\"https:\/\/www.yaelandthebags.com\/wp-content\/uploads\/2024\/03\/IMG_6882-scaled.jpeg\" data-elementor-open-lightbox=\"yes\" data-elementor-lightbox-slideshow=\"cb7c7b0\" data-elementor-lightbox-title=\"IMG_6882\" data-e-action-hash=\"#elementor-action%3Aaction%3Dlightbox%26settings%3DeyJpZCI6MTA3OTcsInVybCI6Imh0dHBzOlwvXC93d3cueWFlbGFuZHRoZWJhZ3MuY29tXC93cC1jb250ZW50XC91cGxvYWRzXC8yMDI0XC8wM1wvSU1HXzY4ODItc2NhbGVkLmpwZWciLCJzbGlkZXNob3ciOiJjYjdjN2IwIn0%3D\">\n\t\t\t\t\t<div class=\"e-gallery-image elementor-gallery-item__image\" data-thumbnail=\"https:\/\/www.yaelandthebags.com\/wp-content\/uploads\/2024\/03\/IMG_6882-225x300.jpeg\" data-width=\"225\" data-height=\"300\" aria-label=\"\" role=\"img\" ><\/div>\n\t\t\t\t\t\t\t\t\t\t\t<div class=\"elementor-gallery-item__overlay\"><\/div>\n\t\t\t\t\t\t\t\t\t\t\t\t\t\t<\/a>\n\t\t\t\t\t\t\t<a class=\"e-gallery-item elementor-gallery-item elementor-animated-content\" href=\"https:\/\/www.yaelandthebags.com\/wp-content\/uploads\/2023\/11\/IMG_4191-scaled.jpeg\" data-elementor-open-lightbox=\"yes\" data-elementor-lightbox-slideshow=\"cb7c7b0\" data-elementor-lightbox-title=\"IMG_4191\" data-e-action-hash=\"#elementor-action%3Aaction%3Dlightbox%26settings%3DeyJpZCI6OTY1MiwidXJsIjoiaHR0cHM6XC9cL3d3dy55YWVsYW5kdGhlYmFncy5jb21cL3dwLWNvbnRlbnRcL3VwbG9hZHNcLzIwMjNcLzExXC9JTUdfNDE5MS1zY2FsZWQuanBlZyIsInNsaWRlc2hvdyI6ImNiN2M3YjAifQ%3D%3D\">\n\t\t\t\t\t<div class=\"e-gallery-image elementor-gallery-item__image\" data-thumbnail=\"https:\/\/www.yaelandthebags.com\/wp-content\/uploads\/2023\/11\/IMG_4191-296x300.jpeg\" data-width=\"296\" data-height=\"300\" aria-label=\"\" role=\"img\" ><\/div>\n\t\t\t\t\t\t\t\t\t\t\t<div class=\"elementor-gallery-item__overlay\"><\/div>\n\t\t\t\t\t\t\t\t\t\t\t\t\t\t<\/a>\n\t\t\t\t\t\t\t<a class=\"e-gallery-item elementor-gallery-item elementor-animated-content\" href=\"https:\/\/www.yaelandthebags.com\/wp-content\/uploads\/2023\/10\/793B9D7E-D4B6-406B-9325-DEDD82B02DA1.jpeg\" data-elementor-open-lightbox=\"yes\" data-elementor-lightbox-slideshow=\"cb7c7b0\" data-elementor-lightbox-title=\"793B9D7E-D4B6-406B-9325-DEDD82B02DA1\" data-e-action-hash=\"#elementor-action%3Aaction%3Dlightbox%26settings%3DeyJpZCI6OTQ0OCwidXJsIjoiaHR0cHM6XC9cL3d3dy55YWVsYW5kdGhlYmFncy5jb21cL3dwLWNvbnRlbnRcL3VwbG9hZHNcLzIwMjNcLzEwXC83OTNCOUQ3RS1ENEI2LTQwNkItOTMyNS1ERUREODJCMDJEQTEuanBlZyIsInNsaWRlc2hvdyI6ImNiN2M3YjAifQ%3D%3D\">\n\t\t\t\t\t<div class=\"e-gallery-image elementor-gallery-item__image\" data-thumbnail=\"https:\/\/www.yaelandthebags.com\/wp-content\/uploads\/2023\/10\/793B9D7E-D4B6-406B-9325-DEDD82B02DA1-300x300.jpeg\" data-width=\"300\" data-height=\"300\" aria-label=\"\" role=\"img\" ><\/div>\n\t\t\t\t\t\t\t\t\t\t\t<div class=\"elementor-gallery-item__overlay\"><\/div>\n\t\t\t\t\t\t\t\t\t\t\t\t\t\t<\/a>\n\t\t\t\t\t<\/div>\n\t\t\t\t\t<\/div>\n\t\t\t\t<\/div>\n\t\t\t\t\t<\/div>\n\t\t\t\t<\/div>\n\t\t<div class=\"elementor-element elementor-element-d9daa1d e-flex e-con-boxed e-con e-parent\" data-id=\"d9daa1d\" data-element_type=\"container\" data-e-type=\"container\">\n\t\t\t\t\t<div class=\"e-con-inner\">\n\t\t\t\t<div class=\"elementor-element elementor-element-353c901 elementor-widget-divider--separator-type-pattern elementor-widget-divider--no-spacing elementor-widget-divider--view-line elementor-widget elementor-widget-divider\" data-id=\"353c901\" data-element_type=\"widget\" data-e-type=\"widget\" data-widget_type=\"divider.default\">\n\t\t\t\t<div class=\"elementor-widget-container\">\n\t\t\t\t\t\t\t<div class=\"elementor-divider\" style=\"--divider-pattern-url: url(&quot;data:image\/svg+xml,%3Csvg xmlns=&#039;http:\/\/www.w3.org\/2000\/svg&#039; preserveAspectRatio=&#039;xMidYMid meet&#039; overflow=&#039;visible&#039; height=&#039;100%&#039; viewBox=&#039;0 0 120 26&#039; fill=&#039;black&#039; stroke=&#039;none&#039;%3E%3Cpath d=&#039;M11.9,15.9L11.9,15.9L0,16c-0.2-3.7,1.5-5.7,4.9-6C10,9.6,12.4,14.2,11.9,15.9zM26.9,15.9L26.9,15.9L15,16c0.5-3.7,2.5-5.7,5.9-6C26,9.6,27.4,14.2,26.9,15.9z M37.1,10c3.4,0.3,5.1,2.3,4.9,6H30.1C29.5,14.4,31.9,9.6,37.1,10z M57,15.9L57,15.9L45,16c0-3.4,1.6-5.4,4.9-5.9C54.8,9.3,57.4,14.2,57,15.9z M71.9,15.9L71.9,15.9L60,16c-0.2-3.7,1.5-5.7,4.9-6C70,9.6,72.4,14.2,71.9,15.9z M82.2,10c3.4,0.3,5,2.3,4.8,6H75.3C74,13,77.1,9.6,82.2,10zM101.9,15.9L101.9,15.9L90,16c-0.2-3.7,1.5-5.7,4.9-6C100,9.6,102.4,14.2,101.9,15.9z M112.1,10.1c2.7,0.5,4.3,2.5,4.9,5.9h-11.9l0,0C104.5,14.4,108,9.3,112.1,10.1z&#039;\/%3E%3C\/svg%3E&quot;);\">\n\t\t\t<span class=\"elementor-divider-separator\">\n\t\t\t\t\t\t<\/span>\n\t\t<\/div>\n\t\t\t\t\t\t<\/div>\n\t\t\t\t<\/div>\n\t\t\t\t\t<\/div>\n\t\t\t\t<\/div>\n\t\t<div class=\"elementor-element elementor-element-a74d8ea e-flex e-con-boxed e-con e-parent\" data-id=\"a74d8ea\" data-element_type=\"container\" data-e-type=\"container\">\n\t\t\t\t\t<div class=\"e-con-inner\">\n\t\t<div class=\"elementor-element elementor-element-2a9f579 e-con-full e-flex e-con e-child\" data-id=\"2a9f579\" data-element_type=\"container\" data-e-type=\"container\">\n\t\t\t\t<div class=\"elementor-element elementor-element-9b23a00 elementor-widget elementor-widget-heading\" data-id=\"9b23a00\" data-element_type=\"widget\" data-e-type=\"widget\" data-widget_type=\"heading.default\">\n\t\t\t\t<div class=\"elementor-widget-container\">\n\t\t\t\t\t<h2 class=\"elementor-heading-title elementor-size-default\">Bags, accessories &amp; Judaica<\/h2>\t\t\t\t<\/div>\n\t\t\t\t<\/div>\n\t\t\t\t<\/div>\n\t\t<div class=\"elementor-element elementor-element-339e1ba e-con-full e-flex e-con e-child\" data-id=\"339e1ba\" data-element_type=\"container\" data-e-type=\"container\">\n\t\t\t\t<div class=\"elementor-element elementor-element-2cb99e2 elementor-widget elementor-widget-text-editor\" data-id=\"2cb99e2\" data-element_type=\"widget\" data-e-type=\"widget\" data-widget_type=\"text-editor.default\">\n\t\t\t\t<div class=\"elementor-widget-container\">\n\t\t\t\t\t\t\t\t\t<ul><li style=\"text-align: left;\" class=\"translation-block\">To order a Jewish\/Israeli themed product go to Product Info, see button below. There you will find all bag designs and other products and prices. Then go to Custom order to place an order.<\/li><li style=\"text-align: left;\" class=\"translation-block\">If you want to get some inspiration and see what I have created before, go to Jewish\/Israeli gallery. See button above.<\/li><li style=\"text-align: left;\">If you want a handmade embroidery by me, there is an additional cost of SEK 650.\u00a0<\/li><li style=\"text-align: left;\">All existing products are available in Jewish fabrics and embroidery. However, I need to have the fabrics in stock so please email me if you want a product in a specific fabric: info@yaelandthebags.com <a href=\"mailto:info@yaelandthebags.com\">info@yaelandthebags.com<\/a><\/li><\/ul>\t\t\t\t\t\t\t\t<\/div>\n\t\t\t\t<\/div>\n\t\t\t\t<\/div>\n\t\t\t\t\t<\/div>\n\t\t\t\t<\/div>\n\t\t<div class=\"elementor-element elementor-element-e4d688c e-flex e-con-boxed e-con e-parent\" data-id=\"e4d688c\" data-element_type=\"container\" data-e-type=\"container\">\n\t\t\t\t\t<div class=\"e-con-inner\">\n\t\t<div class=\"elementor-element elementor-element-ccde5fb e-con-full e-flex e-con e-child\" data-id=\"ccde5fb\" data-element_type=\"container\" data-e-type=\"container\">\n\t\t\t\t<div class=\"elementor-element elementor-element-b7969c3 elementor-widget elementor-widget-heading\" data-id=\"b7969c3\" data-element_type=\"widget\" data-e-type=\"widget\" data-widget_type=\"heading.default\">\n\t\t\t\t<div class=\"elementor-widget-container\">\n\t\t\t\t\t<h2 class=\"elementor-heading-title elementor-size-default\">Bags &amp; accessories<\/h2>\t\t\t\t<\/div>\n\t\t\t\t<\/div>\n\t\t\t\t<div class=\"elementor-element elementor-element-7b90bc4 elementor-widget elementor-widget-image\" data-id=\"7b90bc4\" data-element_type=\"widget\" data-e-type=\"widget\" data-widget_type=\"image.default\">\n\t\t\t\t<div class=\"elementor-widget-container\">\n\t\t\t\t\t\t\t\t\t\t\t\t\t\t\t<img decoding=\"async\" width=\"768\" height=\"768\" src=\"https:\/\/www.yaelandthebags.com\/wp-content\/uploads\/2024\/05\/06182888-F4B9-4AD6-9D86-F03F7C946A2E-e1716467837371-768x768.jpeg\" class=\"attachment-medium_large size-medium_large wp-image-11280\" alt=\"\" srcset=\"https:\/\/www.yaelandthebags.com\/wp-content\/uploads\/2024\/05\/06182888-F4B9-4AD6-9D86-F03F7C946A2E-e1716467837371-768x768.jpeg 768w, https:\/\/www.yaelandthebags.com\/wp-content\/uploads\/2024\/05\/06182888-F4B9-4AD6-9D86-F03F7C946A2E-e1716467837371-300x300.jpeg 300w, https:\/\/www.yaelandthebags.com\/wp-content\/uploads\/2024\/05\/06182888-F4B9-4AD6-9D86-F03F7C946A2E-e1716467837371-1024x1024.jpeg 1024w, https:\/\/www.yaelandthebags.com\/wp-content\/uploads\/2024\/05\/06182888-F4B9-4AD6-9D86-F03F7C946A2E-e1716467837371-150x150.jpeg 150w, https:\/\/www.yaelandthebags.com\/wp-content\/uploads\/2024\/05\/06182888-F4B9-4AD6-9D86-F03F7C946A2E-e1716467837371-12x12.jpeg 12w, https:\/\/www.yaelandthebags.com\/wp-content\/uploads\/2024\/05\/06182888-F4B9-4AD6-9D86-F03F7C946A2E-e1716467837371-600x600.jpeg 600w, https:\/\/www.yaelandthebags.com\/wp-content\/uploads\/2024\/05\/06182888-F4B9-4AD6-9D86-F03F7C946A2E-e1716467837371-100x100.jpeg 100w, https:\/\/www.yaelandthebags.com\/wp-content\/uploads\/2024\/05\/06182888-F4B9-4AD6-9D86-F03F7C946A2E-e1716467837371.jpeg 1429w\" sizes=\"(max-width: 768px) 100vw, 768px\" \/>\t\t\t\t\t\t\t\t\t\t\t\t\t\t\t<\/div>\n\t\t\t\t<\/div>\n\t\t\t\t<div class=\"elementor-element elementor-element-c9a780f elementor-widget elementor-widget-image\" data-id=\"c9a780f\" data-element_type=\"widget\" data-e-type=\"widget\" data-widget_type=\"image.default\">\n\t\t\t\t<div class=\"elementor-widget-container\">\n\t\t\t\t\t\t\t\t\t\t\t\t\t\t\t<img decoding=\"async\" src=\"https:\/\/www.yaelandthebags.com\/wp-content\/uploads\/2024\/12\/ornament-.svg\" title=\"ornament-.svg\" alt=\"ornament-.svg\" loading=\"lazy\" \/>\t\t\t\t\t\t\t\t\t\t\t\t\t\t\t<\/div>\n\t\t\t\t<\/div>\n\t\t\t\t<div class=\"elementor-element elementor-element-ffe5a09 elementor-widget elementor-widget-text-editor\" data-id=\"ffe5a09\" data-element_type=\"widget\" data-e-type=\"widget\" data-widget_type=\"text-editor.default\">\n\t\t\t\t<div class=\"elementor-widget-container\">\n\t\t\t\t\t\t\t\t\t<p class=\"p1\">To see all the bag designs, cushion covers and other products<\/p>\t\t\t\t\t\t\t\t<\/div>\n\t\t\t\t<\/div>\n\t\t\t\t<div class=\"elementor-element elementor-element-4c94ecf elementor-align-center elementor-widget elementor-widget-button\" data-id=\"4c94ecf\" data-element_type=\"widget\" data-e-type=\"widget\" data-widget_type=\"button.default\">\n\t\t\t\t<div class=\"elementor-widget-container\">\n\t\t\t\t\t\t\t\t\t<div class=\"elementor-button-wrapper\">\n\t\t\t\t\t<a class=\"elementor-button elementor-button-link elementor-size-md\" href=\"https:\/\/www.yaelandthebags.com\/en\/product-info\/\">\n\t\t\t\t\t\t<span class=\"elementor-button-content-wrapper\">\n\t\t\t\t\t\t\t\t\t<span class=\"elementor-button-text\">To Product info<\/span>\n\t\t\t\t\t<\/span>\n\t\t\t\t\t<\/a>\n\t\t\t\t<\/div>\n\t\t\t\t\t\t\t\t<\/div>\n\t\t\t\t<\/div>\n\t\t\t\t<\/div>\n\t\t<div class=\"elementor-element elementor-element-8d0f1f4 e-con-full e-flex e-con e-child\" data-id=\"8d0f1f4\" data-element_type=\"container\" data-e-type=\"container\">\n\t\t\t\t<div class=\"elementor-element elementor-element-3a10f01 elementor-widget elementor-widget-heading\" data-id=\"3a10f01\" data-element_type=\"widget\" data-e-type=\"widget\" data-widget_type=\"heading.default\">\n\t\t\t\t<div class=\"elementor-widget-container\">\n\t\t\t\t\t<h2 class=\"elementor-heading-title elementor-size-default\">Judaica - Challah cover and Tallit bag<\/h2>\t\t\t\t<\/div>\n\t\t\t\t<\/div>\n\t\t\t\t<div class=\"elementor-element elementor-element-1f6c203 elementor-widget elementor-widget-image\" data-id=\"1f6c203\" data-element_type=\"widget\" data-e-type=\"widget\" data-widget_type=\"image.default\">\n\t\t\t\t<div class=\"elementor-widget-container\">\n\t\t\t\t\t\t\t\t\t\t\t\t\t\t\t<img decoding=\"async\" width=\"300\" height=\"300\" src=\"https:\/\/www.yaelandthebags.com\/wp-content\/uploads\/2024\/05\/IMG_8893-300x300.jpeg\" class=\"attachment-medium size-medium wp-image-11283\" alt=\"\" srcset=\"https:\/\/www.yaelandthebags.com\/wp-content\/uploads\/2024\/05\/IMG_8893-300x300.jpeg 300w, https:\/\/www.yaelandthebags.com\/wp-content\/uploads\/2024\/05\/IMG_8893-1024x1024.jpeg 1024w, https:\/\/www.yaelandthebags.com\/wp-content\/uploads\/2024\/05\/IMG_8893-150x150.jpeg 150w, https:\/\/www.yaelandthebags.com\/wp-content\/uploads\/2024\/05\/IMG_8893-768x768.jpeg 768w, https:\/\/www.yaelandthebags.com\/wp-content\/uploads\/2024\/05\/IMG_8893-1536x1536.jpeg 1536w, https:\/\/www.yaelandthebags.com\/wp-content\/uploads\/2024\/05\/IMG_8893-2048x2048.jpeg 2048w, https:\/\/www.yaelandthebags.com\/wp-content\/uploads\/2024\/05\/IMG_8893-12x12.jpeg 12w, https:\/\/www.yaelandthebags.com\/wp-content\/uploads\/2024\/05\/IMG_8893-600x600.jpeg 600w, https:\/\/www.yaelandthebags.com\/wp-content\/uploads\/2024\/05\/IMG_8893-100x100.jpeg 100w\" sizes=\"(max-width: 300px) 100vw, 300px\" \/>\t\t\t\t\t\t\t\t\t\t\t\t\t\t\t<\/div>\n\t\t\t\t<\/div>\n\t\t\t\t<div class=\"elementor-element elementor-element-f8bd20d elementor-widget elementor-widget-image\" data-id=\"f8bd20d\" data-element_type=\"widget\" data-e-type=\"widget\" data-widget_type=\"image.default\">\n\t\t\t\t<div class=\"elementor-widget-container\">\n\t\t\t\t\t\t\t\t\t\t\t\t\t\t\t<img decoding=\"async\" src=\"https:\/\/www.yaelandthebags.com\/wp-content\/uploads\/2024\/12\/ornament-.svg\" title=\"ornament-.svg\" alt=\"ornament-.svg\" loading=\"lazy\" \/>\t\t\t\t\t\t\t\t\t\t\t\t\t\t\t<\/div>\n\t\t\t\t<\/div>\n\t\t\t\t<div class=\"elementor-element elementor-element-05339dc elementor-align-center elementor-widget elementor-widget-button\" data-id=\"05339dc\" data-element_type=\"widget\" data-e-type=\"widget\" data-widget_type=\"button.default\">\n\t\t\t\t<div class=\"elementor-widget-container\">\n\t\t\t\t\t\t\t\t\t<div class=\"elementor-button-wrapper\">\n\t\t\t\t\t<a class=\"elementor-button elementor-button-link elementor-size-md\" href=\"https:\/\/www.yaelandthebags.com\/en\/challahduk\/\">\n\t\t\t\t\t\t<span class=\"elementor-button-content-wrapper\">\n\t\t\t\t\t\t\t\t\t<span class=\"elementor-button-text\">To Challah cover and Tallit bag<\/span>\n\t\t\t\t\t<\/span>\n\t\t\t\t\t<\/a>\n\t\t\t\t<\/div>\n\t\t\t\t\t\t\t\t<\/div>\n\t\t\t\t<\/div>\n\t\t\t\t<\/div>\n\t\t\t\t\t<\/div>\n\t\t\t\t<\/div>\n\t\t<div class=\"elementor-element elementor-element-c201035 e-flex e-con-boxed e-con e-parent\" data-id=\"c201035\" data-element_type=\"container\" data-e-type=\"container\" data-settings=\"{&quot;background_background&quot;:&quot;classic&quot;}\">\n\t\t\t\t\t<div class=\"e-con-inner\">\n\t\t\t\t<div class=\"elementor-element elementor-element-c888b0e elementor-widget__width-inherit elementor-widget elementor-widget-text-editor\" data-id=\"c888b0e\" data-element_type=\"widget\" data-e-type=\"widget\" data-widget_type=\"text-editor.default\">\n\t\t\t\t<div class=\"elementor-widget-container\">\n\t\t\t\t\t\t\t\t\t<p><strong>If you have questions please contact me via email: info@yaelandthebags.com <a href=\"mailto:info@yaelandthebags.com\">info@yaelandthebags.com<\/a><\/strong><\/p>\t\t\t\t\t\t\t\t<\/div>\n\t\t\t\t<\/div>\n\t\t\t\t\t<\/div>\n\t\t\t\t<\/div>\n\t\t<div class=\"elementor-element elementor-element-f8f32dc e-flex e-con-boxed e-con e-parent\" data-id=\"f8f32dc\" data-element_type=\"container\" data-e-type=\"container\">\n\t\t\t\t\t<div class=\"e-con-inner\">\n\t\t\t\t\t<\/div>\n\t\t\t\t<\/div>\n\t\t\t\t<\/div>","protected":false},"excerpt":{"rendered":"<p>Mitt skapande \u00e4r v\u00e4ldigt personligt, det speglar min person, mina passioner och min blandade bakgrund. Sverige och det svenska textilarvet har s\u00e5klart stor plats i mitt hj\u00e4rta men lika stor betydelse har mitt judiska och israeliska arv. Sedan den 7 oktober 2023 och den fruktansv\u00e4rda massakern p\u00e5 israeler har det judiska och israeliska uttrycket i&hellip;<\/p>","protected":false},"author":5,"featured_media":0,"parent":0,"menu_order":0,"comment_status":"closed","ping_status":"closed","template":"","meta":{"footnotes":""},"class_list":["post-11245","page","type-page","status-publish","hentry"],"_links":{"self":[{"href":"https:\/\/www.yaelandthebags.com\/en\/wp-json\/wp\/v2\/pages\/11245","targetHints":{"allow":["GET"]}}],"collection":[{"href":"https:\/\/www.yaelandthebags.com\/en\/wp-json\/wp\/v2\/pages"}],"about":[{"href":"https:\/\/www.yaelandthebags.com\/en\/wp-json\/wp\/v2\/types\/page"}],"author":[{"embeddable":true,"href":"https:\/\/www.yaelandthebags.com\/en\/wp-json\/wp\/v2\/users\/5"}],"replies":[{"embeddable":true,"href":"https:\/\/www.yaelandthebags.com\/en\/wp-json\/wp\/v2\/comments?post=11245"}],"version-history":[{"count":6,"href":"https:\/\/www.yaelandthebags.com\/en\/wp-json\/wp\/v2\/pages\/11245\/revisions"}],"predecessor-version":[{"id":49639,"href":"https:\/\/www.yaelandthebags.com\/en\/wp-json\/wp\/v2\/pages\/11245\/revisions\/49639"}],"wp:attachment":[{"href":"https:\/\/www.yaelandthebags.com\/en\/wp-json\/wp\/v2\/media?parent=11245"}],"curies":[{"name":"wp","href":"https:\/\/api.w.org\/{rel}","templated":true}]}}