{"id":1794,"date":"2023-04-26T10:58:37","date_gmt":"2023-04-26T08:58:37","guid":{"rendered":"https:\/\/www.yaelandthebags.com\/?page_id=1794"},"modified":"2023-05-15T10:25:51","modified_gmt":"2023-05-15T08:25:51","slug":"elementor-1794","status":"publish","type":"page","link":"https:\/\/www.yaelandthebags.com\/en\/elementor-1794\/","title":{"rendered":"Privacy policy"},"content":{"rendered":"<div data-elementor-type=\"wp-page\" data-elementor-id=\"1794\" class=\"elementor elementor-1794\" data-elementor-post-type=\"page\">\n\t\t\t\t\t\t<section class=\"elementor-section elementor-top-section elementor-element elementor-element-26e252c elementor-section-boxed elementor-section-height-default elementor-section-height-default\" data-id=\"26e252c\" data-element_type=\"section\" data-e-type=\"section\">\n\t\t\t\t\t\t<div class=\"elementor-container elementor-column-gap-default\">\n\t\t\t\t\t<div class=\"elementor-column elementor-col-100 elementor-top-column elementor-element elementor-element-e87a0dd\" data-id=\"e87a0dd\" data-element_type=\"column\" data-e-type=\"column\">\n\t\t\t<div class=\"elementor-widget-wrap elementor-element-populated\">\n\t\t\t\t\t\t<div class=\"elementor-element elementor-element-0b181ab elementor-widget elementor-widget-heading\" data-id=\"0b181ab\" data-element_type=\"widget\" data-e-type=\"widget\" data-widget_type=\"heading.default\">\n\t\t\t\t<div class=\"elementor-widget-container\">\n\t\t\t\t\t<h2 class=\"elementor-heading-title elementor-size-default\">Privacy policy<\/h2>\t\t\t\t<\/div>\n\t\t\t\t<\/div>\n\t\t\t\t<div class=\"elementor-element elementor-element-0c989f1 elementor-widget elementor-widget-text-editor\" data-id=\"0c989f1\" data-element_type=\"widget\" data-e-type=\"widget\" data-widget_type=\"text-editor.default\">\n\t\t\t\t<div class=\"elementor-widget-container\">\n\t\t\t\t\t\t\t\t\t<p class=\"translation-block\">We work to ensure a high level of data protection that safeguards your personal integrity when using our website. This privacy policy explains how your personal data is processed and protected, your rights and how to exercise them. We strive to ensure that you feel secure in our processing of your personal data. If you have any questions, please feel free to contact us. Our contact details can be found at the bottom of this page.<\/p><p><strong>Controller of personal data\u00a0<\/strong><\/p><p class=\"translation-block\">Yael &amp; the bags, organization number 7704144067, Ernst Wigforssgata 66, 22762 Lund, is responsible for the personal data you provide to us through purchases and other contacts with us, and is responsible for its processing.<\/p><p><strong>How your personal data is stored\u00a0<\/strong><\/p><p class=\"translation-block\">We strive to process your personal data to the highest degree possible within the European Economic Area (EEA) and all our own IT systems, but may also be transferred and processed in a country outside the EEA (a \"third country\"). Such transfer only occurs to recipient countries with adequate protection levels and in accordance with applicable legislation. If transfer is made to a US service partner, it is done only to companies covered by the so-called \"Privacy Shield,\" which is an agreement on the protection of personal data between the EU and the US.<\/p><p><strong>Personal data we collect\u00a0<\/strong><\/p><p class=\"translation-block\">We collect personal data that you provide to us when you place orders on our website, sign up for our newsletter or participate in any contests. The personal data you provide to us may, for example, include contact information and payment information. We may also collect certain personal data from external partners, such as address information from public records and creditworthiness information from credit rating agencies, banks, or credit reporting agencies.<\/p><p><strong>How we use your personal data\u00a0<\/strong><\/p><p class=\"translation-block\">We may use your personal data for the following purposes:<\/p><p class=\"translation-block\">- Processing of orders and returns in our webshop<\/p><p><span data-contrast=\"none\">- SMS notifications regarding delivery status<\/span><span data-ccp-props=\"{&quot;134233117&quot;:false,&quot;134233118&quot;:false,&quot;134245417&quot;:true,&quot;134245418&quot;:false,&quot;134245529&quot;:false,&quot;201341983&quot;:0,&quot;335551550&quot;:1,&quot;335551620&quot;:1,&quot;335559685&quot;:0,&quot;335559731&quot;:0,&quot;335559737&quot;:0,&quot;335559738&quot;:0,&quot;335559740&quot;:240}\">\u00a0<\/span><\/p><p class=\"translation-block\">- Contacts regarding any problems with your delivery<\/p><p class=\"translation-block\">- Correspondence regarding questions and other information<\/p><p class=\"translation-block\">- Distribution of offers in the form of newsletters, always with instructions on how to unsubscribe from further mailings<\/p><p class=\"translation-block\">- Analysis of purchasing patterns to provide relevant offers and information<\/p><p class=\"translation-block\">- Confirmation of the minimum age required by law to shop online<\/p><p class=\"translation-block\">- Announcement of winners in contests we organize<\/p><p class=\"translation-block\">- Any survey broadcasts to improve our services and offerings.<\/p><p class=\"translation-block\">- Work to prevent abuse or other inappropriate use of our website.<\/p><p class=\"translation-block\">We save your information as long as it is necessary to fulfill the above purposes or as long as we are legally obligated to do so. Thereafter, your personal data will be deleted.<\/p><p><span data-ccp-props=\"{&quot;134233117&quot;:false,&quot;134233118&quot;:false,&quot;134245417&quot;:true,&quot;134245418&quot;:false,&quot;134245529&quot;:false,&quot;201341983&quot;:0,&quot;335551550&quot;:1,&quot;335551620&quot;:1,&quot;335559685&quot;:0,&quot;335559731&quot;:0,&quot;335559737&quot;:0,&quot;335559738&quot;:0,&quot;335559740&quot;:240}\">\u00a0<\/span><\/p><p><strong>Your rights\u00a0<\/strong><\/p><p class=\"translation-block\">In order for us to offer the above services and our commitments to you as a customer, we share your personal data with companies that are so-called personal data processors for us. Personal data processors process the information on our behalf and according to our instructions and assist us with IT services, payment services, transportation, and marketing. This only occurs for purposes for which we have collected the information and only to companies that can provide sufficient guarantees regarding security and confidentiality of personal data. We do not forward, sell, or exchange your personal data for marketing purposes to third parties.<\/p><p><strong>Sharing of personal data\u00a0<\/strong><\/p><p class=\"translation-block\">You have the right to request information about the personal data we have about you at any time. If your information is incorrect, incomplete, or irrelevant, you may request that it be corrected or deleted. We cannot delete your information if there is a statutory requirement for storage, such as accounting regulations, or when there are other legitimate reasons for why the information must be kept, such as unpaid invoices. You can revoke your consent at any time to let us use your information for marketing by unsubscribing from our newsletter. You can also contact us by letter or email. See contact details below.<\/p><p><strong>How we protect your personal data\u00a0<\/strong><\/p><p class=\"translation-block\">To ensure your personal data sent to our website is not read by outside parties, all such information is encrypted and sent via a secure connection.<\/p><p><strong>Cookies\u00a0<\/strong><\/p><p class=\"translation-block\">A cookie is a small text file that a website saves on a visitor's computer. Cookies are used on many websites to provide a visitor with access to various functions. The information in a cookie can also be used to track a user's surfing on websites that use the same cookie.<\/p><p><strong>Allowing cookies\u00a0<\/strong><\/p><p class=\"translation-block\">This website uses cookies for functionality crucial to shopping in the store. If you block cookies, you cannot shop in the store. Without cookies, however, you can still view pages and articles in the store, but some features may behave unexpectedly. If you want to shop in the store but do not want any cookies to be saved on your computer when you close your web browser, you can visit the page in private mode. This mode is called different things depending on your web browser: \"Incognito window\" (Chrome), \"Private window\" (Firefox), or \"InPrivate window\" (Microsoft Edge). All cookies set during the visit in private mode will be deleted from your computer when you close your web browser.<\/p><p><strong>How we use cookies\u00a0<\/strong><\/p><p class=\"translation-block\">This website uses cookies to manage items in the shopping cart, login to \"my pages\" and for certain features that should only be displayed once per visitor. If you close your web browser and later return to the store, your settings and items in your shopping cart are saved using cookies. We also use cookies to customize and make information and marketing as relevant as possible for you. Login information on \"my pages\" is stored in a so-called session cookie and is therefore deleted when you close your web browser. Our other cookies do not store information to identify you. We also use cookies as a basis for statistics, such as seeing which articles the same visitor looks at to offer automatic product recommendations.<\/p><p><strong>Third-party cookies\u00a0<\/strong><\/p><p class=\"translation-block\">We use Google Analytics and Ads, which also set cookies, to get an idea of how our visitors use the website and for marketing. These cookies do not contain identifying information about you as a visitor. Our social media links with AddThis for Facebook, Google+, and Instagram also set cookies. These cookies do not contain identifying information about you as a visitor. For more information, see the AddThis privacy policy.<\/p><p><strong>Controller of personal data\u00a0<\/strong><\/p><p><span data-contrast=\"none\">Yael &amp; the bags<\/span><span data-ccp-props=\"{&quot;134233117&quot;:false,&quot;134233118&quot;:false,&quot;134245417&quot;:true,&quot;134245418&quot;:false,&quot;134245529&quot;:false,&quot;201341983&quot;:0,&quot;335551550&quot;:1,&quot;335551620&quot;:1,&quot;335559685&quot;:0,&quot;335559731&quot;:0,&quot;335559737&quot;:0,&quot;335559738&quot;:0,&quot;335559739&quot;:320,&quot;335559740&quot;:240}\">\u00a0<\/span><\/p><p><span data-contrast=\"none\">Organization number <\/span><span data-contrast=\"none\">770414-4067<\/span><span data-ccp-props=\"{&quot;134233117&quot;:false,&quot;134233118&quot;:false,&quot;134245417&quot;:true,&quot;134245418&quot;:false,&quot;134245529&quot;:false,&quot;201341983&quot;:0,&quot;335551550&quot;:1,&quot;335551620&quot;:1,&quot;335559685&quot;:0,&quot;335559731&quot;:0,&quot;335559737&quot;:0,&quot;335559738&quot;:0,&quot;335559739&quot;:320,&quot;335559740&quot;:240}\">\u00a0<\/span><\/p><p><span data-contrast=\"none\">Ernst Wigforssgata 66<\/span><span data-ccp-props=\"{&quot;134233117&quot;:false,&quot;134233118&quot;:false,&quot;134245417&quot;:true,&quot;134245418&quot;:false,&quot;134245529&quot;:false,&quot;201341983&quot;:0,&quot;335551550&quot;:1,&quot;335551620&quot;:1,&quot;335559685&quot;:0,&quot;335559731&quot;:0,&quot;335559737&quot;:0,&quot;335559738&quot;:0,&quot;335559739&quot;:320,&quot;335559740&quot;:240}\">\u00a0<\/span><\/p><p><span data-contrast=\"none\">22762 Lund\/Sweden<\/span><span data-ccp-props=\"{&quot;134233117&quot;:false,&quot;134233118&quot;:false,&quot;134245417&quot;:true,&quot;134245418&quot;:false,&quot;134245529&quot;:false,&quot;201341983&quot;:0,&quot;335551550&quot;:1,&quot;335551620&quot;:1,&quot;335559685&quot;:0,&quot;335559731&quot;:0,&quot;335559737&quot;:0,&quot;335559738&quot;:0,&quot;335559739&quot;:320,&quot;335559740&quot;:240}\">\u00a0<\/span><\/p><p><span data-contrast=\"none\">Sweden<\/span><span data-ccp-props=\"{&quot;134233117&quot;:false,&quot;134233118&quot;:false,&quot;134245417&quot;:true,&quot;134245418&quot;:false,&quot;134245529&quot;:false,&quot;201341983&quot;:0,&quot;335551550&quot;:1,&quot;335551620&quot;:1,&quot;335559685&quot;:0,&quot;335559731&quot;:0,&quot;335559737&quot;:0,&quot;335559738&quot;:0,&quot;335559739&quot;:320,&quot;335559740&quot;:240}\">\u00a0<\/span><\/p><p><span data-contrast=\"none\">E-post: info<\/span><span data-contrast=\"none\">@yaelandthebags.com<\/span><span data-ccp-props=\"{&quot;134233117&quot;:false,&quot;134233118&quot;:false,&quot;134245417&quot;:true,&quot;134245418&quot;:false,&quot;134245529&quot;:false,&quot;201341983&quot;:0,&quot;335551550&quot;:1,&quot;335551620&quot;:1,&quot;335559685&quot;:0,&quot;335559731&quot;:0,&quot;335559737&quot;:0,&quot;335559738&quot;:0,&quot;335559739&quot;:320,&quot;335559740&quot;:240}\">\u00a0<\/span><\/p><p><span data-contrast=\"none\">This policy was updated 20230503<\/span><\/p>\t\t\t\t\t\t\t\t<\/div>\n\t\t\t\t<\/div>\n\t\t\t\t\t<\/div>\n\t\t<\/div>\n\t\t\t\t\t<\/div>\n\t\t<\/section>\n\t\t\t\t<\/div>","protected":false},"excerpt":{"rendered":"<p>Integritetspolicy Vi arbetar f\u00f6r att s\u00e4kerst\u00e4lla en h\u00f6g niv\u00e5 av dataskydd som v\u00e4rnar om din personliga integritet vid anv\u00e4ndning av v\u00e5r webbplats. Denna integritetspolicy f\u00f6rklarar d\u00e4rf\u00f6r hur dina personuppgifter bearbetas och skyddas, dina r\u00e4ttigheter och hur du kan g\u00f6ra dem g\u00e4llande. Vi str\u00e4var efter att du ska k\u00e4nna dig trygg i v\u00e5r behandling av dina&hellip;<\/p>","protected":false},"author":5,"featured_media":0,"parent":0,"menu_order":0,"comment_status":"closed","ping_status":"closed","template":"","meta":{"footnotes":""},"class_list":["post-1794","page","type-page","status-publish","hentry"],"_links":{"self":[{"href":"https:\/\/www.yaelandthebags.com\/en\/wp-json\/wp\/v2\/pages\/1794","targetHints":{"allow":["GET"]}}],"collection":[{"href":"https:\/\/www.yaelandthebags.com\/en\/wp-json\/wp\/v2\/pages"}],"about":[{"href":"https:\/\/www.yaelandthebags.com\/en\/wp-json\/wp\/v2\/types\/page"}],"author":[{"embeddable":true,"href":"https:\/\/www.yaelandthebags.com\/en\/wp-json\/wp\/v2\/users\/5"}],"replies":[{"embeddable":true,"href":"https:\/\/www.yaelandthebags.com\/en\/wp-json\/wp\/v2\/comments?post=1794"}],"version-history":[{"count":0,"href":"https:\/\/www.yaelandthebags.com\/en\/wp-json\/wp\/v2\/pages\/1794\/revisions"}],"wp:attachment":[{"href":"https:\/\/www.yaelandthebags.com\/en\/wp-json\/wp\/v2\/media?parent=1794"}],"curies":[{"name":"wp","href":"https:\/\/api.w.org\/{rel}","templated":true}]}}