{"id":1800,"date":"2023-04-26T11:01:47","date_gmt":"2023-04-26T09:01:47","guid":{"rendered":"https:\/\/www.yaelandthebags.com\/?page_id=1800"},"modified":"2025-02-23T16:43:42","modified_gmt":"2025-02-23T15:43:42","slug":"elementor-1800","status":"publish","type":"page","link":"https:\/\/www.yaelandthebags.com\/en\/elementor-1800\/","title":{"rendered":"Shipping"},"content":{"rendered":"<div data-elementor-type=\"wp-page\" data-elementor-id=\"1800\" class=\"elementor elementor-1800\" data-elementor-post-type=\"page\">\n\t\t\t\t<div class=\"elementor-element elementor-element-e324ba0 e-flex e-con-boxed e-con e-parent\" data-id=\"e324ba0\" data-element_type=\"container\" data-e-type=\"container\">\n\t\t\t\t\t<div class=\"e-con-inner\">\n\t\t<div class=\"elementor-element elementor-element-d76fd6d e-con-full e-flex e-con e-child\" data-id=\"d76fd6d\" data-element_type=\"container\" data-e-type=\"container\">\n\t\t\t\t<div class=\"elementor-element elementor-element-68f8ba7 elementor-widget elementor-widget-text-editor\" data-id=\"68f8ba7\" data-element_type=\"widget\" data-e-type=\"widget\" data-widget_type=\"text-editor.default\">\n\t\t\t\t<div class=\"elementor-widget-container translation-block\">All items are shipped from Sweden through Postnord and their My Pack Home Small which is trackable and will be either delivered to your door or to the nearest post office. The current fixed price is 79kr.<\/div>\n\t\t\t\t<\/div>\n\t\t\t\t<div class=\"elementor-element elementor-element-e4f003b elementor-widget elementor-widget-text-editor\" data-id=\"e4f003b\" data-element_type=\"widget\" data-e-type=\"widget\" data-widget_type=\"text-editor.default\">\n\t\t\t\t<div class=\"elementor-widget-container\">\n\t\t\t\t\t\t\t\t\t<p class=\"p1\">International orders are shipped with Postnord traceable tracking number and the current fixed price is 135 kr.\u00a0<\/p><p class=\"p1\">Yael &amp; the bags is not responsible for items being lost in shipment, nor when items are delivered via tracking but item is not found by recipient. Once the item has left our facility, it is in the hands of Postnord and all following action will need to be taken with local post facilities.\u00a0\u00a0<\/p><p class=\"p1\">Non-collected items\u00a0<\/p>\t\t\t\t\t\t\t\t<\/div>\n\t\t\t\t<\/div>\n\t\t\t\t<div class=\"elementor-element elementor-element-161bff2 elementor-widget elementor-widget-text-editor\" data-id=\"161bff2\" data-element_type=\"widget\" data-e-type=\"widget\" data-widget_type=\"text-editor.default\">\n\t\t\t\t<div class=\"elementor-widget-container\">\n\t\t\t\t\t\t\t\t\t<p class=\"translation-block\">If a delivered package is not collected due to incorrect address\/unclaimed\/etc we reserve the right to charge you a fee covering the entire cost of the shipping as well as any additional penalty and processing fees. Non-collected packages are normally not covered by the right to return items.<\/p><p class=\"translation-block\">All pre- made items will ship within a 5 business days of purchasing. Custom made items take 2-6 weeks to make and will be shipped within a 7 business days of completion.<\/p>\t\t\t\t\t\t\t\t<\/div>\n\t\t\t\t<\/div>\n\t\t\t\t<\/div>\n\t\t\t\t\t<\/div>\n\t\t\t\t<\/div>\n\t\t\t\t<\/div>","protected":false},"excerpt":{"rendered":"<p>Alla varor inom Sverige skickas via Postnords &#8221;My Pack Home Small&#8221;, vilket \u00e4r sp\u00e5rbart och levereras antingen till din d\u00f6rr eller till n\u00e4rmaste postkontor. Det aktuella fasta fraktpriset \u00e4r 79 kr. Internationella best\u00e4llningar skickas med Postnord sp\u00e5rbart med sp\u00e5rningsnummer och det aktuella fasta priset \u00e4r 135 kr.\u00a0 Yael &amp; the bags ansvarar inte f\u00f6r f\u00f6rlust&hellip;<\/p>","protected":false},"author":5,"featured_media":0,"parent":0,"menu_order":0,"comment_status":"closed","ping_status":"closed","template":"","meta":{"footnotes":""},"class_list":["post-1800","page","type-page","status-publish","hentry"],"_links":{"self":[{"href":"https:\/\/www.yaelandthebags.com\/en\/wp-json\/wp\/v2\/pages\/1800","targetHints":{"allow":["GET"]}}],"collection":[{"href":"https:\/\/www.yaelandthebags.com\/en\/wp-json\/wp\/v2\/pages"}],"about":[{"href":"https:\/\/www.yaelandthebags.com\/en\/wp-json\/wp\/v2\/types\/page"}],"author":[{"embeddable":true,"href":"https:\/\/www.yaelandthebags.com\/en\/wp-json\/wp\/v2\/users\/5"}],"replies":[{"embeddable":true,"href":"https:\/\/www.yaelandthebags.com\/en\/wp-json\/wp\/v2\/comments?post=1800"}],"version-history":[{"count":6,"href":"https:\/\/www.yaelandthebags.com\/en\/wp-json\/wp\/v2\/pages\/1800\/revisions"}],"predecessor-version":[{"id":49908,"href":"https:\/\/www.yaelandthebags.com\/en\/wp-json\/wp\/v2\/pages\/1800\/revisions\/49908"}],"wp:attachment":[{"href":"https:\/\/www.yaelandthebags.com\/en\/wp-json\/wp\/v2\/media?parent=1800"}],"curies":[{"name":"wp","href":"https:\/\/api.w.org\/{rel}","templated":true}]}}