{"id":1806,"date":"2023-04-26T11:02:42","date_gmt":"2023-04-26T09:02:42","guid":{"rendered":"https:\/\/www.yaelandthebags.com\/?page_id=1806"},"modified":"2024-12-19T10:49:45","modified_gmt":"2024-12-19T09:49:45","slug":"elementor-1806","status":"publish","type":"page","link":"https:\/\/www.yaelandthebags.com\/en\/elementor-1806\/","title":{"rendered":"Return policy"},"content":{"rendered":"\t\t<div data-elementor-type=\"wp-page\" data-elementor-id=\"1806\" class=\"elementor elementor-1806\" data-elementor-post-type=\"page\">\n\t\t\t\t<div class=\"elementor-element elementor-element-5326070 e-flex e-con-boxed e-con e-parent\" data-id=\"5326070\" data-element_type=\"container\" data-e-type=\"container\">\n\t\t\t\t\t<div class=\"e-con-inner\">\n\t\t<div class=\"elementor-element elementor-element-32815fa e-con-full e-flex e-con e-child\" data-id=\"32815fa\" data-element_type=\"container\" data-e-type=\"container\">\n\t\t\t\t<div class=\"elementor-element elementor-element-b2de237 elementor-widget elementor-widget-heading\" data-id=\"b2de237\" data-element_type=\"widget\" data-e-type=\"widget\" data-widget_type=\"heading.default\">\n\t\t\t\t<div class=\"elementor-widget-container\">\n\t\t\t\t\t<h2 class=\"elementor-heading-title elementor-size-default\">Returer och \u00e5terbetalning<\/h2>\t\t\t\t<\/div>\n\t\t\t\t<\/div>\n\t\t\t\t<div class=\"elementor-element elementor-element-631809e elementor-widget elementor-widget-text-editor\" data-id=\"631809e\" data-element_type=\"widget\" data-e-type=\"widget\" data-widget_type=\"text-editor.default\">\n\t\t\t\t<div class=\"elementor-widget-container\">\n\t\t\t\t\t\t\t\t\t<p><span data-contrast=\"none\">Om du \u00f6nskar g\u00f6ra en retur, v\u00e4nligen skicka mig ett e-mail till <\/span><a href=\"mailto:info@yaelandthebags.com\"><span data-contrast=\"none\">info@yaelandthebags.com<\/span><\/a><span data-contrast=\"none\"> med ditt namn, adress, e-mailadress, ordernummer och specificera vilken\/vilka produkter returen g\u00e4<\/span><span data-contrast=\"none\">ller f<\/span><span data-contrast=\"none\">\u00f6r.\u00a0<\/span><span data-ccp-props=\"{&quot;134233117&quot;:false,&quot;134233118&quot;:false,&quot;134245417&quot;:true,&quot;134245418&quot;:false,&quot;134245529&quot;:false,&quot;201341983&quot;:0,&quot;335551550&quot;:1,&quot;335551620&quot;:1,&quot;335559685&quot;:0,&quot;335559731&quot;:0,&quot;335559737&quot;:0,&quot;335559740&quot;:240}\">\u00a0<\/span><\/p><p><span data-contrast=\"none\">Du har 14 dagar p\u00e5 dig att kontakta mig f\u00f6r att g\u00f6ra en retur efter att du har mottagit din order.<\/span><span data-ccp-props=\"{&quot;134233117&quot;:false,&quot;134233118&quot;:false,&quot;134245417&quot;:true,&quot;134245418&quot;:false,&quot;134245529&quot;:false,&quot;201341983&quot;:0,&quot;335551550&quot;:1,&quot;335551620&quot;:1,&quot;335559685&quot;:0,&quot;335559731&quot;:0,&quot;335559737&quot;:0,&quot;335559740&quot;:240}\">\u00a0<\/span><\/p><p><span data-contrast=\"none\">Endast oanv\u00e4nda och oskadade varor accepteras vid retur.<\/span><span data-ccp-props=\"{&quot;134233117&quot;:false,&quot;134233118&quot;:false,&quot;134245417&quot;:true,&quot;134245418&quot;:false,&quot;134245529&quot;:false,&quot;201341983&quot;:0,&quot;335551550&quot;:1,&quot;335551620&quot;:1,&quot;335559685&quot;:0,&quot;335559731&quot;:0,&quot;335559737&quot;:0,&quot;335559740&quot;:240}\">\u00a0<\/span><\/p><p><span data-contrast=\"none\">Skicka tillbaka produkterna inom 7 dagar fr<\/span><span data-contrast=\"none\">\u00e5n datumet f<\/span><span data-contrast=\"none\">\u00f6r anm\u00e4lan.<\/span><span data-ccp-props=\"{&quot;134233117&quot;:false,&quot;134233118&quot;:false,&quot;134245417&quot;:true,&quot;134245418&quot;:false,&quot;134245529&quot;:false,&quot;201341983&quot;:0,&quot;335551550&quot;:1,&quot;335551620&quot;:1,&quot;335559685&quot;:0,&quot;335559731&quot;:0,&quot;335559737&quot;:0,&quot;335559740&quot;:240}\">\u00a0<\/span><\/p><p><span data-contrast=\"none\">Du ansvarar f\u00f6r eventuella skador som uppst<\/span><span data-contrast=\"none\">\u00e5<\/span><span data-contrast=\"none\">r vid returfrakten. Jag rekommenderar d\u00e4<\/span><span data-contrast=\"none\">rf<\/span><span data-contrast=\"none\">\u00f6r att du skickar tillbaka produkterna v\u00e4l f\u00f6rpackade, i gott skick och i deras ursprungliga f\u00f6rpackning.<\/span><span data-ccp-props=\"{&quot;134233117&quot;:false,&quot;134233118&quot;:false,&quot;134245417&quot;:true,&quot;134245418&quot;:false,&quot;134245529&quot;:false,&quot;201341983&quot;:0,&quot;335551550&quot;:1,&quot;335551620&quot;:1,&quot;335559685&quot;:0,&quot;335559731&quot;:0,&quot;335559737&quot;:0,&quot;335559740&quot;:240}\">\u00a0<\/span><\/p><p><span data-contrast=\"none\">Om m\u00f6<\/span><span data-contrast=\"none\">jligt, ange en sp\u00e5rningsnummer f<\/span><span data-contrast=\"none\">\u00f6r returfrakten.<\/span><span data-ccp-props=\"{&quot;134233117&quot;:false,&quot;134233118&quot;:false,&quot;134245417&quot;:true,&quot;134245418&quot;:false,&quot;134245529&quot;:false,&quot;201341983&quot;:0,&quot;335551550&quot;:1,&quot;335551620&quot;:1,&quot;335559685&quot;:0,&quot;335559731&quot;:0,&quot;335559737&quot;:0,&quot;335559740&quot;:240}\">\u00a0<\/span><\/p><p><span data-contrast=\"none\">Om en retur hanteras internationellt, m\u00e4<\/span><span data-contrast=\"none\">rk paketet som &#8221;RETURNED GOODS&#8221; f<\/span><span data-contrast=\"none\">\u00f6r att undvika tullavgifter. Jag \u00e4r inte ansvarig f\u00f6r n<\/span><span data-contrast=\"none\">\u00e5<\/span><span data-contrast=\"none\">gra avgifter som tas ut p\u00e5 paket som returneras av tull.<\/span><span data-ccp-props=\"{&quot;134233117&quot;:false,&quot;134233118&quot;:false,&quot;134245417&quot;:true,&quot;134245418&quot;:false,&quot;134245529&quot;:false,&quot;201341983&quot;:0,&quot;335551550&quot;:1,&quot;335551620&quot;:1,&quot;335559685&quot;:0,&quot;335559731&quot;:0,&quot;335559737&quot;:0,&quot;335559740&quot;:240}\">\u00a0<\/span><\/p><p><span data-contrast=\"none\">Om inget annat har avtalats, kommer <\/span><span data-contrast=\"none\">\u00e5<\/span><span data-contrast=\"none\">terbetalningen att behandlas genom samma betalningsmetod som du anv\u00e4<\/span><span data-contrast=\"none\">nde f<\/span><span data-contrast=\"none\">\u00f6r att g\u00f6ra ditt ursprungliga k\u00f6p.<\/span><span data-ccp-props=\"{&quot;134233117&quot;:false,&quot;134233118&quot;:false,&quot;134245417&quot;:true,&quot;134245418&quot;:false,&quot;134245529&quot;:false,&quot;201341983&quot;:0,&quot;335551550&quot;:1,&quot;335551620&quot;:1,&quot;335559685&quot;:0,&quot;335559731&quot;:0,&quot;335559737&quot;:0,&quot;335559740&quot;:240}\">\u00a0<\/span><\/p><p><span data-contrast=\"none\">Om produkten \u00e4r anv\u00e4nd eller skadad, f\u00f6<\/span><span data-contrast=\"none\">rbeh<\/span><span data-contrast=\"none\">\u00e5<\/span><span data-contrast=\"none\">ller jag mig r\u00e4tten att dra av eventuell nedskrivning av v\u00e4rdet vid <\/span><span data-contrast=\"none\">\u00e5<\/span><span data-contrast=\"none\">terbetalningen av produkten.<\/span><span data-ccp-props=\"{&quot;134233117&quot;:false,&quot;134233118&quot;:false,&quot;134245417&quot;:true,&quot;134245418&quot;:false,&quot;134245529&quot;:false,&quot;201341983&quot;:0,&quot;335551550&quot;:1,&quot;335551620&quot;:1,&quot;335559685&quot;:0,&quot;335559731&quot;:0,&quot;335559737&quot;:0,&quot;335559740&quot;:240}\">\u00a0<\/span><\/p>\t\t\t\t\t\t\t\t<\/div>\n\t\t\t\t<\/div>\n\t\t\t\t<div class=\"elementor-element elementor-element-8609396 elementor-widget elementor-widget-heading\" data-id=\"8609396\" data-element_type=\"widget\" data-e-type=\"widget\" data-widget_type=\"heading.default\">\n\t\t\t\t<div class=\"elementor-widget-container\">\n\t\t\t\t\t<h2 class=\"elementor-heading-title elementor-size-default\">N\u00e4r \u00e5ngerr\u00e4tten inte g\u00e4ller\u00a0<\/h2>\t\t\t\t<\/div>\n\t\t\t\t<\/div>\n\t\t\t\t<div class=\"elementor-element elementor-element-94798f9 elementor-widget elementor-widget-text-editor\" data-id=\"94798f9\" data-element_type=\"widget\" data-e-type=\"widget\" data-widget_type=\"text-editor.default\">\n\t\t\t\t<div class=\"elementor-widget-container\">\n\t\t\t\t\t\t\t\t\t<p><span data-contrast=\"none\">Det finns undantag d<\/span><span data-contrast=\"none\">\u00e5 \u00e5<\/span><span data-contrast=\"none\">ngerr<\/span><span data-contrast=\"none\">\u00e4<\/span><span data-contrast=\"none\">tten inte g<\/span><span data-contrast=\"none\">\u00e4ller.\u00a0<\/span><span data-ccp-props=\"{&quot;134233117&quot;:false,&quot;134233118&quot;:false,&quot;134245417&quot;:true,&quot;134245418&quot;:false,&quot;134245529&quot;:false,&quot;201341983&quot;:0,&quot;335551550&quot;:1,&quot;335551620&quot;:1,&quot;335559685&quot;:0,&quot;335559731&quot;:0,&quot;335559737&quot;:0,&quot;335559738&quot;:0,&quot;335559739&quot;:320,&quot;335559740&quot;:240}\">\u00a0<\/span><\/p><p><span data-contrast=\"none\">Exempel p<\/span><span data-contrast=\"none\">\u00e5 <\/span><span data-contrast=\"none\">varor och tj<\/span><span data-contrast=\"none\">\u00e4nster som <\/span><span data-contrast=\"none\">\u00e5ngerr<\/span><span data-contrast=\"none\">\u00e4<\/span><span data-contrast=\"none\">tten inte g<\/span><span data-contrast=\"none\">\u00e4<\/span><span data-contrast=\"none\">ller:<\/span><span data-ccp-props=\"{&quot;134233117&quot;:false,&quot;134233118&quot;:false,&quot;134245417&quot;:true,&quot;134245418&quot;:false,&quot;134245529&quot;:false,&quot;201341983&quot;:0,&quot;335551550&quot;:1,&quot;335551620&quot;:1,&quot;335559685&quot;:0,&quot;335559731&quot;:0,&quot;335559737&quot;:0,&quot;335559738&quot;:0,&quot;335559739&quot;:320,&quot;335559740&quot;:240}\">\u00a0<\/span><\/p><ul><li data-leveltext=\"\u2022\" data-font=\"Helvetica\" data-listid=\"2\" data-list-defn-props=\"{&quot;201340374&quot;:2,&quot;335551500&quot;:5000268,&quot;335552541&quot;:1,&quot;335559684&quot;:-2,&quot;335559685&quot;:720,&quot;335559991&quot;:500,&quot;469769226&quot;:&quot;Helvetica&quot;,&quot;469769242&quot;:[8226],&quot;469777803&quot;:&quot;left&quot;,&quot;469777804&quot;:&quot;\u2022&quot;,&quot;469777815&quot;:&quot;hybridMultilevel&quot;}\" aria-setsize=\"-1\" data-aria-posinset=\"1\" data-aria-level=\"1\"><span data-contrast=\"none\">En tj<\/span><span data-contrast=\"none\">\u00e4<\/span><span data-contrast=\"none\">nst som har fullgjorts och konsumenten uttryckligen har samtyckt till att tj<\/span><span data-contrast=\"none\">\u00e4<\/span><span data-contrast=\"none\">nsten p<\/span><span data-contrast=\"none\">\u00e5<\/span><span data-contrast=\"none\">b<\/span><span data-contrast=\"none\">\u00f6rjas utan <\/span><span data-contrast=\"none\">\u00e5ngerr<\/span><span data-contrast=\"none\">\u00e4tt.<\/span><span data-ccp-props=\"{&quot;134233117&quot;:false,&quot;134233118&quot;:false,&quot;134245417&quot;:true,&quot;134245418&quot;:false,&quot;134245529&quot;:false,&quot;201341983&quot;:0,&quot;335551550&quot;:1,&quot;335551620&quot;:1,&quot;335559737&quot;:0,&quot;335559738&quot;:0,&quot;335559739&quot;:320,&quot;335559740&quot;:240}\">\u00a0<\/span><\/li><li data-leveltext=\"\u2022\" data-font=\"Helvetica\" data-listid=\"2\" data-list-defn-props=\"{&quot;201340374&quot;:2,&quot;335551500&quot;:5000268,&quot;335552541&quot;:1,&quot;335559684&quot;:-2,&quot;335559685&quot;:720,&quot;335559991&quot;:500,&quot;469769226&quot;:&quot;Helvetica&quot;,&quot;469769242&quot;:[8226],&quot;469777803&quot;:&quot;left&quot;,&quot;469777804&quot;:&quot;\u2022&quot;,&quot;469777815&quot;:&quot;hybridMultilevel&quot;}\" aria-setsize=\"-1\" data-aria-posinset=\"2\" data-aria-level=\"1\"><span data-contrast=\"none\">Varor som <\/span><span data-contrast=\"none\">\u00e4<\/span><span data-contrast=\"none\">r specialtillverkade efter konsumentens anvisningar eller som har en tydlig personlig pr<\/span><span data-contrast=\"none\">\u00e4<\/span><span data-contrast=\"none\">gel, till exempel familjefoton.<\/span><span data-ccp-props=\"{&quot;134233117&quot;:false,&quot;134233118&quot;:false,&quot;134245417&quot;:true,&quot;134245418&quot;:false,&quot;134245529&quot;:false,&quot;201341983&quot;:0,&quot;335551550&quot;:1,&quot;335551620&quot;:1,&quot;335559737&quot;:0,&quot;335559738&quot;:0,&quot;335559739&quot;:320,&quot;335559740&quot;:240}\">\u00a0<\/span><\/li><li data-leveltext=\"\u2022\" data-font=\"Helvetica\" data-listid=\"2\" data-list-defn-props=\"{&quot;201340374&quot;:2,&quot;335551500&quot;:5000268,&quot;335552541&quot;:1,&quot;335559684&quot;:-2,&quot;335559685&quot;:720,&quot;335559991&quot;:500,&quot;469769226&quot;:&quot;Helvetica&quot;,&quot;469769242&quot;:[8226],&quot;469777803&quot;:&quot;left&quot;,&quot;469777804&quot;:&quot;\u2022&quot;,&quot;469777815&quot;:&quot;hybridMultilevel&quot;}\" aria-setsize=\"-1\" data-aria-posinset=\"3\" data-aria-level=\"1\"><span data-contrast=\"none\">Reparationstj<\/span><span data-contrast=\"none\">\u00e4<\/span><span data-contrast=\"none\">nster som sker p<\/span><span data-contrast=\"none\">\u00e5 <\/span><span data-contrast=\"none\">konsumentens initiativ och d<\/span><span data-contrast=\"none\">\u00e5 <\/span><span data-contrast=\"none\">konsumenten uttryckligen har beg<\/span><span data-contrast=\"none\">\u00e4<\/span><span data-contrast=\"none\">rt att reparationstj<\/span><span data-contrast=\"none\">\u00e4nsten utf<\/span><span data-contrast=\"none\">\u00f6<\/span><span data-contrast=\"none\">rs under <\/span><span data-contrast=\"none\">\u00e5<\/span><span data-contrast=\"none\">ngerfristen. Konsumenten beh<\/span><span data-contrast=\"none\">\u00f6ver dock inte uttryckligen ha bekr<\/span><span data-contrast=\"none\">\u00e4<\/span><span data-contrast=\"none\">ftat att <\/span><span data-contrast=\"none\">\u00e5ngerr<\/span><span data-contrast=\"none\">\u00e4<\/span><span data-contrast=\"none\">tt saknas.<\/span><span data-ccp-props=\"{&quot;134233117&quot;:false,&quot;134233118&quot;:false,&quot;134245417&quot;:true,&quot;134245418&quot;:false,&quot;134245529&quot;:false,&quot;201341983&quot;:0,&quot;335551550&quot;:1,&quot;335551620&quot;:1,&quot;335559737&quot;:0,&quot;335559738&quot;:0,&quot;335559739&quot;:320,&quot;335559740&quot;:240}\">\u00a0<\/span><\/li><\/ul>\t\t\t\t\t\t\t\t<\/div>\n\t\t\t\t<\/div>\n\t\t\t\t<\/div>\n\t\t\t\t\t<\/div>\n\t\t\t\t<\/div>\n\t\t\t\t<\/div>\n\t\t","protected":false},"excerpt":{"rendered":"<p>Returer och \u00e5terbetalning Om du \u00f6nskar g\u00f6ra en retur, v\u00e4nligen skicka mig ett e-mail till info@yaelandthebags.com med ditt namn, adress, e-mailadress, ordernummer och specificera vilken\/vilka produkter returen g\u00e4ller f\u00f6r.\u00a0\u00a0 Du har 14 dagar p\u00e5 dig att kontakta mig f\u00f6r att g\u00f6ra en retur efter att du har mottagit din order.\u00a0 Endast oanv\u00e4nda och oskadade varor&hellip;<\/p>","protected":false},"author":5,"featured_media":0,"parent":0,"menu_order":0,"comment_status":"closed","ping_status":"closed","template":"","meta":{"footnotes":""},"class_list":["post-1806","page","type-page","status-publish","hentry"],"_links":{"self":[{"href":"https:\/\/www.yaelandthebags.com\/en\/wp-json\/wp\/v2\/pages\/1806","targetHints":{"allow":["GET"]}}],"collection":[{"href":"https:\/\/www.yaelandthebags.com\/en\/wp-json\/wp\/v2\/pages"}],"about":[{"href":"https:\/\/www.yaelandthebags.com\/en\/wp-json\/wp\/v2\/types\/page"}],"author":[{"embeddable":true,"href":"https:\/\/www.yaelandthebags.com\/en\/wp-json\/wp\/v2\/users\/5"}],"replies":[{"embeddable":true,"href":"https:\/\/www.yaelandthebags.com\/en\/wp-json\/wp\/v2\/comments?post=1806"}],"version-history":[{"count":3,"href":"https:\/\/www.yaelandthebags.com\/en\/wp-json\/wp\/v2\/pages\/1806\/revisions"}],"predecessor-version":[{"id":48981,"href":"https:\/\/www.yaelandthebags.com\/en\/wp-json\/wp\/v2\/pages\/1806\/revisions\/48981"}],"wp:attachment":[{"href":"https:\/\/www.yaelandthebags.com\/en\/wp-json\/wp\/v2\/media?parent=1806"}],"curies":[{"name":"wp","href":"https:\/\/api.w.org\/{rel}","templated":true}]}}