{"id":29656,"date":"2020-12-17T18:17:47","date_gmt":"2020-12-17T18:17:47","guid":{"rendered":"https:\/\/www.yaelandthebags.com\/terms-and-conditions\/"},"modified":"2025-02-23T16:42:37","modified_gmt":"2025-02-23T15:42:37","slug":"terms-and-conditions","status":"publish","type":"page","link":"https:\/\/www.yaelandthebags.com\/en\/shop-default\/terms-and-conditions\/","title":{"rendered":"Privacy policy"},"content":{"rendered":"<div data-elementor-type=\"wp-page\" data-elementor-id=\"29656\" class=\"elementor elementor-29656\" data-elementor-post-type=\"page\">\n\t\t\t\t<div class=\"elementor-element elementor-element-a590459 e-flex e-con-boxed e-con e-parent\" data-id=\"a590459\" data-element_type=\"container\" data-e-type=\"container\">\n\t\t\t\t\t<div class=\"e-con-inner\">\n\t\t<div class=\"elementor-element elementor-element-3479959 e-con-full e-flex e-con e-child\" data-id=\"3479959\" data-element_type=\"container\" data-e-type=\"container\">\n\t\t\t\t<div class=\"elementor-element elementor-element-c3fc338 elementor-widget elementor-widget-text-editor\" data-id=\"c3fc338\" data-element_type=\"widget\" data-e-type=\"widget\" data-widget_type=\"text-editor.default\">\n\t\t\t\t<div class=\"elementor-widget-container\">\n\t\t\t\t\t\t\t\t\t<p class=\"translation-block\">We work to ensure a high level of data protection that safeguards your personal integrity when using our website. This privacy policy explains how your personal data is processed and protected, your rights and how to exercise them. We strive to ensure that you feel secure in our processing of your personal data. If you have any questions, please feel free to contact us. Our contact details can be found at the bottom of this page.<\/p>\t\t\t\t\t\t\t\t<\/div>\n\t\t\t\t<\/div>\n\t\t\t\t<div class=\"elementor-element elementor-element-5049d12 elementor-widget elementor-widget-heading\" data-id=\"5049d12\" data-element_type=\"widget\" data-e-type=\"widget\" data-widget_type=\"heading.default\">\n\t\t\t\t<div class=\"elementor-widget-container\">\n\t\t\t\t\t<h3 class=\"elementor-heading-title elementor-size-default\">Controller of personal data<\/h3>\t\t\t\t<\/div>\n\t\t\t\t<\/div>\n\t\t\t\t<div class=\"elementor-element elementor-element-17afc78 elementor-widget elementor-widget-text-editor\" data-id=\"17afc78\" data-element_type=\"widget\" data-e-type=\"widget\" data-widget_type=\"text-editor.default\">\n\t\t\t\t<div class=\"elementor-widget-container\">\n\t\t\t\t\t\t\t\t\t<p class=\"translation-block\">Yael &amp; the bags, organization number 7704144067, Ernst Wigforssgata 66, 22762 Lund, is responsible for the personal data you provide to us through purchases and other contacts with us, and is responsible for its processing.<\/p>\t\t\t\t\t\t\t\t<\/div>\n\t\t\t\t<\/div>\n\t\t\t\t<div class=\"elementor-element elementor-element-e8f1f68 elementor-widget elementor-widget-heading\" data-id=\"e8f1f68\" data-element_type=\"widget\" data-e-type=\"widget\" data-widget_type=\"heading.default\">\n\t\t\t\t<div class=\"elementor-widget-container\">\n\t\t\t\t\t<h3 class=\"elementor-heading-title elementor-size-default\">How your personal data is stored<\/h3>\t\t\t\t<\/div>\n\t\t\t\t<\/div>\n\t\t\t\t<div class=\"elementor-element elementor-element-9934504 elementor-widget elementor-widget-text-editor\" data-id=\"9934504\" data-element_type=\"widget\" data-e-type=\"widget\" data-widget_type=\"text-editor.default\">\n\t\t\t\t<div class=\"elementor-widget-container\">\n\t\t\t\t\t\t\t\t\t<p class=\"translation-block\">We strive to process your personal data to the highest degree possible within the European Economic Area (EEA) and all our own IT systems, but may also be transferred and processed in a country outside the EEA (a \"third country\"). Such transfer only occurs to recipient countries with adequate protection levels and in accordance with applicable legislation. If transfer is made to a US service partner, it is done only to companies covered by the so-called \"Privacy Shield,\" which is an agreement on the protection of personal data between the EU and the US.<\/p>\t\t\t\t\t\t\t\t<\/div>\n\t\t\t\t<\/div>\n\t\t\t\t<div class=\"elementor-element elementor-element-747db61 elementor-widget elementor-widget-heading\" data-id=\"747db61\" data-element_type=\"widget\" data-e-type=\"widget\" data-widget_type=\"heading.default\">\n\t\t\t\t<div class=\"elementor-widget-container\">\n\t\t\t\t\t<h3 class=\"elementor-heading-title elementor-size-default\">Personal data we collect<\/h3>\t\t\t\t<\/div>\n\t\t\t\t<\/div>\n\t\t\t\t<div class=\"elementor-element elementor-element-41f2e45 elementor-widget elementor-widget-text-editor\" data-id=\"41f2e45\" data-element_type=\"widget\" data-e-type=\"widget\" data-widget_type=\"text-editor.default\">\n\t\t\t\t<div class=\"elementor-widget-container\">\n\t\t\t\t\t\t\t\t\t<p class=\"translation-block\">We collect personal data that you provide to us when you place orders on our website, sign up for our newsletter or participate in any contests. The personal data you provide to us may, for example, include contact information and payment information. We may also collect certain personal data from external partners, such as address information from public records and creditworthiness information from credit rating agencies, banks, or credit reporting agencies.<\/p>\t\t\t\t\t\t\t\t<\/div>\n\t\t\t\t<\/div>\n\t\t\t\t<div class=\"elementor-element elementor-element-c75d805 elementor-widget elementor-widget-heading\" data-id=\"c75d805\" data-element_type=\"widget\" data-e-type=\"widget\" data-widget_type=\"heading.default\">\n\t\t\t\t<div class=\"elementor-widget-container\">\n\t\t\t\t\t<h3 class=\"elementor-heading-title elementor-size-default\">How we use your personal data<\/h3>\t\t\t\t<\/div>\n\t\t\t\t<\/div>\n\t\t\t\t<div class=\"elementor-element elementor-element-4df6308 elementor-widget elementor-widget-text-editor\" data-id=\"4df6308\" data-element_type=\"widget\" data-e-type=\"widget\" data-widget_type=\"text-editor.default\">\n\t\t\t\t<div class=\"elementor-widget-container\">\n\t\t\t\t\t\t\t\t\t<p class=\"translation-block\">When we might need to use your personal data:<\/p><ul><li class=\"translation-block\">- Processing of orders and returns in our webshop<\/li><li><span data-contrast=\"none\">- SMS notifications regarding delivery status<\/span><span data-ccp-props=\"{&quot;134233117&quot;:false,&quot;134233118&quot;:false,&quot;134245417&quot;:true,&quot;134245418&quot;:false,&quot;134245529&quot;:false,&quot;201341983&quot;:0,&quot;335551550&quot;:1,&quot;335551620&quot;:1,&quot;335559685&quot;:0,&quot;335559731&quot;:0,&quot;335559737&quot;:0,&quot;335559738&quot;:0,&quot;335559740&quot;:240}\">\u00a0<\/span><\/li><li class=\"translation-block\">- Contacts regarding any problems with your delivery<\/li><li class=\"translation-block\">- Correspondence regarding questions and other information<\/li><li class=\"translation-block\">- Distribution of offers in the form of newsletters, always with instructions on how to unsubscribe from further mailings<\/li><li class=\"translation-block\">- Analysis of purchasing patterns to provide relevant offers and information<\/li><li class=\"translation-block\">- Confirmation of the minimum age required by law to shop online<\/li><li class=\"translation-block\">- Announcement of winners in contests we organize<\/li><li class=\"translation-block\">- Any survey broadcasts to improve our services and offerings.<\/li><li class=\"translation-block\">- Work to prevent abuse or other inappropriate use of our website.<\/li><\/ul><p class=\"translation-block\">We save your information as long as it is necessary to fulfill the above purposes or as long as we are legally obligated to do so. Thereafter, your personal data will be deleted.<\/p>\t\t\t\t\t\t\t\t<\/div>\n\t\t\t\t<\/div>\n\t\t\t\t<div class=\"elementor-element elementor-element-155c264 elementor-widget elementor-widget-heading\" data-id=\"155c264\" data-element_type=\"widget\" data-e-type=\"widget\" data-widget_type=\"heading.default\">\n\t\t\t\t<div class=\"elementor-widget-container\">\n\t\t\t\t\t<h3 class=\"elementor-heading-title elementor-size-default\">Your rights<\/h3>\t\t\t\t<\/div>\n\t\t\t\t<\/div>\n\t\t\t\t<div class=\"elementor-element elementor-element-63b710b elementor-widget elementor-widget-text-editor\" data-id=\"63b710b\" data-element_type=\"widget\" data-e-type=\"widget\" data-widget_type=\"text-editor.default\">\n\t\t\t\t<div class=\"elementor-widget-container\">\n\t\t\t\t\t\t\t\t\t<p class=\"translation-block\">In order for us to offer the above services and our commitments to you as a customer, we share your personal data with companies that are so-called personal data processors for us. Personal data processors process the information on our behalf and according to our instructions and assist us with IT services, payment services, transportation, and marketing. This only occurs for purposes for which we have collected the information and only to companies that can provide sufficient guarantees regarding security and confidentiality of personal data. We do not forward, sell, or exchange your personal data for marketing purposes to third parties.<\/p>\t\t\t\t\t\t\t\t<\/div>\n\t\t\t\t<\/div>\n\t\t\t\t<div class=\"elementor-element elementor-element-c11ffe4 elementor-widget elementor-widget-heading\" data-id=\"c11ffe4\" data-element_type=\"widget\" data-e-type=\"widget\" data-widget_type=\"heading.default\">\n\t\t\t\t<div class=\"elementor-widget-container\">\n\t\t\t\t\t<h3 class=\"elementor-heading-title elementor-size-default\">Sharing of personal data<\/h3>\t\t\t\t<\/div>\n\t\t\t\t<\/div>\n\t\t\t\t<div class=\"elementor-element elementor-element-3686fe6 elementor-widget elementor-widget-text-editor\" data-id=\"3686fe6\" data-element_type=\"widget\" data-e-type=\"widget\" data-widget_type=\"text-editor.default\">\n\t\t\t\t<div class=\"elementor-widget-container\">\n\t\t\t\t\t\t\t\t\t<p class=\"translation-block\">You have the right to request information about the personal data we have about you at any time. If your information is incorrect, incomplete, or irrelevant, you may request that it be corrected or deleted. We cannot delete your information if there is a statutory requirement for storage, such as accounting regulations, or when there are other legitimate reasons for why the information must be kept, such as unpaid invoices. You can revoke your consent at any time to let us use your information for marketing by unsubscribing from our newsletter. You can also contact us by letter or email. See contact details below.<\/p>\t\t\t\t\t\t\t\t<\/div>\n\t\t\t\t<\/div>\n\t\t\t\t<div class=\"elementor-element elementor-element-cf37184 elementor-widget elementor-widget-heading\" data-id=\"cf37184\" data-element_type=\"widget\" data-e-type=\"widget\" data-widget_type=\"heading.default\">\n\t\t\t\t<div class=\"elementor-widget-container\">\n\t\t\t\t\t<h3 class=\"elementor-heading-title elementor-size-default\">Allowing cookies<\/h3>\t\t\t\t<\/div>\n\t\t\t\t<\/div>\n\t\t\t\t<div class=\"elementor-element elementor-element-67cf17b elementor-widget elementor-widget-text-editor\" data-id=\"67cf17b\" data-element_type=\"widget\" data-e-type=\"widget\" data-widget_type=\"text-editor.default\">\n\t\t\t\t<div class=\"elementor-widget-container\">\n\t\t\t\t\t\t\t\t\t<p><span data-contrast=\"none\">Our website uses cookies. A cookie is a file that contains an identifier (a string of letters and numbers) sent by a Web server to a web browser and stored by the browser. The identifier is then sent back to the server each time the browser requests a page from the server. Cookies can be either \"constant cookies\" or \"session cookies\": a constant cookie is stored by a web browser and remains valid until the specified expiration date, unless deleted by the user before the expiration date; a session cookie, on the other hand, will expire at the end of the user session, when the browser is closed. Cookies do not usually contain information that personally identifies a user, but personal information that we store about you may be linked to the information stored in and obtained from cookies.\u00a0\u2028\u00a0 <\/span><span data-ccp-props=\"{&quot;134233117&quot;:false,&quot;134233118&quot;:false,&quot;134245417&quot;:true,&quot;134245418&quot;:false,&quot;134245529&quot;:false,&quot;201341983&quot;:0,&quot;335551550&quot;:1,&quot;335551620&quot;:1,&quot;335559685&quot;:0,&quot;335559731&quot;:0,&quot;335559737&quot;:0,&quot;335559738&quot;:0,&quot;335559739&quot;:320,&quot;335559740&quot;:240}\">\u00a0<\/span><\/p>\t\t\t\t\t\t\t\t<\/div>\n\t\t\t\t<\/div>\n\t\t\t\t<div class=\"elementor-element elementor-element-4877cd1 elementor-widget elementor-widget-heading\" data-id=\"4877cd1\" data-element_type=\"widget\" data-e-type=\"widget\" data-widget_type=\"heading.default\">\n\t\t\t\t<div class=\"elementor-widget-container\">\n\t\t\t\t\t<h3 class=\"elementor-heading-title elementor-size-default\">How we use cookies<\/h3>\t\t\t\t<\/div>\n\t\t\t\t<\/div>\n\t\t\t\t<div class=\"elementor-element elementor-element-31369ad elementor-widget elementor-widget-text-editor\" data-id=\"31369ad\" data-element_type=\"widget\" data-e-type=\"widget\" data-widget_type=\"text-editor.default\">\n\t\t\t\t<div class=\"elementor-widget-container\">\n\t\t\t\t\t\t\t\t\t<p><span data-ccp-props=\"{&quot;134233117&quot;:false,&quot;134233118&quot;:false,&quot;134245417&quot;:true,&quot;134245418&quot;:false,&quot;134245529&quot;:false,&quot;201341983&quot;:0,&quot;335551550&quot;:1,&quot;335551620&quot;:1,&quot;335559685&quot;:0,&quot;335559731&quot;:0,&quot;335559737&quot;:0,&quot;335559738&quot;:0,&quot;335559739&quot;:320,&quot;335559740&quot;:240}\">This website uses cookies to manage items in the shopping basket, login to \"my pages\" and for certain features that should only be displayed once per visitor. If you close your browser and come back to the shop later, your settings and items in the shopping basket will be saved using cookies. We also use cookies to personalise and make information and marketing as relevant as possible to you. The information about logging in to \"my pages\" is stored in a so-called session cookie and is therefore deleted when you close your browser. Our other cookies do not store information to identify you. We also use cookies for statistical purposes, for example, to see which articles the same visitors are looking at in order to offer automatic product recommendations.\u00a0 <\/span><\/p>\t\t\t\t\t\t\t\t<\/div>\n\t\t\t\t<\/div>\n\t\t\t\t<div class=\"elementor-element elementor-element-b88cf5d elementor-widget elementor-widget-heading\" data-id=\"b88cf5d\" data-element_type=\"widget\" data-e-type=\"widget\" data-widget_type=\"heading.default\">\n\t\t\t\t<div class=\"elementor-widget-container\">\n\t\t\t\t\t<h3 class=\"elementor-heading-title elementor-size-default\">Third-party cookies<\/h3>\t\t\t\t<\/div>\n\t\t\t\t<\/div>\n\t\t\t\t<div class=\"elementor-element elementor-element-cc9eae5 elementor-widget elementor-widget-text-editor\" data-id=\"cc9eae5\" data-element_type=\"widget\" data-e-type=\"widget\" data-widget_type=\"text-editor.default\">\n\t\t\t\t<div class=\"elementor-widget-container\">\n\t\t\t\t\t\t\t\t\t<p class=\"translation-block\">We use Google Analytics and Ads, which also set cookies, to get an idea of how our visitors use the website and for marketing. These cookies do not contain identifying information about you as a visitor. Our social media links with AddThis for Facebook, Google+, and Instagram also set cookies. These cookies do not contain identifying information about you as a visitor. For more information, see the AddThis privacy policy.<\/p>\t\t\t\t\t\t\t\t<\/div>\n\t\t\t\t<\/div>\n\t\t\t\t<div class=\"elementor-element elementor-element-6af7bf5 elementor-widget elementor-widget-heading\" data-id=\"6af7bf5\" data-element_type=\"widget\" data-e-type=\"widget\" data-widget_type=\"heading.default\">\n\t\t\t\t<div class=\"elementor-widget-container\">\n\t\t\t\t\t<h3 class=\"elementor-heading-title elementor-size-default\">Controller of personal data<\/h3>\t\t\t\t<\/div>\n\t\t\t\t<\/div>\n\t\t\t\t<div class=\"elementor-element elementor-element-a4e8359 elementor-widget elementor-widget-text-editor\" data-id=\"a4e8359\" data-element_type=\"widget\" data-e-type=\"widget\" data-widget_type=\"text-editor.default\">\n\t\t\t\t<div class=\"elementor-widget-container\">\n\t\t\t\t\t\t\t\t\t<p><span data-contrast=\"none\">Yael &amp; the bags<\/span><span data-ccp-props=\"{&quot;134233117&quot;:false,&quot;134233118&quot;:false,&quot;134245417&quot;:true,&quot;134245418&quot;:false,&quot;134245529&quot;:false,&quot;201341983&quot;:0,&quot;335551550&quot;:1,&quot;335551620&quot;:1,&quot;335559685&quot;:0,&quot;335559731&quot;:0,&quot;335559737&quot;:0,&quot;335559738&quot;:0,&quot;335559739&quot;:320,&quot;335559740&quot;:240}\">\u00a0<\/span><\/p><p><span data-contrast=\"none\">Organization number\u00a0<\/span><span data-contrast=\"none\">770414-4067<\/span><span data-ccp-props=\"{&quot;134233117&quot;:false,&quot;134233118&quot;:false,&quot;134245417&quot;:true,&quot;134245418&quot;:false,&quot;134245529&quot;:false,&quot;201341983&quot;:0,&quot;335551550&quot;:1,&quot;335551620&quot;:1,&quot;335559685&quot;:0,&quot;335559731&quot;:0,&quot;335559737&quot;:0,&quot;335559738&quot;:0,&quot;335559739&quot;:320,&quot;335559740&quot;:240}\">\u00a0<\/span><\/p><p><span data-contrast=\"none\">22762 Lund\/Sweden<\/span><span data-ccp-props=\"{&quot;134233117&quot;:false,&quot;134233118&quot;:false,&quot;134245417&quot;:true,&quot;134245418&quot;:false,&quot;134245529&quot;:false,&quot;201341983&quot;:0,&quot;335551550&quot;:1,&quot;335551620&quot;:1,&quot;335559685&quot;:0,&quot;335559731&quot;:0,&quot;335559737&quot;:0,&quot;335559738&quot;:0,&quot;335559739&quot;:320,&quot;335559740&quot;:240}\">\u00a0<\/span><\/p><p><span data-contrast=\"none\">Sweden<\/span><span data-ccp-props=\"{&quot;134233117&quot;:false,&quot;134233118&quot;:false,&quot;134245417&quot;:true,&quot;134245418&quot;:false,&quot;134245529&quot;:false,&quot;201341983&quot;:0,&quot;335551550&quot;:1,&quot;335551620&quot;:1,&quot;335559685&quot;:0,&quot;335559731&quot;:0,&quot;335559737&quot;:0,&quot;335559738&quot;:0,&quot;335559739&quot;:320,&quot;335559740&quot;:240}\">\u00a0<\/span><\/p><p><span data-contrast=\"none\">E-post: <a href=\"mailto:info@yaelandthebags.com\">info@yaelandthebags.com<\/a><\/span><span data-ccp-props=\"{&quot;134233117&quot;:false,&quot;134233118&quot;:false,&quot;134245417&quot;:true,&quot;134245418&quot;:false,&quot;134245529&quot;:false,&quot;201341983&quot;:0,&quot;335551550&quot;:1,&quot;335551620&quot;:1,&quot;335559685&quot;:0,&quot;335559731&quot;:0,&quot;335559737&quot;:0,&quot;335559738&quot;:0,&quot;335559739&quot;:320,&quot;335559740&quot;:240}\">\u00a0<\/span><\/p><p><em>This policy was updated 20230503<\/em><\/p>\t\t\t\t\t\t\t\t<\/div>\n\t\t\t\t<\/div>\n\t\t\t\t<\/div>\n\t\t\t\t\t<\/div>\n\t\t\t\t<\/div>\n\t\t\t\t<\/div>","protected":false},"excerpt":{"rendered":"<p>Vi arbetar f\u00f6r att s\u00e4kerst\u00e4lla en h\u00f6g niv\u00e5\u00a0av dataskydd som v\u00e4rnar om din personliga integritet vid anv\u00e4ndning av v\u00e5r webbplats. Denna integritetspolicy f\u00f6rklarar d\u00e4rf\u00f6r hur dina personuppgifter bearbetas och skyddas, dina r\u00e4ttigheter och hur du kan g\u00f6ra dem g\u00e4llande. Vi str\u00e4var efter att du ska k\u00e4nna dig trygg i v\u00e5r behandling av dina personuppgifter. Vid&hellip;<\/p>","protected":false},"author":5,"featured_media":0,"parent":27131,"menu_order":100,"comment_status":"closed","ping_status":"closed","template":"","meta":{"footnotes":""},"class_list":["post-29656","page","type-page","status-publish","hentry"],"_links":{"self":[{"href":"https:\/\/www.yaelandthebags.com\/en\/wp-json\/wp\/v2\/pages\/29656","targetHints":{"allow":["GET"]}}],"collection":[{"href":"https:\/\/www.yaelandthebags.com\/en\/wp-json\/wp\/v2\/pages"}],"about":[{"href":"https:\/\/www.yaelandthebags.com\/en\/wp-json\/wp\/v2\/types\/page"}],"author":[{"embeddable":true,"href":"https:\/\/www.yaelandthebags.com\/en\/wp-json\/wp\/v2\/users\/5"}],"replies":[{"embeddable":true,"href":"https:\/\/www.yaelandthebags.com\/en\/wp-json\/wp\/v2\/comments?post=29656"}],"version-history":[{"count":6,"href":"https:\/\/www.yaelandthebags.com\/en\/wp-json\/wp\/v2\/pages\/29656\/revisions"}],"predecessor-version":[{"id":49905,"href":"https:\/\/www.yaelandthebags.com\/en\/wp-json\/wp\/v2\/pages\/29656\/revisions\/49905"}],"up":[{"embeddable":true,"href":"https:\/\/www.yaelandthebags.com\/en\/wp-json\/wp\/v2\/pages\/27131"}],"wp:attachment":[{"href":"https:\/\/www.yaelandthebags.com\/en\/wp-json\/wp\/v2\/media?parent=29656"}],"curies":[{"name":"wp","href":"https:\/\/api.w.org\/{rel}","templated":true}]}}