{"id":3075,"date":"2023-04-29T18:58:59","date_gmt":"2023-04-29T16:58:59","guid":{"rendered":"https:\/\/www.yaelandthebags.com\/?page_id=3075"},"modified":"2024-12-20T09:43:44","modified_gmt":"2024-12-20T08:43:44","slug":"product-info","status":"publish","type":"page","link":"https:\/\/www.yaelandthebags.com\/en\/product-info\/","title":{"rendered":"Product Info"},"content":{"rendered":"<div data-elementor-type=\"wp-page\" data-elementor-id=\"3075\" class=\"elementor elementor-3075\" data-elementor-post-type=\"page\">\n\t\t\t\t<div class=\"elementor-element elementor-element-ac70a7b e-flex e-con-boxed e-con e-parent\" data-id=\"ac70a7b\" data-element_type=\"container\" data-e-type=\"container\">\n\t\t\t\t\t<div class=\"e-con-inner\">\n\t\t<div class=\"elementor-element elementor-element-3b7d6fe e-con-full e-flex e-con e-child\" data-id=\"3b7d6fe\" data-element_type=\"container\" data-e-type=\"container\">\n\t\t\t\t<div class=\"elementor-element elementor-element-9ab908b elementor-widget elementor-widget-text-editor\" data-id=\"9ab908b\" data-element_type=\"widget\" data-e-type=\"widget\" data-widget_type=\"text-editor.default\">\n\t\t\t\t<div class=\"elementor-widget-container\">\n\t\t\t\t\t\t\t\t\t<p class=\"translation-block\">Below you will find such facts as size, straps and other useful information about all my products. All bags, accessories and pillow covers are unique and below are just examples of what each design can look like.<\/p>\t\t\t\t\t\t\t\t<\/div>\n\t\t\t\t<\/div>\n\t\t\t\t<div class=\"elementor-element elementor-element-667cd51 elementor-widget elementor-widget-image\" data-id=\"667cd51\" data-element_type=\"widget\" data-e-type=\"widget\" data-widget_type=\"image.default\">\n\t\t\t\t<div class=\"elementor-widget-container\">\n\t\t\t\t\t\t\t\t\t\t\t\t\t\t\t<img decoding=\"async\" src=\"https:\/\/www.yaelandthebags.com\/wp-content\/uploads\/2024\/12\/ornament-.svg\" title=\"ornament-.svg\" alt=\"ornament-.svg\" loading=\"lazy\" \/>\t\t\t\t\t\t\t\t\t\t\t\t\t\t\t<\/div>\n\t\t\t\t<\/div>\n\t\t\t\t<div class=\"elementor-element elementor-element-05ee063 elementor-widget elementor-widget-text-editor\" data-id=\"05ee063\" data-element_type=\"widget\" data-e-type=\"widget\" data-widget_type=\"text-editor.default\">\n\t\t\t\t<div class=\"elementor-widget-container\">\n\t\t\t\t\t\t\t\t\t<p><span style=\"color: #000000;\">To order: Choose product and desired colour\/colour combinations.<\/span><\/p>\t\t\t\t\t\t\t\t<\/div>\n\t\t\t\t<\/div>\n\t\t\t\t<div class=\"elementor-element elementor-element-acf883c elementor-align-center elementor-widget elementor-widget-button\" data-id=\"acf883c\" data-element_type=\"widget\" data-e-type=\"widget\" data-widget_type=\"button.default\">\n\t\t\t\t<div class=\"elementor-widget-container\">\n\t\t\t\t\t\t\t\t\t<div class=\"elementor-button-wrapper\">\n\t\t\t\t\t<a class=\"elementor-button elementor-button-link elementor-size-md\" href=\"https:\/\/www.yaelandthebags.com\/en\/product\/bestallning\/\">\n\t\t\t\t\t\t<span class=\"elementor-button-content-wrapper\">\n\t\t\t\t\t\t\t\t\t<span class=\"elementor-button-text\">To custom order<\/span>\n\t\t\t\t\t<\/span>\n\t\t\t\t\t<\/a>\n\t\t\t\t<\/div>\n\t\t\t\t\t\t\t\t<\/div>\n\t\t\t\t<\/div>\n\t\t\t\t<\/div>\n\t\t<div class=\"elementor-element elementor-element-1c4c937 e-con-full e-flex e-con e-child\" data-id=\"1c4c937\" data-element_type=\"container\" data-e-type=\"container\">\n\t\t\t\t<div class=\"elementor-element elementor-element-8e45419 elementor-widget elementor-widget-image\" data-id=\"8e45419\" data-element_type=\"widget\" data-e-type=\"widget\" data-widget_type=\"image.default\">\n\t\t\t\t<div class=\"elementor-widget-container\">\n\t\t\t\t\t\t\t\t\t\t\t\t\t\t\t<img fetchpriority=\"high\" decoding=\"async\" width=\"1024\" height=\"904\" src=\"https:\/\/www.yaelandthebags.com\/wp-content\/uploads\/2023\/04\/IMG_0536-1024x904.jpeg\" class=\"attachment-large size-large wp-image-1615\" alt=\"\" srcset=\"https:\/\/www.yaelandthebags.com\/wp-content\/uploads\/2023\/04\/IMG_0536-1024x904.jpeg 1024w, https:\/\/www.yaelandthebags.com\/wp-content\/uploads\/2023\/04\/IMG_0536-300x265.jpeg 300w, https:\/\/www.yaelandthebags.com\/wp-content\/uploads\/2023\/04\/IMG_0536-768x678.jpeg 768w, https:\/\/www.yaelandthebags.com\/wp-content\/uploads\/2023\/04\/IMG_0536-600x530.jpeg 600w, https:\/\/www.yaelandthebags.com\/wp-content\/uploads\/2023\/04\/IMG_0536.jpeg 1170w\" sizes=\"(max-width: 1024px) 100vw, 1024px\" \/>\t\t\t\t\t\t\t\t\t\t\t\t\t\t\t<\/div>\n\t\t\t\t<\/div>\n\t\t\t\t<\/div>\n\t\t\t\t\t<\/div>\n\t\t\t\t<\/div>\n\t\t<div class=\"elementor-element elementor-element-35f7c71 e-flex e-con-boxed e-con e-parent\" data-id=\"35f7c71\" data-element_type=\"container\" data-e-type=\"container\" data-settings=\"{&quot;background_background&quot;:&quot;classic&quot;}\">\n\t\t\t\t\t<div class=\"e-con-inner\">\n\t\t\t\t<div class=\"elementor-element elementor-element-e161559 elementor-widget__width-inherit elementor-widget elementor-widget-text-editor\" data-id=\"e161559\" data-element_type=\"widget\" data-e-type=\"widget\" data-widget_type=\"text-editor.default\">\n\t\t\t\t<div class=\"elementor-widget-container\">\n\t\t\t\t\t\t\t\t\t<p class=\"translation-block\">Please note! All products are unique in their patchwork and decorations. Each side differs from the other and no two bags are alike.<\/p>\t\t\t\t\t\t\t\t<\/div>\n\t\t\t\t<\/div>\n\t\t\t\t\t<\/div>\n\t\t\t\t<\/div>\n\t\t<div class=\"elementor-element elementor-element-ee0ec40 e-flex e-con-boxed e-con e-parent\" data-id=\"ee0ec40\" data-element_type=\"container\" data-e-type=\"container\">\n\t\t\t\t\t<div class=\"e-con-inner\">\n\t\t<div class=\"elementor-element elementor-element-3929cbc e-con-full e-flex e-con e-child\" data-id=\"3929cbc\" data-element_type=\"container\" data-e-type=\"container\">\n\t\t\t\t<div class=\"elementor-element elementor-element-2b00899 elementor-widget elementor-widget-image\" data-id=\"2b00899\" data-element_type=\"widget\" data-e-type=\"widget\" data-widget_type=\"image.default\">\n\t\t\t\t<div class=\"elementor-widget-container\">\n\t\t\t\t\t\t\t\t\t\t\t\t<figure class=\"wp-caption\">\n\t\t\t\t\t\t\t\t\t\t\t<a href=\"https:\/\/www.yaelandthebags.com\/en\/product-info\/kuddfodral\/\">\n\t\t\t\t\t\t\t<img decoding=\"async\" width=\"300\" height=\"300\" src=\"https:\/\/www.yaelandthebags.com\/wp-content\/uploads\/2023\/03\/D0EEFEF3-3A08-4173-B1CF-4CC61ABE2943-300x300.jpeg\" class=\"attachment-medium size-medium wp-image-731\" alt=\"\" srcset=\"https:\/\/www.yaelandthebags.com\/wp-content\/uploads\/2023\/03\/D0EEFEF3-3A08-4173-B1CF-4CC61ABE2943-300x300.jpeg 300w, https:\/\/www.yaelandthebags.com\/wp-content\/uploads\/2023\/03\/D0EEFEF3-3A08-4173-B1CF-4CC61ABE2943-1024x1024.jpeg 1024w, https:\/\/www.yaelandthebags.com\/wp-content\/uploads\/2023\/03\/D0EEFEF3-3A08-4173-B1CF-4CC61ABE2943-150x150.jpeg 150w, https:\/\/www.yaelandthebags.com\/wp-content\/uploads\/2023\/03\/D0EEFEF3-3A08-4173-B1CF-4CC61ABE2943-768x768.jpeg 768w, https:\/\/www.yaelandthebags.com\/wp-content\/uploads\/2023\/03\/D0EEFEF3-3A08-4173-B1CF-4CC61ABE2943-600x600.jpeg 600w, https:\/\/www.yaelandthebags.com\/wp-content\/uploads\/2023\/03\/D0EEFEF3-3A08-4173-B1CF-4CC61ABE2943-100x100.jpeg 100w, https:\/\/www.yaelandthebags.com\/wp-content\/uploads\/2023\/03\/D0EEFEF3-3A08-4173-B1CF-4CC61ABE2943.jpeg 1440w\" sizes=\"(max-width: 300px) 100vw, 300px\" \/>\t\t\t\t\t\t\t\t<\/a>\n\t\t\t\t\t\t\t\t\t\t\t<figcaption class=\"widget-image-caption wp-caption-text\">Pillow Covers<\/figcaption>\n\t\t\t\t\t\t\t\t\t\t<\/figure>\n\t\t\t\t\t\t\t\t\t<\/div>\n\t\t\t\t<\/div>\n\t\t\t\t<\/div>\n\t\t<div class=\"elementor-element elementor-element-45adee1 e-con-full e-flex e-con e-child\" data-id=\"45adee1\" data-element_type=\"container\" data-e-type=\"container\">\n\t\t\t\t<div class=\"elementor-element elementor-element-35bab01 elementor-widget elementor-widget-image\" data-id=\"35bab01\" data-element_type=\"widget\" data-e-type=\"widget\" data-widget_type=\"image.default\">\n\t\t\t\t<div class=\"elementor-widget-container\">\n\t\t\t\t\t\t\t\t\t\t\t\t<figure class=\"wp-caption\">\n\t\t\t\t\t\t\t\t\t\t\t<a href=\"https:\/\/www.yaelandthebags.com\/en\/product-info\/tillbehor\/\">\n\t\t\t\t\t\t\t<img decoding=\"async\" width=\"300\" height=\"300\" src=\"https:\/\/www.yaelandthebags.com\/wp-content\/uploads\/2023\/04\/AnyConv.com__IMG_5882-300x300.jpeg\" class=\"attachment-medium size-medium wp-image-881\" alt=\"\" srcset=\"https:\/\/www.yaelandthebags.com\/wp-content\/uploads\/2023\/04\/AnyConv.com__IMG_5882-300x300.jpeg 300w, https:\/\/www.yaelandthebags.com\/wp-content\/uploads\/2023\/04\/AnyConv.com__IMG_5882-1024x1024.jpeg 1024w, https:\/\/www.yaelandthebags.com\/wp-content\/uploads\/2023\/04\/AnyConv.com__IMG_5882-150x150.jpeg 150w, https:\/\/www.yaelandthebags.com\/wp-content\/uploads\/2023\/04\/AnyConv.com__IMG_5882-768x768.jpeg 768w, https:\/\/www.yaelandthebags.com\/wp-content\/uploads\/2023\/04\/AnyConv.com__IMG_5882-1536x1536.jpeg 1536w, https:\/\/www.yaelandthebags.com\/wp-content\/uploads\/2023\/04\/AnyConv.com__IMG_5882-2048x2048.jpeg 2048w, https:\/\/www.yaelandthebags.com\/wp-content\/uploads\/2023\/04\/AnyConv.com__IMG_5882-600x600.jpeg 600w, https:\/\/www.yaelandthebags.com\/wp-content\/uploads\/2023\/04\/AnyConv.com__IMG_5882-100x100.jpeg 100w\" sizes=\"(max-width: 300px) 100vw, 300px\" \/>\t\t\t\t\t\t\t\t<\/a>\n\t\t\t\t\t\t\t\t\t\t\t<figcaption class=\"widget-image-caption wp-caption-text\">Accessories<\/figcaption>\n\t\t\t\t\t\t\t\t\t\t<\/figure>\n\t\t\t\t\t\t\t\t\t<\/div>\n\t\t\t\t<\/div>\n\t\t\t\t<\/div>\n\t\t<div class=\"elementor-element elementor-element-6fc0964 e-con-full e-flex e-con e-child\" data-id=\"6fc0964\" data-element_type=\"container\" data-e-type=\"container\">\n\t\t\t\t<div class=\"elementor-element elementor-element-354c679 elementor-widget elementor-widget-image\" data-id=\"354c679\" data-element_type=\"widget\" data-e-type=\"widget\" data-widget_type=\"image.default\">\n\t\t\t\t<div class=\"elementor-widget-container\">\n\t\t\t\t\t\t\t\t\t\t\t\t<figure class=\"wp-caption\">\n\t\t\t\t\t\t\t\t\t\t\t<a href=\"https:\/\/www.yaelandthebags.com\/en\/product-info\/vaskor\/\">\n\t\t\t\t\t\t\t<img loading=\"lazy\" decoding=\"async\" width=\"300\" height=\"300\" src=\"https:\/\/www.yaelandthebags.com\/wp-content\/uploads\/2023\/03\/IMG_7329-300x300.jpg\" class=\"attachment-medium size-medium wp-image-395\" alt=\"\" srcset=\"https:\/\/www.yaelandthebags.com\/wp-content\/uploads\/2023\/03\/IMG_7329-300x300.jpg 300w, https:\/\/www.yaelandthebags.com\/wp-content\/uploads\/2023\/03\/IMG_7329-1024x1024.jpg 1024w, https:\/\/www.yaelandthebags.com\/wp-content\/uploads\/2023\/03\/IMG_7329-150x150.jpg 150w, https:\/\/www.yaelandthebags.com\/wp-content\/uploads\/2023\/03\/IMG_7329-768x768.jpg 768w, https:\/\/www.yaelandthebags.com\/wp-content\/uploads\/2023\/03\/IMG_7329-1536x1536.jpg 1536w, https:\/\/www.yaelandthebags.com\/wp-content\/uploads\/2023\/03\/IMG_7329-2048x2048.jpg 2048w, https:\/\/www.yaelandthebags.com\/wp-content\/uploads\/2023\/03\/IMG_7329-600x600.jpg 600w, https:\/\/www.yaelandthebags.com\/wp-content\/uploads\/2023\/03\/IMG_7329-100x100.jpg 100w\" sizes=\"(max-width: 300px) 100vw, 300px\" \/>\t\t\t\t\t\t\t\t<\/a>\n\t\t\t\t\t\t\t\t\t\t\t<figcaption class=\"widget-image-caption wp-caption-text\">Bags &amp; Pouches<\/figcaption>\n\t\t\t\t\t\t\t\t\t\t<\/figure>\n\t\t\t\t\t\t\t\t\t<\/div>\n\t\t\t\t<\/div>\n\t\t\t\t<\/div>\n\t\t<div class=\"elementor-element elementor-element-bc94f48 e-con-full e-flex e-con e-child\" data-id=\"bc94f48\" data-element_type=\"container\" data-e-type=\"container\">\n\t\t\t\t<div class=\"elementor-element elementor-element-1777aeb elementor-widget elementor-widget-image\" data-id=\"1777aeb\" data-element_type=\"widget\" data-e-type=\"widget\" data-widget_type=\"image.default\">\n\t\t\t\t<div class=\"elementor-widget-container\">\n\t\t\t\t\t\t\t\t\t\t\t\t<figure class=\"wp-caption\">\n\t\t\t\t\t\t\t\t\t\t\t<a href=\"https:\/\/www.yaelandthebags.com\/en\/challahduk\/\">\n\t\t\t\t\t\t\t<img loading=\"lazy\" decoding=\"async\" width=\"300\" height=\"300\" src=\"https:\/\/www.yaelandthebags.com\/wp-content\/uploads\/2024\/05\/IMG_8893-300x300.jpeg\" class=\"attachment-medium size-medium wp-image-11283\" alt=\"\" srcset=\"https:\/\/www.yaelandthebags.com\/wp-content\/uploads\/2024\/05\/IMG_8893-300x300.jpeg 300w, https:\/\/www.yaelandthebags.com\/wp-content\/uploads\/2024\/05\/IMG_8893-1024x1024.jpeg 1024w, https:\/\/www.yaelandthebags.com\/wp-content\/uploads\/2024\/05\/IMG_8893-150x150.jpeg 150w, https:\/\/www.yaelandthebags.com\/wp-content\/uploads\/2024\/05\/IMG_8893-768x768.jpeg 768w, https:\/\/www.yaelandthebags.com\/wp-content\/uploads\/2024\/05\/IMG_8893-1536x1536.jpeg 1536w, https:\/\/www.yaelandthebags.com\/wp-content\/uploads\/2024\/05\/IMG_8893-2048x2048.jpeg 2048w, https:\/\/www.yaelandthebags.com\/wp-content\/uploads\/2024\/05\/IMG_8893-12x12.jpeg 12w, https:\/\/www.yaelandthebags.com\/wp-content\/uploads\/2024\/05\/IMG_8893-600x600.jpeg 600w, https:\/\/www.yaelandthebags.com\/wp-content\/uploads\/2024\/05\/IMG_8893-100x100.jpeg 100w\" sizes=\"(max-width: 300px) 100vw, 300px\" \/>\t\t\t\t\t\t\t\t<\/a>\n\t\t\t\t\t\t\t\t\t\t\t<figcaption class=\"widget-image-caption wp-caption-text\">Challah cover<\/figcaption>\n\t\t\t\t\t\t\t\t\t\t<\/figure>\n\t\t\t\t\t\t\t\t\t<\/div>\n\t\t\t\t<\/div>\n\t\t\t\t<\/div>\n\t\t\t\t\t<\/div>\n\t\t\t\t<\/div>\n\t\t\t\t<\/div>","protected":false},"excerpt":{"rendered":"<p>Nedan finns detaljerad information om alla produkter och modeller som ing\u00e5r i sortimentet. Alla produkter jag tillverkar \u00e4r unika och bilderna nedan \u00e4r\u00a0endast exempel p\u00e5 hur varje modell kan se ut. Vid best\u00e4llning; v\u00e4lj produkt samt \u00f6nskem\u00e5l avseende f\u00e4rg\/f\u00e4rgkombinationer. Till best\u00e4llning T\u00e4nk p\u00e5! Alla produkter\u00a0\u00e4r unika avseende f\u00e4rger och dekoration. \u00a0 Kuddfodral Tillbeh\u00f6r V\u00e4skor &amp;&hellip;<\/p>","protected":false},"author":5,"featured_media":0,"parent":0,"menu_order":0,"comment_status":"closed","ping_status":"closed","template":"","meta":{"footnotes":""},"class_list":["post-3075","page","type-page","status-publish","hentry"],"_links":{"self":[{"href":"https:\/\/www.yaelandthebags.com\/en\/wp-json\/wp\/v2\/pages\/3075","targetHints":{"allow":["GET"]}}],"collection":[{"href":"https:\/\/www.yaelandthebags.com\/en\/wp-json\/wp\/v2\/pages"}],"about":[{"href":"https:\/\/www.yaelandthebags.com\/en\/wp-json\/wp\/v2\/types\/page"}],"author":[{"embeddable":true,"href":"https:\/\/www.yaelandthebags.com\/en\/wp-json\/wp\/v2\/users\/5"}],"replies":[{"embeddable":true,"href":"https:\/\/www.yaelandthebags.com\/en\/wp-json\/wp\/v2\/comments?post=3075"}],"version-history":[{"count":6,"href":"https:\/\/www.yaelandthebags.com\/en\/wp-json\/wp\/v2\/pages\/3075\/revisions"}],"predecessor-version":[{"id":49172,"href":"https:\/\/www.yaelandthebags.com\/en\/wp-json\/wp\/v2\/pages\/3075\/revisions\/49172"}],"wp:attachment":[{"href":"https:\/\/www.yaelandthebags.com\/en\/wp-json\/wp\/v2\/media?parent=3075"}],"curies":[{"name":"wp","href":"https:\/\/api.w.org\/{rel}","templated":true}]}}