{"id":5026,"date":"2023-05-11T17:33:01","date_gmt":"2023-05-11T15:33:01","guid":{"rendered":"https:\/\/www.yaelandthebags.com\/?page_id=5026"},"modified":"2024-08-16T14:14:10","modified_gmt":"2024-08-16T12:14:10","slug":"b","status":"publish","type":"page","link":"https:\/\/www.yaelandthebags.com\/en\/b\/","title":{"rendered":"Shop"},"content":{"rendered":"<div data-elementor-type=\"wp-page\" data-elementor-id=\"5026\" class=\"elementor elementor-5026\" data-elementor-post-type=\"page\">\n\t\t\t\t\t\t<section class=\"elementor-section elementor-top-section elementor-element elementor-element-7b7d730 elementor-section-boxed elementor-section-height-default elementor-section-height-default\" data-id=\"7b7d730\" data-element_type=\"section\" data-e-type=\"section\">\n\t\t\t\t\t\t<div class=\"elementor-container elementor-column-gap-default\">\n\t\t\t\t\t<div class=\"elementor-column elementor-col-100 elementor-top-column elementor-element elementor-element-0d10160\" data-id=\"0d10160\" data-element_type=\"column\" data-e-type=\"column\">\n\t\t\t<div class=\"elementor-widget-wrap elementor-element-populated\">\n\t\t\t\t\t\t<div class=\"elementor-element elementor-element-87bcd93 elementor-hidden-mobile elementor-widget elementor-widget-spacer\" data-id=\"87bcd93\" data-element_type=\"widget\" data-e-type=\"widget\" data-widget_type=\"spacer.default\">\n\t\t\t\t<div class=\"elementor-widget-container\">\n\t\t\t\t\t\t\t<div class=\"elementor-spacer\">\n\t\t\t<div class=\"elementor-spacer-inner\"><\/div>\n\t\t<\/div>\n\t\t\t\t\t\t<\/div>\n\t\t\t\t<\/div>\n\t\t\t\t\t<\/div>\n\t\t<\/div>\n\t\t\t\t\t<\/div>\n\t\t<\/section>\n\t\t\t\t<section class=\"elementor-section elementor-top-section elementor-element elementor-element-c67652c elementor-section-boxed elementor-section-height-default elementor-section-height-default\" data-id=\"c67652c\" data-element_type=\"section\" data-e-type=\"section\">\n\t\t\t\t\t\t<div class=\"elementor-container elementor-column-gap-default\">\n\t\t\t\t\t<div class=\"elementor-column elementor-col-100 elementor-top-column elementor-element elementor-element-116697c\" data-id=\"116697c\" data-element_type=\"column\" data-e-type=\"column\">\n\t\t\t<div class=\"elementor-widget-wrap\">\n\t\t\t\t\t\t\t<\/div>\n\t\t<\/div>\n\t\t\t\t\t<\/div>\n\t\t<\/section>\n\t\t\t\t<section class=\"elementor-section elementor-top-section elementor-element elementor-element-6b8b163 elementor-section-boxed elementor-section-height-default elementor-section-height-default\" data-id=\"6b8b163\" data-element_type=\"section\" data-e-type=\"section\">\n\t\t\t\t\t\t<div class=\"elementor-container elementor-column-gap-default\">\n\t\t\t\t\t<div class=\"elementor-column elementor-col-33 elementor-top-column elementor-element elementor-element-a5345a8\" data-id=\"a5345a8\" data-element_type=\"column\" data-e-type=\"column\">\n\t\t\t<div class=\"elementor-widget-wrap elementor-element-populated\">\n\t\t\t\t\t\t<div class=\"elementor-element elementor-element-457b12b elementor-hidden-mobile elementor-widget elementor-widget-image\" data-id=\"457b12b\" data-element_type=\"widget\" data-e-type=\"widget\" data-widget_type=\"image.default\">\n\t\t\t\t<div class=\"elementor-widget-container\">\n\t\t\t\t\t\t\t\t\t\t\t\t\t\t\t<img fetchpriority=\"high\" decoding=\"async\" width=\"1018\" height=\"1024\" src=\"https:\/\/www.yaelandthebags.com\/wp-content\/uploads\/2023\/03\/1E52159D-9ADF-4E0E-AD27-99F330605A4A-1018x1024.jpg\" class=\"attachment-large size-large wp-image-619\" alt=\"\" srcset=\"https:\/\/www.yaelandthebags.com\/wp-content\/uploads\/2023\/03\/1E52159D-9ADF-4E0E-AD27-99F330605A4A-1018x1024.jpg 1018w, https:\/\/www.yaelandthebags.com\/wp-content\/uploads\/2023\/03\/1E52159D-9ADF-4E0E-AD27-99F330605A4A-298x300.jpg 298w, https:\/\/www.yaelandthebags.com\/wp-content\/uploads\/2023\/03\/1E52159D-9ADF-4E0E-AD27-99F330605A4A-150x150.jpg 150w, https:\/\/www.yaelandthebags.com\/wp-content\/uploads\/2023\/03\/1E52159D-9ADF-4E0E-AD27-99F330605A4A-768x773.jpg 768w, https:\/\/www.yaelandthebags.com\/wp-content\/uploads\/2023\/03\/1E52159D-9ADF-4E0E-AD27-99F330605A4A-600x604.jpg 600w, https:\/\/www.yaelandthebags.com\/wp-content\/uploads\/2023\/03\/1E52159D-9ADF-4E0E-AD27-99F330605A4A-100x100.jpg 100w, https:\/\/www.yaelandthebags.com\/wp-content\/uploads\/2023\/03\/1E52159D-9ADF-4E0E-AD27-99F330605A4A.jpg 1440w\" sizes=\"(max-width: 1018px) 100vw, 1018px\" \/>\t\t\t\t\t\t\t\t\t\t\t\t\t\t\t<\/div>\n\t\t\t\t<\/div>\n\t\t\t\t\t<\/div>\n\t\t<\/div>\n\t\t\t\t<div class=\"elementor-column elementor-col-66 elementor-top-column elementor-element elementor-element-6a00282\" data-id=\"6a00282\" data-element_type=\"column\" data-e-type=\"column\">\n\t\t\t<div class=\"elementor-widget-wrap elementor-element-populated\">\n\t\t\t\t\t\t<div class=\"elementor-element elementor-element-3efb38e elementor-widget elementor-widget-text-editor\" data-id=\"3efb38e\" data-element_type=\"widget\" data-e-type=\"widget\" data-widget_type=\"text-editor.default\">\n\t\t\t\t<div class=\"elementor-widget-container\">\n\t\t\t\t\t\t\t\t\t<p>At the moment there are no ready-made products in the shop.<\/p>\t\t\t\t\t\t\t\t<\/div>\n\t\t\t\t<\/div>\n\t\t\t\t<div class=\"elementor-element elementor-element-bde8931 elementor-hidden-desktop elementor-hidden-tablet elementor-widget elementor-widget-image\" data-id=\"bde8931\" data-element_type=\"widget\" data-e-type=\"widget\" data-widget_type=\"image.default\">\n\t\t\t\t<div class=\"elementor-widget-container\">\n\t\t\t\t\t\t\t\t\t\t\t\t\t\t\t<img fetchpriority=\"high\" decoding=\"async\" width=\"1018\" height=\"1024\" src=\"https:\/\/www.yaelandthebags.com\/wp-content\/uploads\/2023\/03\/1E52159D-9ADF-4E0E-AD27-99F330605A4A-1018x1024.jpg\" class=\"attachment-large size-large wp-image-619\" alt=\"\" srcset=\"https:\/\/www.yaelandthebags.com\/wp-content\/uploads\/2023\/03\/1E52159D-9ADF-4E0E-AD27-99F330605A4A-1018x1024.jpg 1018w, https:\/\/www.yaelandthebags.com\/wp-content\/uploads\/2023\/03\/1E52159D-9ADF-4E0E-AD27-99F330605A4A-298x300.jpg 298w, https:\/\/www.yaelandthebags.com\/wp-content\/uploads\/2023\/03\/1E52159D-9ADF-4E0E-AD27-99F330605A4A-150x150.jpg 150w, https:\/\/www.yaelandthebags.com\/wp-content\/uploads\/2023\/03\/1E52159D-9ADF-4E0E-AD27-99F330605A4A-768x773.jpg 768w, https:\/\/www.yaelandthebags.com\/wp-content\/uploads\/2023\/03\/1E52159D-9ADF-4E0E-AD27-99F330605A4A-600x604.jpg 600w, https:\/\/www.yaelandthebags.com\/wp-content\/uploads\/2023\/03\/1E52159D-9ADF-4E0E-AD27-99F330605A4A-100x100.jpg 100w, https:\/\/www.yaelandthebags.com\/wp-content\/uploads\/2023\/03\/1E52159D-9ADF-4E0E-AD27-99F330605A4A.jpg 1440w\" sizes=\"(max-width: 1018px) 100vw, 1018px\" \/>\t\t\t\t\t\t\t\t\t\t\t\t\t\t\t<\/div>\n\t\t\t\t<\/div>\n\t\t\t\t<div class=\"elementor-element elementor-element-12cf1e4 elementor-widget elementor-widget-text-editor\" data-id=\"12cf1e4\" data-element_type=\"widget\" data-e-type=\"widget\" data-widget_type=\"text-editor.default\">\n\t\t\t\t<div class=\"elementor-widget-container\">\n\t\t\t\t\t\t\t\t\t<p>But I'm working on the next collection\/Yael<\/p>\t\t\t\t\t\t\t\t<\/div>\n\t\t\t\t<\/div>\n\t\t\t\t<div class=\"elementor-element elementor-element-4dc429b elementor-widget elementor-widget-image\" data-id=\"4dc429b\" data-element_type=\"widget\" data-e-type=\"widget\" data-widget_type=\"image.default\">\n\t\t\t\t<div class=\"elementor-widget-container\">\n\t\t\t\t\t\t\t\t\t\t\t\t\t\t\t<img decoding=\"async\" width=\"150\" height=\"150\" src=\"https:\/\/www.yaelandthebags.com\/wp-content\/uploads\/2023\/04\/AdobeStock_584689573-150x150.png\" class=\"attachment-thumbnail size-thumbnail wp-image-1906\" alt=\"\" srcset=\"https:\/\/www.yaelandthebags.com\/wp-content\/uploads\/2023\/04\/AdobeStock_584689573-150x150.png 150w, https:\/\/www.yaelandthebags.com\/wp-content\/uploads\/2023\/04\/AdobeStock_584689573-300x300.png 300w, https:\/\/www.yaelandthebags.com\/wp-content\/uploads\/2023\/04\/AdobeStock_584689573-1024x1024.png 1024w, https:\/\/www.yaelandthebags.com\/wp-content\/uploads\/2023\/04\/AdobeStock_584689573-768x768.png 768w, https:\/\/www.yaelandthebags.com\/wp-content\/uploads\/2023\/04\/AdobeStock_584689573-1536x1536.png 1536w, https:\/\/www.yaelandthebags.com\/wp-content\/uploads\/2023\/04\/AdobeStock_584689573-2048x2048.png 2048w, https:\/\/www.yaelandthebags.com\/wp-content\/uploads\/2023\/04\/AdobeStock_584689573-600x600.png 600w, https:\/\/www.yaelandthebags.com\/wp-content\/uploads\/2023\/04\/AdobeStock_584689573-100x100.png 100w\" sizes=\"(max-width: 150px) 100vw, 150px\" \/>\t\t\t\t\t\t\t\t\t\t\t\t\t\t\t<\/div>\n\t\t\t\t<\/div>\n\t\t\t\t<div class=\"elementor-element elementor-element-b146228 elementor-widget elementor-widget-text-editor\" data-id=\"b146228\" data-element_type=\"widget\" data-e-type=\"widget\" data-widget_type=\"text-editor.default\">\n\t\t\t\t<div class=\"elementor-widget-container\">\n\t\t\t\t\t\t\t\t\t<p>To make a custom order:<\/p>\t\t\t\t\t\t\t\t<\/div>\n\t\t\t\t<\/div>\n\t\t\t\t<div class=\"elementor-element elementor-element-525b714 elementor-align-center elementor-widget elementor-widget-button\" data-id=\"525b714\" data-element_type=\"widget\" data-e-type=\"widget\" data-widget_type=\"button.default\">\n\t\t\t\t<div class=\"elementor-widget-container\">\n\t\t\t\t\t\t\t\t\t<div class=\"elementor-button-wrapper\">\n\t\t\t\t\t<a class=\"elementor-button elementor-button-link elementor-size-sm\" href=\"https:\/\/www.yaelandthebags.com\/en\/product\/bestallning\/\">\n\t\t\t\t\t\t<span class=\"elementor-button-content-wrapper\">\n\t\t\t\t\t\t\t\t\t<span class=\"elementor-button-text\">To custom order<\/span>\n\t\t\t\t\t<\/span>\n\t\t\t\t\t<\/a>\n\t\t\t\t<\/div>\n\t\t\t\t\t\t\t\t<\/div>\n\t\t\t\t<\/div>\n\t\t\t\t<div class=\"elementor-element elementor-element-4b95516 elementor-widget-divider--separator-type-pattern elementor-widget-divider--no-spacing elementor-widget-divider--view-line elementor-widget elementor-widget-divider\" data-id=\"4b95516\" data-element_type=\"widget\" data-e-type=\"widget\" data-widget_type=\"divider.default\">\n\t\t\t\t<div class=\"elementor-widget-container\">\n\t\t\t\t\t\t\t<div class=\"elementor-divider\" style=\"--divider-pattern-url: url(&quot;data:image\/svg+xml,%3Csvg xmlns=&#039;http:\/\/www.w3.org\/2000\/svg&#039; preserveAspectRatio=&#039;xMidYMid meet&#039; overflow=&#039;visible&#039; height=&#039;100%&#039; viewBox=&#039;0 0 120 26&#039; fill=&#039;black&#039; stroke=&#039;none&#039;%3E%3Cpath d=&#039;M11.9,15.9L11.9,15.9L0,16c-0.2-3.7,1.5-5.7,4.9-6C10,9.6,12.4,14.2,11.9,15.9zM26.9,15.9L26.9,15.9L15,16c0.5-3.7,2.5-5.7,5.9-6C26,9.6,27.4,14.2,26.9,15.9z M37.1,10c3.4,0.3,5.1,2.3,4.9,6H30.1C29.5,14.4,31.9,9.6,37.1,10z M57,15.9L57,15.9L45,16c0-3.4,1.6-5.4,4.9-5.9C54.8,9.3,57.4,14.2,57,15.9z M71.9,15.9L71.9,15.9L60,16c-0.2-3.7,1.5-5.7,4.9-6C70,9.6,72.4,14.2,71.9,15.9z M82.2,10c3.4,0.3,5,2.3,4.8,6H75.3C74,13,77.1,9.6,82.2,10zM101.9,15.9L101.9,15.9L90,16c-0.2-3.7,1.5-5.7,4.9-6C100,9.6,102.4,14.2,101.9,15.9z M112.1,10.1c2.7,0.5,4.3,2.5,4.9,5.9h-11.9l0,0C104.5,14.4,108,9.3,112.1,10.1z&#039;\/%3E%3C\/svg%3E&quot;);\">\n\t\t\t<span class=\"elementor-divider-separator\">\n\t\t\t\t\t\t<\/span>\n\t\t<\/div>\n\t\t\t\t\t\t<\/div>\n\t\t\t\t<\/div>\n\t\t\t\t\t<\/div>\n\t\t<\/div>\n\t\t\t\t\t<\/div>\n\t\t<\/section>\n\t\t\t\t<section class=\"elementor-section elementor-top-section elementor-element elementor-element-e85907d elementor-section-boxed elementor-section-height-default elementor-section-height-default\" data-id=\"e85907d\" data-element_type=\"section\" data-e-type=\"section\">\n\t\t\t\t\t\t<div class=\"elementor-container elementor-column-gap-default\">\n\t\t\t\t\t<div class=\"elementor-column elementor-col-100 elementor-top-column elementor-element elementor-element-77b5aa1\" data-id=\"77b5aa1\" data-element_type=\"column\" data-e-type=\"column\">\n\t\t\t<div class=\"elementor-widget-wrap elementor-element-populated\">\n\t\t\t\t\t\t<div class=\"elementor-element elementor-element-9930599 elementor-widget elementor-widget-spacer\" data-id=\"9930599\" data-element_type=\"widget\" data-e-type=\"widget\" data-widget_type=\"spacer.default\">\n\t\t\t\t<div class=\"elementor-widget-container\">\n\t\t\t\t\t\t\t<div class=\"elementor-spacer\">\n\t\t\t<div class=\"elementor-spacer-inner\"><\/div>\n\t\t<\/div>\n\t\t\t\t\t\t<\/div>\n\t\t\t\t<\/div>\n\t\t\t\t\t<\/div>\n\t\t<\/div>\n\t\t\t\t\t<\/div>\n\t\t<\/section>\n\t\t\t\t<\/div>","protected":false},"excerpt":{"rendered":"<p>Just nu finns det inga f\u00e4rdiga produkter att k\u00f6pa i butiken. Men jag jobbar f\u00f6r fullt p\u00e5 n\u00e4sta kollektion \/Yael F\u00f6r att g\u00f6ra en best\u00e4llning: Till best\u00e4llning<\/p>","protected":false},"author":5,"featured_media":0,"parent":0,"menu_order":0,"comment_status":"closed","ping_status":"closed","template":"","meta":{"footnotes":""},"class_list":["post-5026","page","type-page","status-publish","hentry"],"_links":{"self":[{"href":"https:\/\/www.yaelandthebags.com\/en\/wp-json\/wp\/v2\/pages\/5026","targetHints":{"allow":["GET"]}}],"collection":[{"href":"https:\/\/www.yaelandthebags.com\/en\/wp-json\/wp\/v2\/pages"}],"about":[{"href":"https:\/\/www.yaelandthebags.com\/en\/wp-json\/wp\/v2\/types\/page"}],"author":[{"embeddable":true,"href":"https:\/\/www.yaelandthebags.com\/en\/wp-json\/wp\/v2\/users\/5"}],"replies":[{"embeddable":true,"href":"https:\/\/www.yaelandthebags.com\/en\/wp-json\/wp\/v2\/comments?post=5026"}],"version-history":[{"count":0,"href":"https:\/\/www.yaelandthebags.com\/en\/wp-json\/wp\/v2\/pages\/5026\/revisions"}],"wp:attachment":[{"href":"https:\/\/www.yaelandthebags.com\/en\/wp-json\/wp\/v2\/media?parent=5026"}],"curies":[{"name":"wp","href":"https:\/\/api.w.org\/{rel}","templated":true}]}}