{"id":50723,"date":"2025-11-16T10:05:35","date_gmt":"2025-11-16T09:05:35","guid":{"rendered":"https:\/\/www.yaelandthebags.com\/?page_id=50723"},"modified":"2025-11-16T11:06:09","modified_gmt":"2025-11-16T10:06:09","slug":"kurser-och-workshops","status":"publish","type":"page","link":"https:\/\/www.yaelandthebags.com\/en\/om-mig\/kurser-och-workshops\/","title":{"rendered":"Courses and workshops"},"content":{"rendered":"<div data-elementor-type=\"wp-page\" data-elementor-id=\"50723\" class=\"elementor elementor-50723\" data-elementor-post-type=\"page\">\n\t\t\t\t<div class=\"elementor-element elementor-element-ac07571 e-flex e-con-boxed e-con e-parent\" data-id=\"ac07571\" data-element_type=\"container\" data-e-type=\"container\">\n\t\t\t\t\t<div class=\"e-con-inner\">\n\t\t<div class=\"elementor-element elementor-element-0a83be7 e-con-full e-flex e-con e-child\" data-id=\"0a83be7\" data-element_type=\"container\" data-e-type=\"container\">\n\t\t\t\t<div class=\"elementor-element elementor-element-8f8c03e elementor-widget elementor-widget-text-editor\" data-id=\"8f8c03e\" data-element_type=\"widget\" data-e-type=\"widget\" data-widget_type=\"text-editor.default\">\n\t\t\t\t<div class=\"elementor-widget-container\">\n\t\t\t\t\t\t\t\t\t<p>I offer courses and workshops in textile crafts such as intuitive embroidery, general sewing, jewish embroidery and sewing circles.<\/p>\t\t\t\t\t\t\t\t<\/div>\n\t\t\t\t<\/div>\n\t\t\t\t<div class=\"elementor-element elementor-element-60ab277 elementor-widget elementor-widget-image\" data-id=\"60ab277\" data-element_type=\"widget\" data-e-type=\"widget\" data-widget_type=\"image.default\">\n\t\t\t\t<div class=\"elementor-widget-container\">\n\t\t\t\t\t\t\t\t\t\t\t\t\t\t\t<img decoding=\"async\" src=\"https:\/\/www.yaelandthebags.com\/wp-content\/uploads\/2024\/12\/ornament-.svg\" title=\"ornament-.svg\" alt=\"ornament-.svg\" loading=\"lazy\" \/>\t\t\t\t\t\t\t\t\t\t\t\t\t\t\t<\/div>\n\t\t\t\t<\/div>\n\t\t\t\t<div class=\"elementor-element elementor-element-b5bf8c6 elementor-widget elementor-widget-text-editor\" data-id=\"b5bf8c6\" data-element_type=\"widget\" data-e-type=\"widget\" data-widget_type=\"text-editor.default\">\n\t\t\t\t<div class=\"elementor-widget-container\">\n\t\t\t\t\t\t\t\t\t<p><strong>\u00a0Get in touch and let's talk about what might suit you.<\/strong><\/p>\t\t\t\t\t\t\t\t<\/div>\n\t\t\t\t<\/div>\n\t\t\t\t<div class=\"elementor-element elementor-element-0e37a5e elementor-widget elementor-widget-text-editor\" data-id=\"0e37a5e\" data-element_type=\"widget\" data-e-type=\"widget\" data-widget_type=\"text-editor.default\">\n\t\t\t\t<div class=\"elementor-widget-container\">\n\t\t\t\t\t\t\t\t\t<p class=\"translation-block\">For commissions and collaborations please email: info@yaelandthebags.com<\/p>\t\t\t\t\t\t\t\t<\/div>\n\t\t\t\t<\/div>\n\t\t\t\t<\/div>\n\t\t<div class=\"elementor-element elementor-element-3151694 e-con-full e-flex e-con e-child\" data-id=\"3151694\" data-element_type=\"container\" data-e-type=\"container\">\n\t\t\t\t<div class=\"elementor-element elementor-element-9560740 elementor-widget elementor-widget-gallery\" data-id=\"9560740\" data-element_type=\"widget\" data-e-type=\"widget\" data-settings=\"{&quot;gallery_layout&quot;:&quot;masonry&quot;,&quot;columns&quot;:2,&quot;columns_mobile&quot;:2,&quot;lazyload&quot;:&quot;yes&quot;,&quot;columns_tablet&quot;:2,&quot;gap&quot;:{&quot;unit&quot;:&quot;px&quot;,&quot;size&quot;:10,&quot;sizes&quot;:[]},&quot;gap_tablet&quot;:{&quot;unit&quot;:&quot;px&quot;,&quot;size&quot;:10,&quot;sizes&quot;:[]},&quot;gap_mobile&quot;:{&quot;unit&quot;:&quot;px&quot;,&quot;size&quot;:10,&quot;sizes&quot;:[]},&quot;link_to&quot;:&quot;file&quot;,&quot;overlay_background&quot;:&quot;yes&quot;,&quot;content_hover_animation&quot;:&quot;fade-in&quot;}\" data-widget_type=\"gallery.default\">\n\t\t\t\t<div class=\"elementor-widget-container\">\n\t\t\t\t\t\t\t<div class=\"elementor-gallery__container\">\n\t\t\t\t\t\t\t<a class=\"e-gallery-item elementor-gallery-item elementor-animated-content\" href=\"https:\/\/www.yaelandthebags.com\/wp-content\/uploads\/2025\/11\/IMG_0538-scaled.jpeg\" data-elementor-open-lightbox=\"yes\" data-elementor-lightbox-slideshow=\"9560740\" data-elementor-lightbox-title=\"IMG_0538\" data-e-action-hash=\"#elementor-action%3Aaction%3Dlightbox%26settings%3DeyJpZCI6NTA3NjcsInVybCI6Imh0dHBzOlwvXC93d3cueWFlbGFuZHRoZWJhZ3MuY29tXC93cC1jb250ZW50XC91cGxvYWRzXC8yMDI1XC8xMVwvSU1HXzA1Mzgtc2NhbGVkLmpwZWciLCJzbGlkZXNob3ciOiI5NTYwNzQwIn0%3D\">\n\t\t\t\t\t<div class=\"e-gallery-image elementor-gallery-item__image\" data-thumbnail=\"https:\/\/www.yaelandthebags.com\/wp-content\/uploads\/2025\/11\/IMG_0538-scaled.jpeg\" data-width=\"1756\" data-height=\"2560\" aria-label=\"\" role=\"img\" ><\/div>\n\t\t\t\t\t\t\t\t\t\t\t<div class=\"elementor-gallery-item__overlay\"><\/div>\n\t\t\t\t\t\t\t\t\t\t\t\t\t\t<\/a>\n\t\t\t\t\t\t\t<a class=\"e-gallery-item elementor-gallery-item elementor-animated-content\" href=\"https:\/\/www.yaelandthebags.com\/wp-content\/uploads\/2025\/09\/0C0F3F96-121C-4A4A-BED5-6770211D47B8.jpeg\" data-elementor-open-lightbox=\"yes\" data-elementor-lightbox-slideshow=\"9560740\" data-elementor-lightbox-title=\"0C0F3F96-121C-4A4A-BED5-6770211D47B8\" data-e-action-hash=\"#elementor-action%3Aaction%3Dlightbox%26settings%3DeyJpZCI6NTA1NzIsInVybCI6Imh0dHBzOlwvXC93d3cueWFlbGFuZHRoZWJhZ3MuY29tXC93cC1jb250ZW50XC91cGxvYWRzXC8yMDI1XC8wOVwvMEMwRjNGOTYtMTIxQy00QTRBLUJFRDUtNjc3MDIxMUQ0N0I4LmpwZWciLCJzbGlkZXNob3ciOiI5NTYwNzQwIn0%3D\">\n\t\t\t\t\t<div class=\"e-gallery-image elementor-gallery-item__image\" data-thumbnail=\"https:\/\/www.yaelandthebags.com\/wp-content\/uploads\/2025\/09\/0C0F3F96-121C-4A4A-BED5-6770211D47B8.jpeg\" data-width=\"1440\" data-height=\"1373\" aria-label=\"\" role=\"img\" ><\/div>\n\t\t\t\t\t\t\t\t\t\t\t<div class=\"elementor-gallery-item__overlay\"><\/div>\n\t\t\t\t\t\t\t\t\t\t\t\t\t\t<\/a>\n\t\t\t\t\t\t\t<a class=\"e-gallery-item elementor-gallery-item elementor-animated-content\" href=\"https:\/\/www.yaelandthebags.com\/wp-content\/uploads\/2025\/11\/IMG_9635-scaled.jpeg\" data-elementor-open-lightbox=\"yes\" data-elementor-lightbox-slideshow=\"9560740\" data-elementor-lightbox-title=\"IMG_9635\" data-e-action-hash=\"#elementor-action%3Aaction%3Dlightbox%26settings%3DeyJpZCI6NTA3NjYsInVybCI6Imh0dHBzOlwvXC93d3cueWFlbGFuZHRoZWJhZ3MuY29tXC93cC1jb250ZW50XC91cGxvYWRzXC8yMDI1XC8xMVwvSU1HXzk2MzUtc2NhbGVkLmpwZWciLCJzbGlkZXNob3ciOiI5NTYwNzQwIn0%3D\">\n\t\t\t\t\t<div class=\"e-gallery-image elementor-gallery-item__image\" data-thumbnail=\"https:\/\/www.yaelandthebags.com\/wp-content\/uploads\/2025\/11\/IMG_9635-scaled.jpeg\" data-width=\"1920\" data-height=\"2560\" aria-label=\"\" role=\"img\" ><\/div>\n\t\t\t\t\t\t\t\t\t\t\t<div class=\"elementor-gallery-item__overlay\"><\/div>\n\t\t\t\t\t\t\t\t\t\t\t\t\t\t<\/a>\n\t\t\t\t\t<\/div>\n\t\t\t\t\t<\/div>\n\t\t\t\t<\/div>\n\t\t\t\t<\/div>\n\t\t\t\t\t<\/div>\n\t\t\t\t<\/div>\n\t\t<div class=\"elementor-element elementor-element-a832490 e-flex e-con-boxed e-con e-parent\" data-id=\"a832490\" data-element_type=\"container\" data-e-type=\"container\">\n\t\t\t\t\t<div class=\"e-con-inner\">\n\t\t\t\t<div class=\"elementor-element elementor-element-b3c2a38 elementor-widget-divider--separator-type-pattern elementor-widget-divider--no-spacing elementor-widget-divider--view-line elementor-widget elementor-widget-divider\" data-id=\"b3c2a38\" data-element_type=\"widget\" data-e-type=\"widget\" data-widget_type=\"divider.default\">\n\t\t\t\t<div class=\"elementor-widget-container\">\n\t\t\t\t\t\t\t<div class=\"elementor-divider\" style=\"--divider-pattern-url: url(&quot;data:image\/svg+xml,%3Csvg xmlns=&#039;http:\/\/www.w3.org\/2000\/svg&#039; preserveAspectRatio=&#039;xMidYMid meet&#039; overflow=&#039;visible&#039; height=&#039;100%&#039; viewBox=&#039;0 0 120 26&#039; fill=&#039;black&#039; stroke=&#039;none&#039;%3E%3Cpath d=&#039;M11.9,15.9L11.9,15.9L0,16c-0.2-3.7,1.5-5.7,4.9-6C10,9.6,12.4,14.2,11.9,15.9zM26.9,15.9L26.9,15.9L15,16c0.5-3.7,2.5-5.7,5.9-6C26,9.6,27.4,14.2,26.9,15.9z M37.1,10c3.4,0.3,5.1,2.3,4.9,6H30.1C29.5,14.4,31.9,9.6,37.1,10z M57,15.9L57,15.9L45,16c0-3.4,1.6-5.4,4.9-5.9C54.8,9.3,57.4,14.2,57,15.9z M71.9,15.9L71.9,15.9L60,16c-0.2-3.7,1.5-5.7,4.9-6C70,9.6,72.4,14.2,71.9,15.9z M82.2,10c3.4,0.3,5,2.3,4.8,6H75.3C74,13,77.1,9.6,82.2,10zM101.9,15.9L101.9,15.9L90,16c-0.2-3.7,1.5-5.7,4.9-6C100,9.6,102.4,14.2,101.9,15.9z M112.1,10.1c2.7,0.5,4.3,2.5,4.9,5.9h-11.9l0,0C104.5,14.4,108,9.3,112.1,10.1z&#039;\/%3E%3C\/svg%3E&quot;);\">\n\t\t\t<span class=\"elementor-divider-separator\">\n\t\t\t\t\t\t<\/span>\n\t\t<\/div>\n\t\t\t\t\t\t<\/div>\n\t\t\t\t<\/div>\n\t\t\t\t\t<\/div>\n\t\t\t\t<\/div>\n\t\t<div class=\"elementor-element elementor-element-df41fea e-flex e-con-boxed e-con e-parent\" data-id=\"df41fea\" data-element_type=\"container\" data-e-type=\"container\">\n\t\t\t\t\t<div class=\"e-con-inner\">\n\t\t<div class=\"elementor-element elementor-element-48d3775 e-con-full e-flex e-con e-child\" data-id=\"48d3775\" data-element_type=\"container\" data-e-type=\"container\">\n\t\t\t\t<div class=\"elementor-element elementor-element-9f4f981 elementor-widget elementor-widget-heading\" data-id=\"9f4f981\" data-element_type=\"widget\" data-e-type=\"widget\" data-widget_type=\"heading.default\">\n\t\t\t\t<div class=\"elementor-widget-container\">\n\t\t\t\t\t<h2 class=\"elementor-heading-title elementor-size-default\">Museum of J\u00f6nk\u00f6ping<\/h2>\t\t\t\t<\/div>\n\t\t\t\t<\/div>\n\t\t\t\t<div class=\"elementor-element elementor-element-d6aa840 elementor-widget elementor-widget-heading\" data-id=\"d6aa840\" data-element_type=\"widget\" data-e-type=\"widget\" data-widget_type=\"heading.default\">\n\t\t\t\t<div class=\"elementor-widget-container\">\n\t\t\t\t\t<h2 class=\"elementor-heading-title elementor-size-default\">Embroidery workshop of Jewish symbols.<\/h2>\t\t\t\t<\/div>\n\t\t\t\t<\/div>\n\t\t\t\t<div class=\"elementor-element elementor-element-b1cfc7f elementor-widget elementor-widget-image\" data-id=\"b1cfc7f\" data-element_type=\"widget\" data-e-type=\"widget\" data-widget_type=\"image.default\">\n\t\t\t\t<div class=\"elementor-widget-container\">\n\t\t\t\t\t\t\t\t\t\t\t\t\t\t\t<img decoding=\"async\" src=\"https:\/\/www.yaelandthebags.com\/wp-content\/uploads\/2024\/12\/ornament-.svg\" title=\"ornament-.svg\" alt=\"ornament-.svg\" loading=\"lazy\" \/>\t\t\t\t\t\t\t\t\t\t\t\t\t\t\t<\/div>\n\t\t\t\t<\/div>\n\t\t\t\t<div class=\"elementor-element elementor-element-71326c2 elementor-widget elementor-widget-text-editor\" data-id=\"71326c2\" data-element_type=\"widget\" data-e-type=\"widget\" data-widget_type=\"text-editor.default\">\n\t\t\t\t<div class=\"elementor-widget-container\">\n\t\t\t\t\t\t\t\t\t<p>As part of the celebrations marking 250 years of Jewish life in Sweden, and in collaboration with Hemsl\u00f6jden and J\u00f6nk\u00f6ping County Museum, I was invited to hold a workshop on Jewish crafts. I chose to focus on embroidery of Jewish symbols.<\/p><p>I brought all the necessary materials with me, and we embroidered for two wonderful hours after a brief presentation on traditional Jewish textiles and what they are used for.<\/p>\t\t\t\t\t\t\t\t<\/div>\n\t\t\t\t<\/div>\n\t\t\t\t<div class=\"elementor-element elementor-element-a53acac elementor-align-center elementor-widget elementor-widget-button\" data-id=\"a53acac\" data-element_type=\"widget\" data-e-type=\"widget\" data-widget_type=\"button.default\">\n\t\t\t\t<div class=\"elementor-widget-container\">\n\t\t\t\t\t\t\t\t\t<div class=\"elementor-button-wrapper\">\n\t\t\t\t\t<a class=\"elementor-button elementor-button-link elementor-size-md\" href=\"https:\/\/jonkopingslansmuseum.se\/se-och-gora\/kalender\/evenemang\/kreativa-hander-judiskt-broderi\/\" target=\"_blank\">\n\t\t\t\t\t\t<span class=\"elementor-button-content-wrapper\">\n\t\t\t\t\t\t\t\t\t<span class=\"elementor-button-text\">J\u00f6nk\u00f6pings L\u00e4ns museum - Kreativa h\u00e4nder<\/span>\n\t\t\t\t\t<\/span>\n\t\t\t\t\t<\/a>\n\t\t\t\t<\/div>\n\t\t\t\t\t\t\t\t<\/div>\n\t\t\t\t<\/div>\n\t\t\t\t<\/div>\n\t\t<div class=\"elementor-element elementor-element-c669ba2 e-con-full e-flex e-con e-child\" data-id=\"c669ba2\" data-element_type=\"container\" data-e-type=\"container\">\n\t\t\t\t<div class=\"elementor-element elementor-element-59e85c7 elementor-widget elementor-widget-gallery\" data-id=\"59e85c7\" data-element_type=\"widget\" data-e-type=\"widget\" data-settings=\"{&quot;gap_tablet&quot;:{&quot;unit&quot;:&quot;px&quot;,&quot;size&quot;:15,&quot;sizes&quot;:[]},&quot;gap_mobile&quot;:{&quot;unit&quot;:&quot;px&quot;,&quot;size&quot;:5,&quot;sizes&quot;:[]},&quot;columns&quot;:3,&quot;columns_mobile&quot;:2,&quot;gallery_layout&quot;:&quot;grid&quot;,&quot;columns_tablet&quot;:2,&quot;gap&quot;:{&quot;unit&quot;:&quot;px&quot;,&quot;size&quot;:10,&quot;sizes&quot;:[]},&quot;link_to&quot;:&quot;file&quot;,&quot;aspect_ratio&quot;:&quot;3:2&quot;,&quot;overlay_background&quot;:&quot;yes&quot;,&quot;content_hover_animation&quot;:&quot;fade-in&quot;}\" data-widget_type=\"gallery.default\">\n\t\t\t\t<div class=\"elementor-widget-container\">\n\t\t\t\t\t\t\t<div class=\"elementor-gallery__container\">\n\t\t\t\t\t\t\t<a class=\"e-gallery-item elementor-gallery-item elementor-animated-content\" href=\"https:\/\/www.yaelandthebags.com\/wp-content\/uploads\/2025\/11\/IMG_1404-scaled.jpeg\" data-elementor-open-lightbox=\"yes\" data-elementor-lightbox-slideshow=\"59e85c7\" data-elementor-lightbox-title=\"IMG_1404\" data-e-action-hash=\"#elementor-action%3Aaction%3Dlightbox%26settings%3DeyJpZCI6NTA3NDgsInVybCI6Imh0dHBzOlwvXC93d3cueWFlbGFuZHRoZWJhZ3MuY29tXC93cC1jb250ZW50XC91cGxvYWRzXC8yMDI1XC8xMVwvSU1HXzE0MDQtc2NhbGVkLmpwZWciLCJzbGlkZXNob3ciOiI1OWU4NWM3In0%3D\">\n\t\t\t\t\t<div class=\"e-gallery-image elementor-gallery-item__image\" data-thumbnail=\"https:\/\/www.yaelandthebags.com\/wp-content\/uploads\/2025\/11\/IMG_1404-225x300.jpeg\" data-width=\"225\" data-height=\"300\" aria-label=\"\" role=\"img\" ><\/div>\n\t\t\t\t\t\t\t\t\t\t\t<div class=\"elementor-gallery-item__overlay\"><\/div>\n\t\t\t\t\t\t\t\t\t\t\t\t\t\t<\/a>\n\t\t\t\t\t\t\t<a class=\"e-gallery-item elementor-gallery-item elementor-animated-content\" href=\"https:\/\/www.yaelandthebags.com\/wp-content\/uploads\/2025\/11\/IMG_1397-scaled.jpeg\" data-elementor-open-lightbox=\"yes\" data-elementor-lightbox-slideshow=\"59e85c7\" data-elementor-lightbox-title=\"IMG_1397\" data-e-action-hash=\"#elementor-action%3Aaction%3Dlightbox%26settings%3DeyJpZCI6NTA3NTEsInVybCI6Imh0dHBzOlwvXC93d3cueWFlbGFuZHRoZWJhZ3MuY29tXC93cC1jb250ZW50XC91cGxvYWRzXC8yMDI1XC8xMVwvSU1HXzEzOTctc2NhbGVkLmpwZWciLCJzbGlkZXNob3ciOiI1OWU4NWM3In0%3D\">\n\t\t\t\t\t<div class=\"e-gallery-image elementor-gallery-item__image\" data-thumbnail=\"https:\/\/www.yaelandthebags.com\/wp-content\/uploads\/2025\/11\/IMG_1397-225x300.jpeg\" data-width=\"225\" data-height=\"300\" aria-label=\"\" role=\"img\" ><\/div>\n\t\t\t\t\t\t\t\t\t\t\t<div class=\"elementor-gallery-item__overlay\"><\/div>\n\t\t\t\t\t\t\t\t\t\t\t\t\t\t<\/a>\n\t\t\t\t\t\t\t<a class=\"e-gallery-item elementor-gallery-item elementor-animated-content\" href=\"https:\/\/www.yaelandthebags.com\/wp-content\/uploads\/2025\/11\/IMG_1354.jpeg\" data-elementor-open-lightbox=\"yes\" data-elementor-lightbox-slideshow=\"59e85c7\" data-elementor-lightbox-title=\"Screenshot\" data-e-action-hash=\"#elementor-action%3Aaction%3Dlightbox%26settings%3DeyJpZCI6NTA3NjEsInVybCI6Imh0dHBzOlwvXC93d3cueWFlbGFuZHRoZWJhZ3MuY29tXC93cC1jb250ZW50XC91cGxvYWRzXC8yMDI1XC8xMVwvSU1HXzEzNTQuanBlZyIsInNsaWRlc2hvdyI6IjU5ZTg1YzcifQ%3D%3D\">\n\t\t\t\t\t<div class=\"e-gallery-image elementor-gallery-item__image\" data-thumbnail=\"https:\/\/www.yaelandthebags.com\/wp-content\/uploads\/2025\/11\/IMG_1354-290x300.jpeg\" data-width=\"290\" data-height=\"300\" aria-label=\"\" role=\"img\" ><\/div>\n\t\t\t\t\t\t\t\t\t\t\t<div class=\"elementor-gallery-item__overlay\"><\/div>\n\t\t\t\t\t\t\t\t\t\t\t\t\t\t<\/a>\n\t\t\t\t\t\t\t<a class=\"e-gallery-item elementor-gallery-item elementor-animated-content\" href=\"https:\/\/www.yaelandthebags.com\/wp-content\/uploads\/2025\/05\/IMG_5402-scaled.jpeg\" data-elementor-open-lightbox=\"yes\" data-elementor-lightbox-slideshow=\"59e85c7\" data-elementor-lightbox-title=\"IMG_5402\" data-e-action-hash=\"#elementor-action%3Aaction%3Dlightbox%26settings%3DeyJpZCI6NTAyNzgsInVybCI6Imh0dHBzOlwvXC93d3cueWFlbGFuZHRoZWJhZ3MuY29tXC93cC1jb250ZW50XC91cGxvYWRzXC8yMDI1XC8wNVwvSU1HXzU0MDItc2NhbGVkLmpwZWciLCJzbGlkZXNob3ciOiI1OWU4NWM3In0%3D\">\n\t\t\t\t\t<div class=\"e-gallery-image elementor-gallery-item__image\" data-thumbnail=\"https:\/\/www.yaelandthebags.com\/wp-content\/uploads\/2025\/05\/IMG_5402-267x300.jpeg\" data-width=\"267\" data-height=\"300\" aria-label=\"\" role=\"img\" ><\/div>\n\t\t\t\t\t\t\t\t\t\t\t<div class=\"elementor-gallery-item__overlay\"><\/div>\n\t\t\t\t\t\t\t\t\t\t\t\t\t\t<\/a>\n\t\t\t\t\t\t\t<a class=\"e-gallery-item elementor-gallery-item elementor-animated-content\" href=\"https:\/\/www.yaelandthebags.com\/wp-content\/uploads\/2025\/05\/IMG_5401-scaled.jpeg\" data-elementor-open-lightbox=\"yes\" data-elementor-lightbox-slideshow=\"59e85c7\" data-elementor-lightbox-title=\"IMG_5401\" data-e-action-hash=\"#elementor-action%3Aaction%3Dlightbox%26settings%3DeyJpZCI6NTAyODUsInVybCI6Imh0dHBzOlwvXC93d3cueWFlbGFuZHRoZWJhZ3MuY29tXC93cC1jb250ZW50XC91cGxvYWRzXC8yMDI1XC8wNVwvSU1HXzU0MDEtc2NhbGVkLmpwZWciLCJzbGlkZXNob3ciOiI1OWU4NWM3In0%3D\">\n\t\t\t\t\t<div class=\"e-gallery-image elementor-gallery-item__image\" data-thumbnail=\"https:\/\/www.yaelandthebags.com\/wp-content\/uploads\/2025\/05\/IMG_5401-225x300.jpeg\" data-width=\"225\" data-height=\"300\" aria-label=\"\" role=\"img\" ><\/div>\n\t\t\t\t\t\t\t\t\t\t\t<div class=\"elementor-gallery-item__overlay\"><\/div>\n\t\t\t\t\t\t\t\t\t\t\t\t\t\t<\/a>\n\t\t\t\t\t\t\t<a class=\"e-gallery-item elementor-gallery-item elementor-animated-content\" href=\"https:\/\/www.yaelandthebags.com\/wp-content\/uploads\/2025\/11\/IMG_1398-scaled.jpeg\" data-elementor-open-lightbox=\"yes\" data-elementor-lightbox-slideshow=\"59e85c7\" data-elementor-lightbox-title=\"IMG_1398\" data-e-action-hash=\"#elementor-action%3Aaction%3Dlightbox%26settings%3DeyJpZCI6NTA3NTYsInVybCI6Imh0dHBzOlwvXC93d3cueWFlbGFuZHRoZWJhZ3MuY29tXC93cC1jb250ZW50XC91cGxvYWRzXC8yMDI1XC8xMVwvSU1HXzEzOTgtc2NhbGVkLmpwZWciLCJzbGlkZXNob3ciOiI1OWU4NWM3In0%3D\">\n\t\t\t\t\t<div class=\"e-gallery-image elementor-gallery-item__image\" data-thumbnail=\"https:\/\/www.yaelandthebags.com\/wp-content\/uploads\/2025\/11\/IMG_1398-225x300.jpeg\" data-width=\"225\" data-height=\"300\" aria-label=\"\" role=\"img\" ><\/div>\n\t\t\t\t\t\t\t\t\t\t\t<div class=\"elementor-gallery-item__overlay\"><\/div>\n\t\t\t\t\t\t\t\t\t\t\t\t\t\t<\/a>\n\t\t\t\t\t\t\t<a class=\"e-gallery-item elementor-gallery-item elementor-animated-content\" href=\"https:\/\/www.yaelandthebags.com\/wp-content\/uploads\/2025\/11\/IMG_1402-scaled.jpeg\" data-elementor-open-lightbox=\"yes\" data-elementor-lightbox-slideshow=\"59e85c7\" data-elementor-lightbox-title=\"IMG_1402\" data-e-action-hash=\"#elementor-action%3Aaction%3Dlightbox%26settings%3DeyJpZCI6NTA3NTAsInVybCI6Imh0dHBzOlwvXC93d3cueWFlbGFuZHRoZWJhZ3MuY29tXC93cC1jb250ZW50XC91cGxvYWRzXC8yMDI1XC8xMVwvSU1HXzE0MDItc2NhbGVkLmpwZWciLCJzbGlkZXNob3ciOiI1OWU4NWM3In0%3D\">\n\t\t\t\t\t<div class=\"e-gallery-image elementor-gallery-item__image\" data-thumbnail=\"https:\/\/www.yaelandthebags.com\/wp-content\/uploads\/2025\/11\/IMG_1402-225x300.jpeg\" data-width=\"225\" data-height=\"300\" aria-label=\"\" role=\"img\" ><\/div>\n\t\t\t\t\t\t\t\t\t\t\t<div class=\"elementor-gallery-item__overlay\"><\/div>\n\t\t\t\t\t\t\t\t\t\t\t\t\t\t<\/a>\n\t\t\t\t\t\t\t<a class=\"e-gallery-item elementor-gallery-item elementor-animated-content\" href=\"https:\/\/www.yaelandthebags.com\/wp-content\/uploads\/2025\/11\/IMG_1403-scaled.jpeg\" data-elementor-open-lightbox=\"yes\" data-elementor-lightbox-slideshow=\"59e85c7\" data-elementor-lightbox-title=\"IMG_1403\" data-e-action-hash=\"#elementor-action%3Aaction%3Dlightbox%26settings%3DeyJpZCI6NTA3NDksInVybCI6Imh0dHBzOlwvXC93d3cueWFlbGFuZHRoZWJhZ3MuY29tXC93cC1jb250ZW50XC91cGxvYWRzXC8yMDI1XC8xMVwvSU1HXzE0MDMtc2NhbGVkLmpwZWciLCJzbGlkZXNob3ciOiI1OWU4NWM3In0%3D\">\n\t\t\t\t\t<div class=\"e-gallery-image elementor-gallery-item__image\" data-thumbnail=\"https:\/\/www.yaelandthebags.com\/wp-content\/uploads\/2025\/11\/IMG_1403-225x300.jpeg\" data-width=\"225\" data-height=\"300\" aria-label=\"\" role=\"img\" ><\/div>\n\t\t\t\t\t\t\t\t\t\t\t<div class=\"elementor-gallery-item__overlay\"><\/div>\n\t\t\t\t\t\t\t\t\t\t\t\t\t\t<\/a>\n\t\t\t\t\t\t\t<a class=\"e-gallery-item elementor-gallery-item elementor-animated-content\" href=\"https:\/\/www.yaelandthebags.com\/wp-content\/uploads\/2025\/11\/877D7356-2747-447D-890D-DA86AAFFCC1F.jpeg\" data-elementor-open-lightbox=\"yes\" data-elementor-lightbox-slideshow=\"59e85c7\" data-elementor-lightbox-title=\"877D7356-2747-447D-890D-DA86AAFFCC1F\" data-e-action-hash=\"#elementor-action%3Aaction%3Dlightbox%26settings%3DeyJpZCI6NTA3NDcsInVybCI6Imh0dHBzOlwvXC93d3cueWFlbGFuZHRoZWJhZ3MuY29tXC93cC1jb250ZW50XC91cGxvYWRzXC8yMDI1XC8xMVwvODc3RDczNTYtMjc0Ny00NDdELTg5MEQtREE4NkFBRkZDQzFGLmpwZWciLCJzbGlkZXNob3ciOiI1OWU4NWM3In0%3D\">\n\t\t\t\t\t<div class=\"e-gallery-image elementor-gallery-item__image\" data-thumbnail=\"https:\/\/www.yaelandthebags.com\/wp-content\/uploads\/2025\/11\/877D7356-2747-447D-890D-DA86AAFFCC1F-225x300.jpeg\" data-width=\"225\" data-height=\"300\" aria-label=\"\" role=\"img\" ><\/div>\n\t\t\t\t\t\t\t\t\t\t\t<div class=\"elementor-gallery-item__overlay\"><\/div>\n\t\t\t\t\t\t\t\t\t\t\t\t\t\t<\/a>\n\t\t\t\t\t\t\t<a class=\"e-gallery-item elementor-gallery-item elementor-animated-content\" href=\"https:\/\/www.yaelandthebags.com\/wp-content\/uploads\/2025\/11\/IMG_1395-scaled.jpeg\" data-elementor-open-lightbox=\"yes\" data-elementor-lightbox-slideshow=\"59e85c7\" data-elementor-lightbox-title=\"IMG_1395\" data-e-action-hash=\"#elementor-action%3Aaction%3Dlightbox%26settings%3DeyJpZCI6NTA3NTMsInVybCI6Imh0dHBzOlwvXC93d3cueWFlbGFuZHRoZWJhZ3MuY29tXC93cC1jb250ZW50XC91cGxvYWRzXC8yMDI1XC8xMVwvSU1HXzEzOTUtc2NhbGVkLmpwZWciLCJzbGlkZXNob3ciOiI1OWU4NWM3In0%3D\">\n\t\t\t\t\t<div class=\"e-gallery-image elementor-gallery-item__image\" data-thumbnail=\"https:\/\/www.yaelandthebags.com\/wp-content\/uploads\/2025\/11\/IMG_1395-225x300.jpeg\" data-width=\"225\" data-height=\"300\" aria-label=\"\" role=\"img\" ><\/div>\n\t\t\t\t\t\t\t\t\t\t\t<div class=\"elementor-gallery-item__overlay\"><\/div>\n\t\t\t\t\t\t\t\t\t\t\t\t\t\t<\/a>\n\t\t\t\t\t<\/div>\n\t\t\t\t\t<\/div>\n\t\t\t\t<\/div>\n\t\t\t\t<\/div>\n\t\t\t\t\t<\/div>\n\t\t\t\t<\/div>\n\t\t<div class=\"elementor-element elementor-element-32c9d22 e-flex e-con-boxed e-con e-parent\" data-id=\"32c9d22\" data-element_type=\"container\" data-e-type=\"container\">\n\t\t\t\t\t<div class=\"e-con-inner\">\n\t\t\t\t<div class=\"elementor-element elementor-element-bf3b5ec elementor-widget-divider--separator-type-pattern elementor-widget-divider--no-spacing elementor-widget-divider--view-line elementor-widget elementor-widget-divider\" data-id=\"bf3b5ec\" data-element_type=\"widget\" data-e-type=\"widget\" data-widget_type=\"divider.default\">\n\t\t\t\t<div class=\"elementor-widget-container\">\n\t\t\t\t\t\t\t<div class=\"elementor-divider\" style=\"--divider-pattern-url: url(&quot;data:image\/svg+xml,%3Csvg xmlns=&#039;http:\/\/www.w3.org\/2000\/svg&#039; preserveAspectRatio=&#039;xMidYMid meet&#039; overflow=&#039;visible&#039; height=&#039;100%&#039; viewBox=&#039;0 0 120 26&#039; fill=&#039;black&#039; stroke=&#039;none&#039;%3E%3Cpath d=&#039;M11.9,15.9L11.9,15.9L0,16c-0.2-3.7,1.5-5.7,4.9-6C10,9.6,12.4,14.2,11.9,15.9zM26.9,15.9L26.9,15.9L15,16c0.5-3.7,2.5-5.7,5.9-6C26,9.6,27.4,14.2,26.9,15.9z M37.1,10c3.4,0.3,5.1,2.3,4.9,6H30.1C29.5,14.4,31.9,9.6,37.1,10z M57,15.9L57,15.9L45,16c0-3.4,1.6-5.4,4.9-5.9C54.8,9.3,57.4,14.2,57,15.9z M71.9,15.9L71.9,15.9L60,16c-0.2-3.7,1.5-5.7,4.9-6C70,9.6,72.4,14.2,71.9,15.9z M82.2,10c3.4,0.3,5,2.3,4.8,6H75.3C74,13,77.1,9.6,82.2,10zM101.9,15.9L101.9,15.9L90,16c-0.2-3.7,1.5-5.7,4.9-6C100,9.6,102.4,14.2,101.9,15.9z M112.1,10.1c2.7,0.5,4.3,2.5,4.9,5.9h-11.9l0,0C104.5,14.4,108,9.3,112.1,10.1z&#039;\/%3E%3C\/svg%3E&quot;);\">\n\t\t\t<span class=\"elementor-divider-separator\">\n\t\t\t\t\t\t<\/span>\n\t\t<\/div>\n\t\t\t\t\t\t<\/div>\n\t\t\t\t<\/div>\n\t\t\t\t\t<\/div>\n\t\t\t\t<\/div>\n\t\t<div class=\"elementor-element elementor-element-9aa8b8c e-flex e-con-boxed e-con e-parent\" data-id=\"9aa8b8c\" data-element_type=\"container\" data-e-type=\"container\">\n\t\t\t\t\t<div class=\"e-con-inner\">\n\t\t\t\t\t<\/div>\n\t\t\t\t<\/div>\n\t\t\t\t<\/div>","protected":false},"excerpt":{"rendered":"<p>Jag erbjuder kurser och workshops i textilt hantverk som tex intuitivt broderi, allm\u00e4n s\u00f6mnad, judiskt broderi och syjuntor. \u00a0H\u00f6r av dig s\u00e5 pratar vi om vad som kan passa just din verksamhet. F\u00f6r uppdrag och samarbeten h\u00f6r av dig till: info@yaelandthebags.com J\u00f6nk\u00f6pings L\u00e4ns museum Workshop i broderi av judiska symboler. Inom ramen f\u00f6r firandet av&hellip;<\/p>","protected":false},"author":5,"featured_media":0,"parent":86,"menu_order":0,"comment_status":"closed","ping_status":"closed","template":"","meta":{"footnotes":""},"class_list":["post-50723","page","type-page","status-publish","hentry"],"_links":{"self":[{"href":"https:\/\/www.yaelandthebags.com\/en\/wp-json\/wp\/v2\/pages\/50723","targetHints":{"allow":["GET"]}}],"collection":[{"href":"https:\/\/www.yaelandthebags.com\/en\/wp-json\/wp\/v2\/pages"}],"about":[{"href":"https:\/\/www.yaelandthebags.com\/en\/wp-json\/wp\/v2\/types\/page"}],"author":[{"embeddable":true,"href":"https:\/\/www.yaelandthebags.com\/en\/wp-json\/wp\/v2\/users\/5"}],"replies":[{"embeddable":true,"href":"https:\/\/www.yaelandthebags.com\/en\/wp-json\/wp\/v2\/comments?post=50723"}],"version-history":[{"count":6,"href":"https:\/\/www.yaelandthebags.com\/en\/wp-json\/wp\/v2\/pages\/50723\/revisions"}],"predecessor-version":[{"id":50776,"href":"https:\/\/www.yaelandthebags.com\/en\/wp-json\/wp\/v2\/pages\/50723\/revisions\/50776"}],"up":[{"embeddable":true,"href":"https:\/\/www.yaelandthebags.com\/en\/wp-json\/wp\/v2\/pages\/86"}],"wp:attachment":[{"href":"https:\/\/www.yaelandthebags.com\/en\/wp-json\/wp\/v2\/media?parent=50723"}],"curies":[{"name":"wp","href":"https:\/\/api.w.org\/{rel}","templated":true}]}}