{"id":5807,"date":"2023-05-15T20:20:44","date_gmt":"2023-05-15T18:20:44","guid":{"rendered":"https:\/\/www.yaelandthebags.com\/?page_id=5807"},"modified":"2024-12-18T09:16:42","modified_gmt":"2024-12-18T08:16:42","slug":"kuddfodral","status":"publish","type":"page","link":"https:\/\/www.yaelandthebags.com\/en\/product-info\/kuddfodral\/","title":{"rendered":"Pillow Covers"},"content":{"rendered":"\t\t<div data-elementor-type=\"wp-page\" data-elementor-id=\"5807\" class=\"elementor elementor-5807\" data-elementor-post-type=\"page\">\n\t\t\t\t<div class=\"elementor-element elementor-element-2ac8ad6 e-flex e-con-boxed e-con e-parent\" data-id=\"2ac8ad6\" data-element_type=\"container\" data-e-type=\"container\">\n\t\t\t\t\t<div class=\"e-con-inner\">\n\t\t<div class=\"elementor-element elementor-element-5d6457b e-con-full e-flex e-con e-child\" data-id=\"5d6457b\" data-element_type=\"container\" data-e-type=\"container\">\n\t\t\t\t<div class=\"elementor-element elementor-element-fa5306f elementor-widget elementor-widget-heading\" data-id=\"fa5306f\" data-element_type=\"widget\" data-e-type=\"widget\" data-widget_type=\"heading.default\">\n\t\t\t\t<div class=\"elementor-widget-container\">\n\t\t\t\t\t<h2 class=\"elementor-heading-title elementor-size-default\">Produktinformation<\/h2>\t\t\t\t<\/div>\n\t\t\t\t<\/div>\n\t\t\t\t<div class=\"elementor-element elementor-element-af61dd2 elementor-widget elementor-widget-text-editor\" data-id=\"af61dd2\" data-element_type=\"widget\" data-e-type=\"widget\" data-widget_type=\"text-editor.default\">\n\t\t\t\t<div class=\"elementor-widget-container\">\n\t\t\t\t\t\t\t\t\t<p><span style=\"color: #000000;\">Nedan finns detaljerad information om de kuddfodral som ing\u00e5r i sortimentet. Alla produkter jag tillverkar \u00e4r unika och bilderna nedan \u00e4r \u00a0endast exempel p\u00e5 hur varje modell kan se ut.<\/span><\/p>\t\t\t\t\t\t\t\t<\/div>\n\t\t\t\t<\/div>\n\t\t\t\t<div class=\"elementor-element elementor-element-90d0c72 elementor-widget elementor-widget-image\" data-id=\"90d0c72\" data-element_type=\"widget\" data-e-type=\"widget\" data-widget_type=\"image.default\">\n\t\t\t\t<div class=\"elementor-widget-container\">\n\t\t\t\t\t\t\t\t\t\t\t\t\t\t\t<img decoding=\"async\" src=\"https:\/\/www.yaelandthebags.com\/wp-content\/uploads\/2024\/12\/ornament-.svg\" title=\"ornament-.svg\" alt=\"ornament-.svg\" loading=\"lazy\" \/>\t\t\t\t\t\t\t\t\t\t\t\t\t\t\t<\/div>\n\t\t\t\t<\/div>\n\t\t\t\t<div class=\"elementor-element elementor-element-294645c elementor-widget elementor-widget-text-editor\" data-id=\"294645c\" data-element_type=\"widget\" data-e-type=\"widget\" data-widget_type=\"text-editor.default\">\n\t\t\t\t<div class=\"elementor-widget-container\">\n\t\t\t\t\t\t\t\t\t<p><span style=\"color: #000000;\">Vid best\u00e4llning; v\u00e4lj produkt samt \u00f6nskem\u00e5l avseende f\u00e4rg\/f\u00e4rgkombinationer.<\/span><\/p>\t\t\t\t\t\t\t\t<\/div>\n\t\t\t\t<\/div>\n\t\t\t\t<div class=\"elementor-element elementor-element-9b63a4c elementor-align-center elementor-widget elementor-widget-button\" data-id=\"9b63a4c\" data-element_type=\"widget\" data-e-type=\"widget\" data-widget_type=\"button.default\">\n\t\t\t\t<div class=\"elementor-widget-container\">\n\t\t\t\t\t\t\t\t\t<div class=\"elementor-button-wrapper\">\n\t\t\t\t\t<a class=\"elementor-button elementor-button-link elementor-size-md\" href=\"https:\/\/www.yaelandthebags.com\/produkt\/bestallning\/\">\n\t\t\t\t\t\t<span class=\"elementor-button-content-wrapper\">\n\t\t\t\t\t\t\t\t\t<span class=\"elementor-button-text\">Till best\u00e4llning<\/span>\n\t\t\t\t\t<\/span>\n\t\t\t\t\t<\/a>\n\t\t\t\t<\/div>\n\t\t\t\t\t\t\t\t<\/div>\n\t\t\t\t<\/div>\n\t\t\t\t<\/div>\n\t\t<div class=\"elementor-element elementor-element-c522d6f e-con-full e-flex e-con e-child\" data-id=\"c522d6f\" data-element_type=\"container\" data-e-type=\"container\">\n\t\t\t\t<div class=\"elementor-element elementor-element-4557cb4 elementor-widget elementor-widget-image\" data-id=\"4557cb4\" data-element_type=\"widget\" data-e-type=\"widget\" data-widget_type=\"image.default\">\n\t\t\t\t<div class=\"elementor-widget-container\">\n\t\t\t\t\t\t\t\t\t\t\t\t\t\t\t<img fetchpriority=\"high\" decoding=\"async\" width=\"1024\" height=\"768\" src=\"https:\/\/www.yaelandthebags.com\/wp-content\/uploads\/2023\/04\/20230226_105422-1024x768.jpg\" class=\"attachment-large size-large wp-image-1242\" alt=\"\" srcset=\"https:\/\/www.yaelandthebags.com\/wp-content\/uploads\/2023\/04\/20230226_105422-1024x768.jpg 1024w, https:\/\/www.yaelandthebags.com\/wp-content\/uploads\/2023\/04\/20230226_105422-300x225.jpg 300w, https:\/\/www.yaelandthebags.com\/wp-content\/uploads\/2023\/04\/20230226_105422-768x576.jpg 768w, https:\/\/www.yaelandthebags.com\/wp-content\/uploads\/2023\/04\/20230226_105422-1536x1152.jpg 1536w, https:\/\/www.yaelandthebags.com\/wp-content\/uploads\/2023\/04\/20230226_105422-2048x1536.jpg 2048w, https:\/\/www.yaelandthebags.com\/wp-content\/uploads\/2023\/04\/20230226_105422-600x450.jpg 600w\" sizes=\"(max-width: 1024px) 100vw, 1024px\" \/>\t\t\t\t\t\t\t\t\t\t\t\t\t\t\t<\/div>\n\t\t\t\t<\/div>\n\t\t\t\t<\/div>\n\t\t\t\t\t<\/div>\n\t\t\t\t<\/div>\n\t\t<div class=\"elementor-element elementor-element-04a5a84 e-flex e-con-boxed e-con e-parent\" data-id=\"04a5a84\" data-element_type=\"container\" data-e-type=\"container\" data-settings=\"{&quot;background_background&quot;:&quot;classic&quot;}\">\n\t\t\t\t\t<div class=\"e-con-inner\">\n\t\t\t\t<div class=\"elementor-element elementor-element-10340b0 elementor-widget__width-inherit elementor-widget elementor-widget-text-editor\" data-id=\"10340b0\" data-element_type=\"widget\" data-e-type=\"widget\" data-widget_type=\"text-editor.default\">\n\t\t\t\t<div class=\"elementor-widget-container\">\n\t\t\t\t\t\t\t\t\t<p><em><strong>T\u00e4nk p\u00e5! Alla produkter\u00a0\u00e4<\/strong><\/em><span data-contrast=\"none\"><em><strong>r<\/strong> <strong>unika avseende f<\/strong><\/em><\/span><em><strong>\u00e4<\/strong><\/em><span data-contrast=\"none\"><em><strong>rger och dekoration<\/strong><\/em>. <\/span><span data-ccp-props=\"{&quot;134233117&quot;:false,&quot;134233118&quot;:false,&quot;134245417&quot;:true,&quot;134245418&quot;:false,&quot;134245529&quot;:false,&quot;201341983&quot;:0,&quot;335551550&quot;:2,&quot;335551620&quot;:2,&quot;335559685&quot;:0,&quot;335559731&quot;:0,&quot;335559737&quot;:0,&quot;335559738&quot;:0,&quot;335559739&quot;:288,&quot;335559740&quot;:240}\">\u00a0<\/span><\/p>\t\t\t\t\t\t\t\t<\/div>\n\t\t\t\t<\/div>\n\t\t\t\t\t<\/div>\n\t\t\t\t<\/div>\n\t\t<div class=\"elementor-element elementor-element-9961efb e-flex e-con-boxed e-con e-parent\" data-id=\"9961efb\" data-element_type=\"container\" data-e-type=\"container\">\n\t\t\t\t\t<div class=\"e-con-inner\">\n\t\t<div class=\"elementor-element elementor-element-2ef6245 e-con-full e-flex e-con e-child\" data-id=\"2ef6245\" data-element_type=\"container\" data-e-type=\"container\">\n\t\t\t\t<div class=\"elementor-element elementor-element-0fff067 elementor-widget elementor-widget-heading\" data-id=\"0fff067\" data-element_type=\"widget\" data-e-type=\"widget\" data-widget_type=\"heading.default\">\n\t\t\t\t<div class=\"elementor-widget-container\">\n\t\t\t\t\t<h2 class=\"elementor-heading-title elementor-size-default\">Kuddfodral<\/h2>\t\t\t\t<\/div>\n\t\t\t\t<\/div>\n\t\t\t\t<div class=\"elementor-element elementor-element-1d19d70 elementor-widget elementor-widget-text-editor\" data-id=\"1d19d70\" data-element_type=\"widget\" data-e-type=\"widget\" data-widget_type=\"text-editor.default\">\n\t\t\t\t<div class=\"elementor-widget-container\">\n\t\t\t\t\t\t\t\t\t<ul><li data-leveltext=\"\u2022\" data-font=\"Helvetica\" data-listid=\"3\" data-list-defn-props=\"{&quot;201340374&quot;:2,&quot;335551500&quot;:5855577,&quot;335552541&quot;:1,&quot;335559684&quot;:-2,&quot;335559685&quot;:720,&quot;335559991&quot;:500,&quot;469769226&quot;:&quot;Helvetica&quot;,&quot;469769242&quot;:[8226],&quot;469777803&quot;:&quot;left&quot;,&quot;469777804&quot;:&quot;\u2022&quot;,&quot;469777815&quot;:&quot;hybridMultilevel&quot;}\" aria-setsize=\"-1\" data-aria-posinset=\"1\" data-aria-level=\"1\"><strong>Unikt kuddfodral\u00a0<\/strong><\/li><li data-leveltext=\"\u2022\" data-font=\"Helvetica\" data-listid=\"3\" data-list-defn-props=\"{&quot;201340374&quot;:2,&quot;335551500&quot;:5855577,&quot;335552541&quot;:1,&quot;335559684&quot;:-2,&quot;335559685&quot;:720,&quot;335559991&quot;:500,&quot;469769226&quot;:&quot;Helvetica&quot;,&quot;469769242&quot;:[8226],&quot;469777803&quot;:&quot;left&quot;,&quot;469777804&quot;:&quot;\u2022&quot;,&quot;469777815&quot;:&quot;hybridMultilevel&quot;}\" aria-setsize=\"-1\" data-aria-posinset=\"2\" data-aria-level=\"1\"><span data-contrast=\"none\">St\u00e4ngs med dragkedja i plast<\/span><span data-ccp-props=\"{&quot;134233117&quot;:false,&quot;134233118&quot;:false,&quot;134245417&quot;:true,&quot;134245418&quot;:false,&quot;134245529&quot;:false,&quot;201341983&quot;:0,&quot;335551550&quot;:1,&quot;335551620&quot;:1,&quot;335559737&quot;:0,&quot;335559738&quot;:0,&quot;335559740&quot;:240}\">\u00a0<\/span><\/li><li data-leveltext=\"\u2022\" data-font=\"Helvetica\" data-listid=\"3\" data-list-defn-props=\"{&quot;201340374&quot;:2,&quot;335551500&quot;:5855577,&quot;335552541&quot;:1,&quot;335559684&quot;:-2,&quot;335559685&quot;:720,&quot;335559991&quot;:500,&quot;469769226&quot;:&quot;Helvetica&quot;,&quot;469769242&quot;:[8226],&quot;469777803&quot;:&quot;left&quot;,&quot;469777804&quot;:&quot;\u2022&quot;,&quot;469777815&quot;:&quot;hybridMultilevel&quot;}\" aria-setsize=\"-1\" data-aria-posinset=\"3\" data-aria-level=\"1\"><span data-contrast=\"none\">Kan tv<\/span><span data-contrast=\"none\">\u00e4<\/span><span data-contrast=\"none\">ttas i tv\u00e4tt<\/span><span data-contrast=\"none\">maskin\u202f<\/span><span data-ccp-props=\"{&quot;134233117&quot;:false,&quot;134233118&quot;:false,&quot;134245417&quot;:true,&quot;134245418&quot;:false,&quot;134245529&quot;:false,&quot;201341983&quot;:0,&quot;335551550&quot;:1,&quot;335551620&quot;:1,&quot;335559737&quot;:0,&quot;335559738&quot;:0,&quot;335559740&quot;:240}\">\u00a0<\/span><\/li><li data-leveltext=\"\u2022\" data-font=\"Helvetica\" data-listid=\"3\" data-list-defn-props=\"{&quot;201340374&quot;:2,&quot;335551500&quot;:5855577,&quot;335552541&quot;:1,&quot;335559684&quot;:-2,&quot;335559685&quot;:720,&quot;335559991&quot;:500,&quot;469769226&quot;:&quot;Helvetica&quot;,&quot;469769242&quot;:[8226],&quot;469777803&quot;:&quot;left&quot;,&quot;469777804&quot;:&quot;\u2022&quot;,&quot;469777815&quot;:&quot;hybridMultilevel&quot;}\" aria-setsize=\"-1\" data-aria-posinset=\"4\" data-aria-level=\"1\"><span data-contrast=\"none\">Kuddfodralen finns i tv<\/span><span data-contrast=\"none\">\u00e5 <\/span><span data-contrast=\"none\">olika storlekar:<\/span><span data-ccp-props=\"{&quot;134233117&quot;:false,&quot;134233118&quot;:false,&quot;134245417&quot;:true,&quot;134245418&quot;:false,&quot;134245529&quot;:false,&quot;201341983&quot;:0,&quot;335551550&quot;:1,&quot;335551620&quot;:1,&quot;335559737&quot;:0,&quot;335559738&quot;:0,&quot;335559740&quot;:240}\">\u00a0<\/span><ul><li data-leveltext=\"\u2022\" data-font=\"Helvetica\" data-listid=\"3\" data-list-defn-props=\"{&quot;201340374&quot;:2,&quot;335551500&quot;:5855577,&quot;335552541&quot;:1,&quot;335559684&quot;:-2,&quot;335559685&quot;:720,&quot;335559991&quot;:500,&quot;469769226&quot;:&quot;Helvetica&quot;,&quot;469769242&quot;:[8226],&quot;469777803&quot;:&quot;left&quot;,&quot;469777804&quot;:&quot;\u2022&quot;,&quot;469777815&quot;:&quot;hybridMultilevel&quot;}\" aria-setsize=\"-1\" data-aria-posinset=\"4\" data-aria-level=\"1\"><span data-contrast=\"none\">Mellan: 40 x 40 cm<\/span><span data-ccp-props=\"{&quot;134233117&quot;:false,&quot;134233118&quot;:false,&quot;134245417&quot;:true,&quot;134245418&quot;:false,&quot;134245529&quot;:false,&quot;201341983&quot;:0,&quot;335551550&quot;:1,&quot;335551620&quot;:1,&quot;335559737&quot;:0,&quot;335559738&quot;:0,&quot;335559740&quot;:240}\">\u00a0<\/span><\/li><li data-leveltext=\"\u2022\" data-font=\"Helvetica\" data-listid=\"3\" data-list-defn-props=\"{&quot;201340374&quot;:2,&quot;335551500&quot;:5855577,&quot;335552541&quot;:1,&quot;335559684&quot;:-2,&quot;335559685&quot;:720,&quot;335559991&quot;:500,&quot;469769226&quot;:&quot;Helvetica&quot;,&quot;469769242&quot;:[8226],&quot;469777803&quot;:&quot;left&quot;,&quot;469777804&quot;:&quot;\u2022&quot;,&quot;469777815&quot;:&quot;hybridMultilevel&quot;}\" aria-setsize=\"-1\" data-aria-posinset=\"4\" data-aria-level=\"1\"><span data-contrast=\"none\">Stor: 45 x 45 cm<\/span><span data-ccp-props=\"{&quot;134233117&quot;:false,&quot;134233118&quot;:false,&quot;134245417&quot;:true,&quot;134245418&quot;:false,&quot;134245529&quot;:false,&quot;201341983&quot;:0,&quot;335551550&quot;:1,&quot;335551620&quot;:1,&quot;335559737&quot;:0,&quot;335559738&quot;:0,&quot;335559740&quot;:240}\">\u00a0<\/span><\/li><\/ul><\/li><li>Kuddfodralen kan \u00e4ven g\u00f6ras i \u00f6nskad storlek, kontakta mig vid f\u00f6rfr\u00e5gan<\/li><\/ul>\t\t\t\t\t\t\t\t<\/div>\n\t\t\t\t<\/div>\n\t\t\t\t<div class=\"elementor-element elementor-element-5c2ff70 elementor-widget elementor-widget-image\" data-id=\"5c2ff70\" data-element_type=\"widget\" data-e-type=\"widget\" data-widget_type=\"image.default\">\n\t\t\t\t<div class=\"elementor-widget-container\">\n\t\t\t\t\t\t\t\t\t\t\t\t\t\t\t<img decoding=\"async\" src=\"https:\/\/www.yaelandthebags.com\/wp-content\/uploads\/2024\/12\/ornament-.svg\" title=\"ornament-.svg\" alt=\"ornament-.svg\" loading=\"lazy\" \/>\t\t\t\t\t\t\t\t\t\t\t\t\t\t\t<\/div>\n\t\t\t\t<\/div>\n\t\t\t\t<div class=\"elementor-element elementor-element-70879c5 elementor-widget elementor-widget-heading\" data-id=\"70879c5\" data-element_type=\"widget\" data-e-type=\"widget\" data-widget_type=\"heading.default\">\n\t\t\t\t<div class=\"elementor-widget-container\">\n\t\t\t\t\t<h2 class=\"elementor-heading-title elementor-size-default\">Mellan: 499 Kr<\/h2>\t\t\t\t<\/div>\n\t\t\t\t<\/div>\n\t\t\t\t<div class=\"elementor-element elementor-element-75d735c elementor-widget elementor-widget-heading\" data-id=\"75d735c\" data-element_type=\"widget\" data-e-type=\"widget\" data-widget_type=\"heading.default\">\n\t\t\t\t<div class=\"elementor-widget-container\">\n\t\t\t\t\t<h2 class=\"elementor-heading-title elementor-size-default\">  Stor: 529 Kr<\/h2>\t\t\t\t<\/div>\n\t\t\t\t<\/div>\n\t\t\t\t<\/div>\n\t\t<div class=\"elementor-element elementor-element-85db036 e-con-full e-flex e-con e-child\" data-id=\"85db036\" data-element_type=\"container\" data-e-type=\"container\">\n\t\t\t\t<div class=\"elementor-element elementor-element-26393af elementor-widget elementor-widget-image\" data-id=\"26393af\" data-element_type=\"widget\" data-e-type=\"widget\" data-widget_type=\"image.default\">\n\t\t\t\t<div class=\"elementor-widget-container\">\n\t\t\t\t\t\t\t\t\t\t\t\t\t\t\t<img decoding=\"async\" width=\"768\" height=\"768\" src=\"https:\/\/www.yaelandthebags.com\/wp-content\/uploads\/2023\/03\/40F6F118-7408-4DD5-B845-6CC070A2BCB9-768x768.jpeg\" class=\"attachment-medium_large size-medium_large wp-image-732\" alt=\"\" srcset=\"https:\/\/www.yaelandthebags.com\/wp-content\/uploads\/2023\/03\/40F6F118-7408-4DD5-B845-6CC070A2BCB9-768x768.jpeg 768w, https:\/\/www.yaelandthebags.com\/wp-content\/uploads\/2023\/03\/40F6F118-7408-4DD5-B845-6CC070A2BCB9-300x300.jpeg 300w, https:\/\/www.yaelandthebags.com\/wp-content\/uploads\/2023\/03\/40F6F118-7408-4DD5-B845-6CC070A2BCB9-1024x1024.jpeg 1024w, https:\/\/www.yaelandthebags.com\/wp-content\/uploads\/2023\/03\/40F6F118-7408-4DD5-B845-6CC070A2BCB9-150x150.jpeg 150w, https:\/\/www.yaelandthebags.com\/wp-content\/uploads\/2023\/03\/40F6F118-7408-4DD5-B845-6CC070A2BCB9-600x600.jpeg 600w, https:\/\/www.yaelandthebags.com\/wp-content\/uploads\/2023\/03\/40F6F118-7408-4DD5-B845-6CC070A2BCB9-100x100.jpeg 100w, https:\/\/www.yaelandthebags.com\/wp-content\/uploads\/2023\/03\/40F6F118-7408-4DD5-B845-6CC070A2BCB9.jpeg 1440w\" sizes=\"(max-width: 768px) 100vw, 768px\" \/>\t\t\t\t\t\t\t\t\t\t\t\t\t\t\t<\/div>\n\t\t\t\t<\/div>\n\t\t\t\t<div class=\"elementor-element elementor-element-4225ab4 elementor-align-center elementor-widget elementor-widget-button\" data-id=\"4225ab4\" data-element_type=\"widget\" data-e-type=\"widget\" data-widget_type=\"button.default\">\n\t\t\t\t<div class=\"elementor-widget-container\">\n\t\t\t\t\t\t\t\t\t<div class=\"elementor-button-wrapper\">\n\t\t\t\t\t<a class=\"elementor-button elementor-button-link elementor-size-md\" href=\"https:\/\/www.yaelandthebags.com\/produkt\/bestallning\/\">\n\t\t\t\t\t\t<span class=\"elementor-button-content-wrapper\">\n\t\t\t\t\t\t\t\t\t<span class=\"elementor-button-text\">Till best\u00e4llning<\/span>\n\t\t\t\t\t<\/span>\n\t\t\t\t\t<\/a>\n\t\t\t\t<\/div>\n\t\t\t\t\t\t\t\t<\/div>\n\t\t\t\t<\/div>\n\t\t\t\t<\/div>\n\t\t\t\t\t<\/div>\n\t\t\t\t<\/div>\n\t\t\t\t<\/div>\n\t\t","protected":false},"excerpt":{"rendered":"<p>Produktinformation Nedan finns detaljerad information om de kuddfodral som ing\u00e5r i sortimentet. Alla produkter jag tillverkar \u00e4r unika och bilderna nedan \u00e4r \u00a0endast exempel p\u00e5 hur varje modell kan se ut. Vid best\u00e4llning; v\u00e4lj produkt samt \u00f6nskem\u00e5l avseende f\u00e4rg\/f\u00e4rgkombinationer. Till best\u00e4llning T\u00e4nk p\u00e5! Alla produkter\u00a0\u00e4r unika avseende f\u00e4rger och dekoration. \u00a0 Kuddfodral Unikt kuddfodral\u00a0 St\u00e4ngs&hellip;<\/p>","protected":false},"author":5,"featured_media":0,"parent":3075,"menu_order":0,"comment_status":"closed","ping_status":"closed","template":"","meta":{"footnotes":""},"class_list":["post-5807","page","type-page","status-publish","hentry"],"_links":{"self":[{"href":"https:\/\/www.yaelandthebags.com\/en\/wp-json\/wp\/v2\/pages\/5807","targetHints":{"allow":["GET"]}}],"collection":[{"href":"https:\/\/www.yaelandthebags.com\/en\/wp-json\/wp\/v2\/pages"}],"about":[{"href":"https:\/\/www.yaelandthebags.com\/en\/wp-json\/wp\/v2\/types\/page"}],"author":[{"embeddable":true,"href":"https:\/\/www.yaelandthebags.com\/en\/wp-json\/wp\/v2\/users\/5"}],"replies":[{"embeddable":true,"href":"https:\/\/www.yaelandthebags.com\/en\/wp-json\/wp\/v2\/comments?post=5807"}],"version-history":[{"count":6,"href":"https:\/\/www.yaelandthebags.com\/en\/wp-json\/wp\/v2\/pages\/5807\/revisions"}],"predecessor-version":[{"id":48855,"href":"https:\/\/www.yaelandthebags.com\/en\/wp-json\/wp\/v2\/pages\/5807\/revisions\/48855"}],"up":[{"embeddable":true,"href":"https:\/\/www.yaelandthebags.com\/en\/wp-json\/wp\/v2\/pages\/3075"}],"wp:attachment":[{"href":"https:\/\/www.yaelandthebags.com\/en\/wp-json\/wp\/v2\/media?parent=5807"}],"curies":[{"name":"wp","href":"https:\/\/api.w.org\/{rel}","templated":true}]}}