{"id":10095,"date":"2025-01-14T16:12:35","date_gmt":"2025-01-14T15:12:35","guid":{"rendered":"https:\/\/www.yaelandthebags.com\/?post_type=product&#038;p=10095"},"modified":"2025-02-10T22:11:29","modified_gmt":"2025-02-10T21:11:29","slug":"knapp-spetsblomma-14-mm","status":"publish","type":"product","link":"https:\/\/www.yaelandthebags.com\/en\/product\/knapp-spetsblomma-14-mm\/","title":{"rendered":"Button - lace flower 14 mm"},"content":{"rendered":"<p>cinnamon colour shell with laser flower design<\/p>\n<p>14 mm in diameter<\/p>","protected":false},"excerpt":{"rendered":"<p>Kanelf\u00e4rgad knapp i sn\u00e4ckskal med ingraverat spetsm\u00f6nster. 14 mm i diameter<\/p>","protected":false},"featured_media":9927,"comment_status":"open","ping_status":"closed","template":"","meta":[],"product_brand":[],"product_cat":[52],"product_tag":[],"class_list":{"0":"post-10095","1":"product","2":"type-product","3":"status-publish","4":"has-post-thumbnail","6":"product_cat-knappar","7":"description-off","9":"first","10":"instock","11":"taxable","12":"shipping-taxable","13":"purchasable","14":"product-type-simple"},"exclude_global_add_ons":[],"addons":[],"_links":{"self":[{"href":"https:\/\/www.yaelandthebags.com\/en\/wp-json\/wp\/v2\/product\/10095","targetHints":{"allow":["GET"]}}],"collection":[{"href":"https:\/\/www.yaelandthebags.com\/en\/wp-json\/wp\/v2\/product"}],"about":[{"href":"https:\/\/www.yaelandthebags.com\/en\/wp-json\/wp\/v2\/types\/product"}],"replies":[{"embeddable":true,"href":"https:\/\/www.yaelandthebags.com\/en\/wp-json\/wp\/v2\/comments?post=10095"}],"version-history":[{"count":1,"href":"https:\/\/www.yaelandthebags.com\/en\/wp-json\/wp\/v2\/product\/10095\/revisions"}],"predecessor-version":[{"id":49439,"href":"https:\/\/www.yaelandthebags.com\/en\/wp-json\/wp\/v2\/product\/10095\/revisions\/49439"}],"wp:featuredmedia":[{"embeddable":true,"href":"https:\/\/www.yaelandthebags.com\/en\/wp-json\/wp\/v2\/media\/9927"}],"wp:attachment":[{"href":"https:\/\/www.yaelandthebags.com\/en\/wp-json\/wp\/v2\/media?parent=10095"}],"wp:term":[{"taxonomy":"product_brand","embeddable":true,"href":"https:\/\/www.yaelandthebags.com\/en\/wp-json\/wp\/v2\/product_brand?post=10095"},{"taxonomy":"product_cat","embeddable":true,"href":"https:\/\/www.yaelandthebags.com\/en\/wp-json\/wp\/v2\/product_cat?post=10095"},{"taxonomy":"product_tag","embeddable":true,"href":"https:\/\/www.yaelandthebags.com\/en\/wp-json\/wp\/v2\/product_tag?post=10095"}],"curies":[{"name":"wp","href":"https:\/\/api.w.org\/{rel}","templated":true}]}}