{"id":10118,"date":"2025-01-15T10:14:11","date_gmt":"2025-01-15T09:14:11","guid":{"rendered":"https:\/\/www.yaelandthebags.com\/?post_type=product&#038;p=10118"},"modified":"2025-01-15T15:15:06","modified_gmt":"2025-01-15T14:15:06","slug":"knapp-flygfro","status":"publish","type":"product","link":"https:\/\/www.yaelandthebags.com\/en\/product\/knapp-flygfro\/","title":{"rendered":"Button - Black seed"},"content":{"rendered":"<p>opaque green polyester buttons with black seed head design<\/p>\n<p>12 mm in diameter<\/p>","protected":false},"excerpt":{"rendered":"<p>Ljust, skimrande dimgr\u00f6n knapp med ingraverade bruna fr\u00f6m\u00f6nster 12 mm i diameter<\/p>","protected":false},"featured_media":9992,"comment_status":"open","ping_status":"closed","template":"","meta":[],"product_brand":[],"product_cat":[52],"product_tag":[],"class_list":{"0":"post-10118","1":"product","2":"type-product","3":"status-publish","4":"has-post-thumbnail","6":"product_cat-knappar","7":"description-off","9":"first","10":"instock","11":"taxable","12":"shipping-taxable","13":"purchasable","14":"product-type-simple"},"exclude_global_add_ons":[],"addons":[],"_links":{"self":[{"href":"https:\/\/www.yaelandthebags.com\/en\/wp-json\/wp\/v2\/product\/10118","targetHints":{"allow":["GET"]}}],"collection":[{"href":"https:\/\/www.yaelandthebags.com\/en\/wp-json\/wp\/v2\/product"}],"about":[{"href":"https:\/\/www.yaelandthebags.com\/en\/wp-json\/wp\/v2\/types\/product"}],"replies":[{"embeddable":true,"href":"https:\/\/www.yaelandthebags.com\/en\/wp-json\/wp\/v2\/comments?post=10118"}],"version-history":[{"count":1,"href":"https:\/\/www.yaelandthebags.com\/en\/wp-json\/wp\/v2\/product\/10118\/revisions"}],"predecessor-version":[{"id":49582,"href":"https:\/\/www.yaelandthebags.com\/en\/wp-json\/wp\/v2\/product\/10118\/revisions\/49582"}],"wp:featuredmedia":[{"embeddable":true,"href":"https:\/\/www.yaelandthebags.com\/en\/wp-json\/wp\/v2\/media\/9992"}],"wp:attachment":[{"href":"https:\/\/www.yaelandthebags.com\/en\/wp-json\/wp\/v2\/media?parent=10118"}],"wp:term":[{"taxonomy":"product_brand","embeddable":true,"href":"https:\/\/www.yaelandthebags.com\/en\/wp-json\/wp\/v2\/product_brand?post=10118"},{"taxonomy":"product_cat","embeddable":true,"href":"https:\/\/www.yaelandthebags.com\/en\/wp-json\/wp\/v2\/product_cat?post=10118"},{"taxonomy":"product_tag","embeddable":true,"href":"https:\/\/www.yaelandthebags.com\/en\/wp-json\/wp\/v2\/product_tag?post=10118"}],"curies":[{"name":"wp","href":"https:\/\/api.w.org\/{rel}","templated":true}]}}