{"id":10123,"date":"2025-01-15T09:13:44","date_gmt":"2025-01-15T08:13:44","guid":{"rendered":"https:\/\/www.yaelandthebags.com\/?post_type=product&#038;p=10123"},"modified":"2025-06-23T08:54:18","modified_gmt":"2025-06-23T06:54:18","slug":"knapp-fisk-mork-orange","status":"publish","type":"product","link":"https:\/\/www.yaelandthebags.com\/en\/product\/knapp-fisk-mork-orange\/","title":{"rendered":"Button - Orange fish"},"content":{"rendered":"<p>buttons burnt orange pearly shell fish<\/p>\n<p>18 mm p\u00e5 det bredaste st\u00e4llet<\/p>","protected":false},"excerpt":{"rendered":"<p>Sn\u00e4ckskalsknapp i skimrande m\u00f6rk orange f\u00e4rg i form av en fisk 18 mm p\u00e5 det bredaste st\u00e4llet<\/p>","protected":false},"featured_media":10055,"comment_status":"open","ping_status":"closed","template":"","meta":[],"product_brand":[],"product_cat":[52],"product_tag":[],"class_list":{"0":"post-10123","1":"product","2":"type-product","3":"status-publish","4":"has-post-thumbnail","6":"product_cat-knappar","7":"description-off","9":"first","10":"instock","11":"taxable","12":"shipping-taxable","13":"purchasable","14":"product-type-simple"},"exclude_global_add_ons":[],"addons":[],"_links":{"self":[{"href":"https:\/\/www.yaelandthebags.com\/en\/wp-json\/wp\/v2\/product\/10123","targetHints":{"allow":["GET"]}}],"collection":[{"href":"https:\/\/www.yaelandthebags.com\/en\/wp-json\/wp\/v2\/product"}],"about":[{"href":"https:\/\/www.yaelandthebags.com\/en\/wp-json\/wp\/v2\/types\/product"}],"replies":[{"embeddable":true,"href":"https:\/\/www.yaelandthebags.com\/en\/wp-json\/wp\/v2\/comments?post=10123"}],"version-history":[{"count":1,"href":"https:\/\/www.yaelandthebags.com\/en\/wp-json\/wp\/v2\/product\/10123\/revisions"}],"predecessor-version":[{"id":49567,"href":"https:\/\/www.yaelandthebags.com\/en\/wp-json\/wp\/v2\/product\/10123\/revisions\/49567"}],"wp:featuredmedia":[{"embeddable":true,"href":"https:\/\/www.yaelandthebags.com\/en\/wp-json\/wp\/v2\/media\/10055"}],"wp:attachment":[{"href":"https:\/\/www.yaelandthebags.com\/en\/wp-json\/wp\/v2\/media?parent=10123"}],"wp:term":[{"taxonomy":"product_brand","embeddable":true,"href":"https:\/\/www.yaelandthebags.com\/en\/wp-json\/wp\/v2\/product_brand?post=10123"},{"taxonomy":"product_cat","embeddable":true,"href":"https:\/\/www.yaelandthebags.com\/en\/wp-json\/wp\/v2\/product_cat?post=10123"},{"taxonomy":"product_tag","embeddable":true,"href":"https:\/\/www.yaelandthebags.com\/en\/wp-json\/wp\/v2\/product_tag?post=10123"}],"curies":[{"name":"wp","href":"https:\/\/api.w.org\/{rel}","templated":true}]}}