{"id":10141,"date":"2025-01-14T09:58:51","date_gmt":"2025-01-14T08:58:51","guid":{"rendered":"https:\/\/www.yaelandthebags.com\/?post_type=product&#038;p=10141"},"modified":"2025-01-15T10:31:42","modified_gmt":"2025-01-15T09:31:42","slug":"knapp-snostjarna","status":"publish","type":"product","link":"https:\/\/www.yaelandthebags.com\/en\/product\/knapp-snostjarna\/","title":{"rendered":"Button - Pink glossy"},"content":{"rendered":"<p><span style=\"color: #000000; font-family: Calibri; font-size: medium;\">pink glossy resin gold edge and centre pattern \u2013 shank<\/span><\/p>\n<p>18  mm in diameter<\/p>","protected":false},"excerpt":{"rendered":"<p>Rosa plastknapp med upph\u00f6jd sn\u00f6stj\u00e4rna i guldf\u00e4rg 18 mm i diameter<\/p>","protected":false},"featured_media":10143,"comment_status":"open","ping_status":"closed","template":"","meta":[],"product_brand":[],"product_cat":[52],"product_tag":[],"class_list":{"0":"post-10141","1":"product","2":"type-product","3":"status-publish","4":"has-post-thumbnail","6":"product_cat-knappar","7":"description-off","9":"first","10":"instock","11":"taxable","12":"shipping-taxable","13":"purchasable","14":"product-type-simple"},"exclude_global_add_ons":[],"addons":[],"_links":{"self":[{"href":"https:\/\/www.yaelandthebags.com\/en\/wp-json\/wp\/v2\/product\/10141","targetHints":{"allow":["GET"]}}],"collection":[{"href":"https:\/\/www.yaelandthebags.com\/en\/wp-json\/wp\/v2\/product"}],"about":[{"href":"https:\/\/www.yaelandthebags.com\/en\/wp-json\/wp\/v2\/types\/product"}],"replies":[{"embeddable":true,"href":"https:\/\/www.yaelandthebags.com\/en\/wp-json\/wp\/v2\/comments?post=10141"}],"version-history":[{"count":1,"href":"https:\/\/www.yaelandthebags.com\/en\/wp-json\/wp\/v2\/product\/10141\/revisions"}],"predecessor-version":[{"id":49504,"href":"https:\/\/www.yaelandthebags.com\/en\/wp-json\/wp\/v2\/product\/10141\/revisions\/49504"}],"wp:featuredmedia":[{"embeddable":true,"href":"https:\/\/www.yaelandthebags.com\/en\/wp-json\/wp\/v2\/media\/10143"}],"wp:attachment":[{"href":"https:\/\/www.yaelandthebags.com\/en\/wp-json\/wp\/v2\/media?parent=10141"}],"wp:term":[{"taxonomy":"product_brand","embeddable":true,"href":"https:\/\/www.yaelandthebags.com\/en\/wp-json\/wp\/v2\/product_brand?post=10141"},{"taxonomy":"product_cat","embeddable":true,"href":"https:\/\/www.yaelandthebags.com\/en\/wp-json\/wp\/v2\/product_cat?post=10141"},{"taxonomy":"product_tag","embeddable":true,"href":"https:\/\/www.yaelandthebags.com\/en\/wp-json\/wp\/v2\/product_tag?post=10141"}],"curies":[{"name":"wp","href":"https:\/\/api.w.org\/{rel}","templated":true}]}}