{"id":10152,"date":"2023-11-27T10:17:03","date_gmt":"2023-11-27T09:17:03","guid":{"rendered":"https:\/\/www.yaelandthebags.com\/?post_type=product&#038;p=10152"},"modified":"2025-06-23T08:54:18","modified_gmt":"2025-06-23T06:54:18","slug":"knapp-guldkant","status":"publish","type":"product","link":"https:\/\/www.yaelandthebags.com\/en\/product\/knapp-guldkant\/","title":{"rendered":"Button - Gold edge"},"content":{"rendered":"<p>shell buttons with raised gold sparkly edge<\/p>\n<p>12 mm in diameter<\/p>","protected":false},"excerpt":{"rendered":"<p>P\u00e4rlemovit sn\u00e4ckskalsknapp med upph\u00f6jd guldglittrig kant 12 mm i diameter<\/p>","protected":false},"featured_media":10003,"comment_status":"open","ping_status":"closed","template":"","meta":[],"product_brand":[],"product_cat":[52],"product_tag":[],"class_list":{"0":"post-10152","1":"product","2":"type-product","3":"status-publish","4":"has-post-thumbnail","6":"product_cat-knappar","7":"description-off","9":"first","10":"instock","11":"taxable","12":"shipping-taxable","13":"purchasable","14":"product-type-simple"},"exclude_global_add_ons":[],"addons":[],"_links":{"self":[{"href":"https:\/\/www.yaelandthebags.com\/en\/wp-json\/wp\/v2\/product\/10152","targetHints":{"allow":["GET"]}}],"collection":[{"href":"https:\/\/www.yaelandthebags.com\/en\/wp-json\/wp\/v2\/product"}],"about":[{"href":"https:\/\/www.yaelandthebags.com\/en\/wp-json\/wp\/v2\/types\/product"}],"replies":[{"embeddable":true,"href":"https:\/\/www.yaelandthebags.com\/en\/wp-json\/wp\/v2\/comments?post=10152"}],"version-history":[{"count":0,"href":"https:\/\/www.yaelandthebags.com\/en\/wp-json\/wp\/v2\/product\/10152\/revisions"}],"wp:featuredmedia":[{"embeddable":true,"href":"https:\/\/www.yaelandthebags.com\/en\/wp-json\/wp\/v2\/media\/10003"}],"wp:attachment":[{"href":"https:\/\/www.yaelandthebags.com\/en\/wp-json\/wp\/v2\/media?parent=10152"}],"wp:term":[{"taxonomy":"product_brand","embeddable":true,"href":"https:\/\/www.yaelandthebags.com\/en\/wp-json\/wp\/v2\/product_brand?post=10152"},{"taxonomy":"product_cat","embeddable":true,"href":"https:\/\/www.yaelandthebags.com\/en\/wp-json\/wp\/v2\/product_cat?post=10152"},{"taxonomy":"product_tag","embeddable":true,"href":"https:\/\/www.yaelandthebags.com\/en\/wp-json\/wp\/v2\/product_tag?post=10152"}],"curies":[{"name":"wp","href":"https:\/\/api.w.org\/{rel}","templated":true}]}}