{"id":10471,"date":"2024-01-30T10:05:09","date_gmt":"2024-01-30T09:05:09","guid":{"rendered":"https:\/\/www.yaelandthebags.com\/?post_type=product&#038;p=10471"},"modified":"2024-01-31T20:34:52","modified_gmt":"2024-01-31T19:34:52","slug":"fagel-grimmy-liten-gron-rosa","status":"publish","type":"product","link":"https:\/\/www.yaelandthebags.com\/en\/product\/fagel-grimmy-liten-gron-rosa\/","title":{"rendered":"F\u00c5GEL &#8211; Grimmy &#8211; liten &#8211; gr\u00f6n\/rosa"},"content":{"rendered":"<p>F\u00e5gelkollektionen best\u00e5r av ett antal v\u00e4skor och tillbeh\u00f6r som \u00e4r gjorda av vackra \u00e4ldre tyger och broderier. P\u00e5 s\u00e5 s\u00e4tt r\u00e4ddas vackra handarbeten fr\u00e5n tidigare generationer och f\u00e5r nytt liv.<\/p>\n<p>Den h\u00e4r v\u00e4skan best\u00e5r av \u00e4ldre tyger, broderier gjorda i tvists\u00f6m och spets.<\/p>\n<p>A spacious and sturdy bag with multiple functions.<span class=\"Apple-converted-space\">\u00a0<\/span><\/p>\n<ul>\n<li>Shoulder strap<\/li>\n<li>Large drawstring bag that attaches to the bottom of the outer bag.<span class=\"Apple-converted-space\">\u00a0<\/span><\/li>\n<li>Plenty of room outside the bag for purses, wallet, keys, phone, knitting needles and more.<span class=\"Apple-converted-space\">\u00a0<\/span><\/li>\n<li>Size: about 35 cm wide, 25 cm high, 14 cm wide bottom, shoulder strap about 60 cm.<\/li>\n<\/ul>","protected":false},"excerpt":{"rendered":"<p>Large handbag<\/p>","protected":false},"featured_media":10449,"comment_status":"open","ping_status":"closed","template":"","meta":[],"product_brand":[],"product_cat":[40,20],"product_tag":[],"class_list":{"0":"post-10471","1":"product","2":"type-product","3":"status-publish","4":"has-post-thumbnail","6":"product_cat-handvaskor","7":"product_cat-project-bags","8":"description-off","10":"first","11":"outofstock","12":"taxable","13":"shipping-taxable","14":"purchasable","15":"product-type-simple"},"exclude_global_add_ons":[],"addons":[],"_links":{"self":[{"href":"https:\/\/www.yaelandthebags.com\/en\/wp-json\/wp\/v2\/product\/10471","targetHints":{"allow":["GET"]}}],"collection":[{"href":"https:\/\/www.yaelandthebags.com\/en\/wp-json\/wp\/v2\/product"}],"about":[{"href":"https:\/\/www.yaelandthebags.com\/en\/wp-json\/wp\/v2\/types\/product"}],"replies":[{"embeddable":true,"href":"https:\/\/www.yaelandthebags.com\/en\/wp-json\/wp\/v2\/comments?post=10471"}],"version-history":[{"count":0,"href":"https:\/\/www.yaelandthebags.com\/en\/wp-json\/wp\/v2\/product\/10471\/revisions"}],"wp:featuredmedia":[{"embeddable":true,"href":"https:\/\/www.yaelandthebags.com\/en\/wp-json\/wp\/v2\/media\/10449"}],"wp:attachment":[{"href":"https:\/\/www.yaelandthebags.com\/en\/wp-json\/wp\/v2\/media?parent=10471"}],"wp:term":[{"taxonomy":"product_brand","embeddable":true,"href":"https:\/\/www.yaelandthebags.com\/en\/wp-json\/wp\/v2\/product_brand?post=10471"},{"taxonomy":"product_cat","embeddable":true,"href":"https:\/\/www.yaelandthebags.com\/en\/wp-json\/wp\/v2\/product_cat?post=10471"},{"taxonomy":"product_tag","embeddable":true,"href":"https:\/\/www.yaelandthebags.com\/en\/wp-json\/wp\/v2\/product_tag?post=10471"}],"curies":[{"name":"wp","href":"https:\/\/api.w.org\/{rel}","templated":true}]}}