{"id":11773,"date":"2024-07-16T21:26:55","date_gmt":"2024-07-16T19:26:55","guid":{"rendered":"https:\/\/www.yaelandthebags.com\/?post_type=product&#038;p=11773"},"modified":"2025-11-23T18:20:46","modified_gmt":"2025-11-23T17:20:46","slug":"stickmarkor-i-tra-socka","status":"publish","type":"product","link":"https:\/\/www.yaelandthebags.com\/en\/product\/stickmarkor-i-tra-socka\/","title":{"rendered":"Stitch marker in wood - sock"},"content":{"rendered":"<p>Cute stitch marker in wood in the shape of knitted socks. Different patterns on the socks. If you order more then one I will send in different patterns.<\/p>\n<p>Size approx 35 x 10 mm.<\/p>\n<p>&nbsp;<\/p>","protected":false},"excerpt":{"rendered":"<p>S\u00f6t stickmark\u00f6r i tr\u00e4 i form av stickade sockor. Olika m\u00f6nster p\u00e5 sockorna. Best\u00e4ller du flera skickar jag i olika m\u00f6nster. Storlek ca 35 x 10 mm. &nbsp;<\/p>","protected":false},"featured_media":11746,"comment_status":"open","ping_status":"closed","template":"","meta":[],"product_brand":[],"product_cat":[49],"product_tag":[],"class_list":{"0":"post-11773","1":"product","2":"type-product","3":"status-publish","4":"has-post-thumbnail","6":"product_cat-tillbehor","7":"description-off","9":"first","10":"instock","11":"taxable","12":"shipping-taxable","13":"purchasable","14":"product-type-simple"},"exclude_global_add_ons":[],"addons":[],"_links":{"self":[{"href":"https:\/\/www.yaelandthebags.com\/en\/wp-json\/wp\/v2\/product\/11773","targetHints":{"allow":["GET"]}}],"collection":[{"href":"https:\/\/www.yaelandthebags.com\/en\/wp-json\/wp\/v2\/product"}],"about":[{"href":"https:\/\/www.yaelandthebags.com\/en\/wp-json\/wp\/v2\/types\/product"}],"replies":[{"embeddable":true,"href":"https:\/\/www.yaelandthebags.com\/en\/wp-json\/wp\/v2\/comments?post=11773"}],"version-history":[{"count":0,"href":"https:\/\/www.yaelandthebags.com\/en\/wp-json\/wp\/v2\/product\/11773\/revisions"}],"wp:featuredmedia":[{"embeddable":true,"href":"https:\/\/www.yaelandthebags.com\/en\/wp-json\/wp\/v2\/media\/11746"}],"wp:attachment":[{"href":"https:\/\/www.yaelandthebags.com\/en\/wp-json\/wp\/v2\/media?parent=11773"}],"wp:term":[{"taxonomy":"product_brand","embeddable":true,"href":"https:\/\/www.yaelandthebags.com\/en\/wp-json\/wp\/v2\/product_brand?post=11773"},{"taxonomy":"product_cat","embeddable":true,"href":"https:\/\/www.yaelandthebags.com\/en\/wp-json\/wp\/v2\/product_cat?post=11773"},{"taxonomy":"product_tag","embeddable":true,"href":"https:\/\/www.yaelandthebags.com\/en\/wp-json\/wp\/v2\/product_tag?post=11773"}],"curies":[{"name":"wp","href":"https:\/\/api.w.org\/{rel}","templated":true}]}}