{"id":11776,"date":"2024-07-17T12:04:27","date_gmt":"2024-07-17T10:04:27","guid":{"rendered":"https:\/\/www.yaelandthebags.com\/?post_type=product&#038;p=11776"},"modified":"2025-11-27T22:49:33","modified_gmt":"2025-11-27T21:49:33","slug":"stickmarkor-katter","status":"publish","type":"product","link":"https:\/\/www.yaelandthebags.com\/en\/product\/stickmarkor-katter\/","title":{"rendered":"Stitch marker - Cats"},"content":{"rendered":"<p>S\u00f6ta stickmark\u00f6rer i form av katthuvuden. 12 stycken i olika storlekar, i en s\u00f6t metallburk. Storlek ca 10-20 mm i diameter.<\/p>\n<p>&nbsp;<\/p>","protected":false},"excerpt":{"rendered":"<p>S\u00f6ta stickmark\u00f6rer i form av katthuvuden. 12 stycken i olika storlekar, i en s\u00f6t metallburk. Storlek ca 10-20 mm i diameter. &nbsp;<\/p>","protected":false},"featured_media":11797,"comment_status":"open","ping_status":"closed","template":"","meta":[],"product_brand":[],"product_cat":[49],"product_tag":[],"class_list":{"0":"post-11776","1":"product","2":"type-product","3":"status-publish","4":"has-post-thumbnail","6":"product_cat-tillbehor","7":"description-off","9":"first","10":"instock","11":"taxable","12":"shipping-taxable","13":"purchasable","14":"product-type-simple"},"exclude_global_add_ons":[],"addons":[],"_links":{"self":[{"href":"https:\/\/www.yaelandthebags.com\/en\/wp-json\/wp\/v2\/product\/11776","targetHints":{"allow":["GET"]}}],"collection":[{"href":"https:\/\/www.yaelandthebags.com\/en\/wp-json\/wp\/v2\/product"}],"about":[{"href":"https:\/\/www.yaelandthebags.com\/en\/wp-json\/wp\/v2\/types\/product"}],"replies":[{"embeddable":true,"href":"https:\/\/www.yaelandthebags.com\/en\/wp-json\/wp\/v2\/comments?post=11776"}],"version-history":[{"count":1,"href":"https:\/\/www.yaelandthebags.com\/en\/wp-json\/wp\/v2\/product\/11776\/revisions"}],"predecessor-version":[{"id":49913,"href":"https:\/\/www.yaelandthebags.com\/en\/wp-json\/wp\/v2\/product\/11776\/revisions\/49913"}],"wp:featuredmedia":[{"embeddable":true,"href":"https:\/\/www.yaelandthebags.com\/en\/wp-json\/wp\/v2\/media\/11797"}],"wp:attachment":[{"href":"https:\/\/www.yaelandthebags.com\/en\/wp-json\/wp\/v2\/media?parent=11776"}],"wp:term":[{"taxonomy":"product_brand","embeddable":true,"href":"https:\/\/www.yaelandthebags.com\/en\/wp-json\/wp\/v2\/product_brand?post=11776"},{"taxonomy":"product_cat","embeddable":true,"href":"https:\/\/www.yaelandthebags.com\/en\/wp-json\/wp\/v2\/product_cat?post=11776"},{"taxonomy":"product_tag","embeddable":true,"href":"https:\/\/www.yaelandthebags.com\/en\/wp-json\/wp\/v2\/product_tag?post=11776"}],"curies":[{"name":"wp","href":"https:\/\/api.w.org\/{rel}","templated":true}]}}