{"id":11848,"date":"2024-12-10T14:00:23","date_gmt":"2024-12-10T13:00:23","guid":{"rendered":"https:\/\/www.yaelandthebags.com\/?post_type=product&#038;p=11848"},"modified":"2025-11-23T14:23:02","modified_gmt":"2025-11-23T13:23:02","slug":"broderisax-2","status":"publish","type":"product","link":"https:\/\/www.yaelandthebags.com\/en\/product\/broderisax-2\/","title":{"rendered":"Scissors - embroidery, sewing"},"content":{"rendered":"<p>Best embroidery scissors I have tried! Perfect to keep in your accessory bag for any thread ends or anything else that needs cutting. The tips is sharp which makes it perfect fro grading fabric. Bigger version of the smaller one.\n\n14 cm long.<\/p>\n<p>14 cm l\u00e5ng<\/p>","protected":false},"excerpt":{"rendered":"<p>B\u00e4sta broderi- och s\u00f6mnadssaxen jag provat! Perfekt att ha med sig i tillbeh\u00f6rsv\u00e4skan f\u00f6r alla tr\u00e5d\u00e4ndar eller annat som beh\u00f6ver klippas av. Vass \u00e4ven vid tippen som g\u00f6r det l\u00e4ttare att tex klippa sm\u00e5 hack i tyg. Lite st\u00f6rre modell \u00e4n den mindre broderisaxen. 14 cm l\u00e5ng<\/p>","protected":false},"featured_media":13046,"comment_status":"open","ping_status":"closed","template":"","meta":[],"product_brand":[],"product_cat":[49],"product_tag":[],"class_list":{"0":"post-11848","1":"product","2":"type-product","3":"status-publish","4":"has-post-thumbnail","6":"product_cat-tillbehor","7":"description-off","9":"first","10":"instock","11":"taxable","12":"shipping-taxable","13":"purchasable","14":"product-type-simple"},"exclude_global_add_ons":[],"addons":[],"_links":{"self":[{"href":"https:\/\/www.yaelandthebags.com\/en\/wp-json\/wp\/v2\/product\/11848","targetHints":{"allow":["GET"]}}],"collection":[{"href":"https:\/\/www.yaelandthebags.com\/en\/wp-json\/wp\/v2\/product"}],"about":[{"href":"https:\/\/www.yaelandthebags.com\/en\/wp-json\/wp\/v2\/types\/product"}],"replies":[{"embeddable":true,"href":"https:\/\/www.yaelandthebags.com\/en\/wp-json\/wp\/v2\/comments?post=11848"}],"version-history":[{"count":0,"href":"https:\/\/www.yaelandthebags.com\/en\/wp-json\/wp\/v2\/product\/11848\/revisions"}],"wp:featuredmedia":[{"embeddable":true,"href":"https:\/\/www.yaelandthebags.com\/en\/wp-json\/wp\/v2\/media\/13046"}],"wp:attachment":[{"href":"https:\/\/www.yaelandthebags.com\/en\/wp-json\/wp\/v2\/media?parent=11848"}],"wp:term":[{"taxonomy":"product_brand","embeddable":true,"href":"https:\/\/www.yaelandthebags.com\/en\/wp-json\/wp\/v2\/product_brand?post=11848"},{"taxonomy":"product_cat","embeddable":true,"href":"https:\/\/www.yaelandthebags.com\/en\/wp-json\/wp\/v2\/product_cat?post=11848"},{"taxonomy":"product_tag","embeddable":true,"href":"https:\/\/www.yaelandthebags.com\/en\/wp-json\/wp\/v2\/product_tag?post=11848"}],"curies":[{"name":"wp","href":"https:\/\/api.w.org\/{rel}","templated":true}]}}