{"id":11869,"date":"2024-07-22T11:32:57","date_gmt":"2024-07-22T09:32:57","guid":{"rendered":"https:\/\/www.yaelandthebags.com\/?post_type=product&#038;p=11869"},"modified":"2025-10-07T08:23:25","modified_gmt":"2025-10-07T06:23:25","slug":"t-nalar-2","status":"publish","type":"product","link":"https:\/\/www.yaelandthebags.com\/en\/product\/t-nalar-2\/","title":{"rendered":"T-pins"},"content":{"rendered":"<p>T - pins - the best blocking needles in the world.<\/p>\n<p>As the pin has a small roof (T), it does not slip through the stitches.<\/p>","protected":false},"excerpt":{"rendered":"<p>T-n\u00e5lar &#8211; v\u00e4rldens b\u00e4sta n\u00e5lar vid blockning. D\u00e5 n\u00e5len har ett litet tak (T) s\u00e5 smiter den inte igenom maskorna.<\/p>","protected":false},"featured_media":9818,"comment_status":"open","ping_status":"closed","template":"","meta":[],"product_brand":[],"product_cat":[49],"product_tag":[],"class_list":{"0":"post-11869","1":"product","2":"type-product","3":"status-publish","4":"has-post-thumbnail","6":"product_cat-tillbehor","7":"description-off","9":"first","10":"instock","11":"taxable","12":"shipping-taxable","13":"purchasable","14":"product-type-simple"},"exclude_global_add_ons":[],"addons":[],"_links":{"self":[{"href":"https:\/\/www.yaelandthebags.com\/en\/wp-json\/wp\/v2\/product\/11869","targetHints":{"allow":["GET"]}}],"collection":[{"href":"https:\/\/www.yaelandthebags.com\/en\/wp-json\/wp\/v2\/product"}],"about":[{"href":"https:\/\/www.yaelandthebags.com\/en\/wp-json\/wp\/v2\/types\/product"}],"replies":[{"embeddable":true,"href":"https:\/\/www.yaelandthebags.com\/en\/wp-json\/wp\/v2\/comments?post=11869"}],"version-history":[{"count":0,"href":"https:\/\/www.yaelandthebags.com\/en\/wp-json\/wp\/v2\/product\/11869\/revisions"}],"wp:featuredmedia":[{"embeddable":true,"href":"https:\/\/www.yaelandthebags.com\/en\/wp-json\/wp\/v2\/media\/9818"}],"wp:attachment":[{"href":"https:\/\/www.yaelandthebags.com\/en\/wp-json\/wp\/v2\/media?parent=11869"}],"wp:term":[{"taxonomy":"product_brand","embeddable":true,"href":"https:\/\/www.yaelandthebags.com\/en\/wp-json\/wp\/v2\/product_brand?post=11869"},{"taxonomy":"product_cat","embeddable":true,"href":"https:\/\/www.yaelandthebags.com\/en\/wp-json\/wp\/v2\/product_cat?post=11869"},{"taxonomy":"product_tag","embeddable":true,"href":"https:\/\/www.yaelandthebags.com\/en\/wp-json\/wp\/v2\/product_tag?post=11869"}],"curies":[{"name":"wp","href":"https:\/\/api.w.org\/{rel}","templated":true}]}}