{"id":11937,"date":"2025-12-16T12:13:20","date_gmt":"2025-12-16T11:13:20","guid":{"rendered":"https:\/\/www.yaelandthebags.com\/?post_type=product&#038;p=11937"},"modified":"2025-12-16T17:17:05","modified_gmt":"2025-12-16T16:17:05","slug":"challah-duk","status":"publish","type":"product","link":"https:\/\/www.yaelandthebags.com\/en\/product\/challah-duk\/","title":{"rendered":"Challah cover"},"content":{"rendered":"<ul>\n<li data-leveltext=\"\u2022\" data-font=\"Helvetica\" data-listid=\"3\" data-aria-posinset=\"1\" data-aria-level=\"1\"><strong>Unique Challah cover  (used to cover the loaves before the blessing on Shabbat and Jewish holidays)<\/strong><\/li>\n<li data-leveltext=\"\u2022\" data-font=\"Helvetica\" data-listid=\"3\" data-aria-posinset=\"2\" data-aria-level=\"1\">Made with a vintage fabric from my family in Turkey and other preloved embroideries.<\/li>\n<li data-leveltext=\"\u2022\" data-font=\"Helvetica\" data-listid=\"3\" data-aria-posinset=\"2\" data-aria-level=\"1\">Embroidery in hebrew writing:  Shabbat veYom tov (means For Shabbat and holidays)<\/li>\n<li data-leveltext=\"\u2022\" data-font=\"Helvetica\" data-listid=\"3\" data-aria-posinset=\"2\" data-aria-level=\"1\">Other side: light with fabric<\/li>\n<li data-leveltext=\"\u2022\" data-font=\"Helvetica\" data-listid=\"3\" data-aria-posinset=\"3\" data-aria-level=\"1\"><span data-contrast=\"none\">Carefully washed by hand<\/span><\/li>\n<li data-leveltext=\"\u2022\" data-font=\"Helvetica\" data-listid=\"3\" data-aria-posinset=\"4\" data-aria-level=\"1\">The Challah cover is approx 38 x 54 cm<\/li>\n<\/ul>","protected":false},"excerpt":{"rendered":"<p>Unik Challahduk (anv\u00e4nds f\u00f6r att t\u00e4cka br\u00f6den innan v\u00e4lsignelsen p\u00e5 Shabbat och judiska helgdagar) Tillverkad med vintagetyger och \u00e5terbrukade broderier bland annat fr\u00e5n min sl\u00e4kt i Turkiet. Handgjort broderi p\u00e5 hebreiska: Shabbat veYom tov (betyder F\u00f6r Shabbat och helgdagar) Baksida i tunt vitt tyg Tv\u00e4ttas f\u00f6rsiktigt f\u00f6r hand Challahduken \u00e4r ca 38 x 54 cm<\/p>","protected":false},"featured_media":50816,"comment_status":"open","ping_status":"closed","template":"","meta":[],"product_brand":[],"product_cat":[54],"product_tag":[],"class_list":{"0":"post-11937","1":"product","2":"type-product","3":"status-publish","4":"has-post-thumbnail","6":"product_cat-judaica","7":"description-off","9":"first","10":"instock","11":"taxable","12":"shipping-taxable","13":"purchasable","14":"product-type-simple"},"exclude_global_add_ons":[],"addons":[],"_links":{"self":[{"href":"https:\/\/www.yaelandthebags.com\/en\/wp-json\/wp\/v2\/product\/11937","targetHints":{"allow":["GET"]}}],"collection":[{"href":"https:\/\/www.yaelandthebags.com\/en\/wp-json\/wp\/v2\/product"}],"about":[{"href":"https:\/\/www.yaelandthebags.com\/en\/wp-json\/wp\/v2\/types\/product"}],"replies":[{"embeddable":true,"href":"https:\/\/www.yaelandthebags.com\/en\/wp-json\/wp\/v2\/comments?post=11937"}],"version-history":[{"count":4,"href":"https:\/\/www.yaelandthebags.com\/en\/wp-json\/wp\/v2\/product\/11937\/revisions"}],"predecessor-version":[{"id":50828,"href":"https:\/\/www.yaelandthebags.com\/en\/wp-json\/wp\/v2\/product\/11937\/revisions\/50828"}],"wp:featuredmedia":[{"embeddable":true,"href":"https:\/\/www.yaelandthebags.com\/en\/wp-json\/wp\/v2\/media\/50816"}],"wp:attachment":[{"href":"https:\/\/www.yaelandthebags.com\/en\/wp-json\/wp\/v2\/media?parent=11937"}],"wp:term":[{"taxonomy":"product_brand","embeddable":true,"href":"https:\/\/www.yaelandthebags.com\/en\/wp-json\/wp\/v2\/product_brand?post=11937"},{"taxonomy":"product_cat","embeddable":true,"href":"https:\/\/www.yaelandthebags.com\/en\/wp-json\/wp\/v2\/product_cat?post=11937"},{"taxonomy":"product_tag","embeddable":true,"href":"https:\/\/www.yaelandthebags.com\/en\/wp-json\/wp\/v2\/product_tag?post=11937"}],"curies":[{"name":"wp","href":"https:\/\/api.w.org\/{rel}","templated":true}]}}