{"id":12212,"date":"2024-10-09T10:28:29","date_gmt":"2024-10-09T08:28:29","guid":{"rendered":"https:\/\/www.yaelandthebags.com\/?post_type=product&#038;p=12212"},"modified":"2026-02-08T13:05:26","modified_gmt":"2026-02-08T12:05:26","slug":"vantblockare","status":"publish","type":"product","link":"https:\/\/www.yaelandthebags.com\/en\/product\/vantblockare\/","title":{"rendered":"Mitten blockers"},"content":{"rendered":"<p style=\"text-align: left;\">The mitten blockers are made of the highest quality plywood, a sturdy 6 mm thick. They are laser cut and engraved with decorative motifs.<\/p>\n<p>Every mitten blocker is carefully finished by hand, with special attention paid to smoothing the edges. They are then painted with a clear, water-based varnish and given a final polish.<\/p>\n<p>As they are made from natural wood, they may have small discolorations and small knots, which only adds to their charm and uniqueness.<\/p>\n<p>Sold in pairs (price for two blockers)<\/p>\n<p>&nbsp;<\/p>\n<p><strong>Sizes: <\/strong><\/p>\n<p class=\"p1 translation-block\">S - total length 28 cm, width 8 cm<\/p>\n<p class=\"p1\"><span class=\"s1\">M - total length 32 cm, width 9 cm <\/span><\/p>\n<p class=\"p1\"><span class=\"s1\">L - total length 35 cm, width 10 cm <\/span><\/p>","protected":false},"excerpt":{"rendered":"<p>Vantblockarna i tr\u00e4 \u00e4r tillverkade av plywood av h\u00f6gsta kvalitet, handgjorda i Polen och ca 6 mm tjock plywood. De \u00e4r laserskurna och finns i tv\u00e5 olika dekorativa motiv. Sockblockarna g\u00f6rs noggrant f\u00f6r hand och m\u00e5las sedan med en klar, vattenbaserad lack och f\u00e5r sen en sista polering. Eftersom de \u00e4r tillverkade av naturligt tr\u00e4&hellip;<\/p>","protected":false},"featured_media":12206,"comment_status":"open","ping_status":"closed","template":"","meta":[],"product_brand":[],"product_cat":[49],"product_tag":[],"class_list":{"0":"post-12212","1":"product","2":"type-product","3":"status-publish","4":"has-post-thumbnail","6":"product_cat-tillbehor","7":"description-off","9":"first","10":"instock","11":"sale","12":"taxable","13":"shipping-taxable","14":"purchasable","15":"product-type-variable"},"exclude_global_add_ons":[],"addons":[],"_links":{"self":[{"href":"https:\/\/www.yaelandthebags.com\/en\/wp-json\/wp\/v2\/product\/12212","targetHints":{"allow":["GET"]}}],"collection":[{"href":"https:\/\/www.yaelandthebags.com\/en\/wp-json\/wp\/v2\/product"}],"about":[{"href":"https:\/\/www.yaelandthebags.com\/en\/wp-json\/wp\/v2\/types\/product"}],"replies":[{"embeddable":true,"href":"https:\/\/www.yaelandthebags.com\/en\/wp-json\/wp\/v2\/comments?post=12212"}],"version-history":[{"count":0,"href":"https:\/\/www.yaelandthebags.com\/en\/wp-json\/wp\/v2\/product\/12212\/revisions"}],"wp:featuredmedia":[{"embeddable":true,"href":"https:\/\/www.yaelandthebags.com\/en\/wp-json\/wp\/v2\/media\/12206"}],"wp:attachment":[{"href":"https:\/\/www.yaelandthebags.com\/en\/wp-json\/wp\/v2\/media?parent=12212"}],"wp:term":[{"taxonomy":"product_brand","embeddable":true,"href":"https:\/\/www.yaelandthebags.com\/en\/wp-json\/wp\/v2\/product_brand?post=12212"},{"taxonomy":"product_cat","embeddable":true,"href":"https:\/\/www.yaelandthebags.com\/en\/wp-json\/wp\/v2\/product_cat?post=12212"},{"taxonomy":"product_tag","embeddable":true,"href":"https:\/\/www.yaelandthebags.com\/en\/wp-json\/wp\/v2\/product_tag?post=12212"}],"curies":[{"name":"wp","href":"https:\/\/api.w.org\/{rel}","templated":true}]}}