{"id":49346,"date":"2024-12-25T13:50:12","date_gmt":"2024-12-25T12:50:12","guid":{"rendered":"https:\/\/www.yaelandthebags.com\/sv_se\/?post_type=product&#038;p=49346"},"modified":"2026-04-17T10:07:51","modified_gmt":"2026-04-17T08:07:51","slug":"stickmarkor-katter-2","status":"publish","type":"product","link":"https:\/\/www.yaelandthebags.com\/en\/product\/stickmarkor-katter-2\/","title":{"rendered":"Stickmark\u00f6r &#8211; katter 12 stycken"},"content":{"rendered":"<p>S\u00f6ta stickmark\u00f6rer i form av katthuvuden. Kommer i olika f\u00e4rger men i samma storlek i en s\u00f6t metallburk. Storlek ca 10 mm i diameter &#8211; enligt mig den mest anv\u00e4ndbara storleken.<\/p>\n<p>&nbsp;<\/p>","protected":false},"excerpt":{"rendered":"<p>S\u00f6ta stickmark\u00f6rer i form av katthuvuden. Kommer i olika f\u00e4rger men i samma storlek i en s\u00f6t metallburk. Storlek ca 10 mm i diameter &#8211; enligt mig den mest anv\u00e4ndbara storleken. &nbsp;<\/p>","protected":false},"featured_media":11793,"comment_status":"open","ping_status":"closed","template":"","meta":[],"product_brand":[],"product_cat":[49],"product_tag":[],"class_list":{"0":"post-49346","1":"product","2":"type-product","3":"status-publish","4":"has-post-thumbnail","6":"product_cat-tillbehor","7":"description-off","9":"first","10":"outofstock","11":"taxable","12":"shipping-taxable","13":"purchasable","14":"product-type-simple"},"exclude_global_add_ons":[],"addons":[],"_links":{"self":[{"href":"https:\/\/www.yaelandthebags.com\/en\/wp-json\/wp\/v2\/product\/49346","targetHints":{"allow":["GET"]}}],"collection":[{"href":"https:\/\/www.yaelandthebags.com\/en\/wp-json\/wp\/v2\/product"}],"about":[{"href":"https:\/\/www.yaelandthebags.com\/en\/wp-json\/wp\/v2\/types\/product"}],"replies":[{"embeddable":true,"href":"https:\/\/www.yaelandthebags.com\/en\/wp-json\/wp\/v2\/comments?post=49346"}],"version-history":[{"count":1,"href":"https:\/\/www.yaelandthebags.com\/en\/wp-json\/wp\/v2\/product\/49346\/revisions"}],"predecessor-version":[{"id":49354,"href":"https:\/\/www.yaelandthebags.com\/en\/wp-json\/wp\/v2\/product\/49346\/revisions\/49354"}],"wp:featuredmedia":[{"embeddable":true,"href":"https:\/\/www.yaelandthebags.com\/en\/wp-json\/wp\/v2\/media\/11793"}],"wp:attachment":[{"href":"https:\/\/www.yaelandthebags.com\/en\/wp-json\/wp\/v2\/media?parent=49346"}],"wp:term":[{"taxonomy":"product_brand","embeddable":true,"href":"https:\/\/www.yaelandthebags.com\/en\/wp-json\/wp\/v2\/product_brand?post=49346"},{"taxonomy":"product_cat","embeddable":true,"href":"https:\/\/www.yaelandthebags.com\/en\/wp-json\/wp\/v2\/product_cat?post=49346"},{"taxonomy":"product_tag","embeddable":true,"href":"https:\/\/www.yaelandthebags.com\/en\/wp-json\/wp\/v2\/product_tag?post=49346"}],"curies":[{"name":"wp","href":"https:\/\/api.w.org\/{rel}","templated":true}]}}