{"id":49425,"date":"2025-01-14T14:43:53","date_gmt":"2025-01-14T13:43:53","guid":{"rendered":"https:\/\/www.yaelandthebags.com\/sv_se\/?post_type=product&#038;p=49425"},"modified":"2025-04-28T10:44:45","modified_gmt":"2025-04-28T08:44:45","slug":"stickmarkor-i-tra-socka-2-2-2-2","status":"publish","type":"product","link":"https:\/\/www.yaelandthebags.com\/en\/product\/stickmarkor-i-tra-socka-2-2-2-2\/","title":{"rendered":"Stickmark\u00f6r i tr\u00e4 &#8211; v\u00e4xter"},"content":{"rendered":"<p>S\u00f6t stickmark\u00f6r i tr\u00e4 med olika sorters v\u00e4xter p\u00e5 \u00f6ppningsbar mark\u00f6r.<\/p>\n<p>&nbsp;<\/p>","protected":false},"excerpt":{"rendered":"<p>S\u00f6t stickmark\u00f6r i tr\u00e4 med olika sorters v\u00e4xter p\u00e5 \u00f6ppningsbar mark\u00f6r. &nbsp;<\/p>","protected":false},"featured_media":49427,"comment_status":"open","ping_status":"closed","template":"","meta":[],"product_brand":[],"product_cat":[49],"product_tag":[],"class_list":{"0":"post-49425","1":"product","2":"type-product","3":"status-publish","4":"has-post-thumbnail","6":"product_cat-tillbehor","7":"description-off","9":"first","10":"instock","11":"taxable","12":"shipping-taxable","13":"purchasable","14":"product-type-simple"},"exclude_global_add_ons":[],"addons":[],"_links":{"self":[{"href":"https:\/\/www.yaelandthebags.com\/en\/wp-json\/wp\/v2\/product\/49425","targetHints":{"allow":["GET"]}}],"collection":[{"href":"https:\/\/www.yaelandthebags.com\/en\/wp-json\/wp\/v2\/product"}],"about":[{"href":"https:\/\/www.yaelandthebags.com\/en\/wp-json\/wp\/v2\/types\/product"}],"replies":[{"embeddable":true,"href":"https:\/\/www.yaelandthebags.com\/en\/wp-json\/wp\/v2\/comments?post=49425"}],"version-history":[{"count":1,"href":"https:\/\/www.yaelandthebags.com\/en\/wp-json\/wp\/v2\/product\/49425\/revisions"}],"predecessor-version":[{"id":49433,"href":"https:\/\/www.yaelandthebags.com\/en\/wp-json\/wp\/v2\/product\/49425\/revisions\/49433"}],"wp:featuredmedia":[{"embeddable":true,"href":"https:\/\/www.yaelandthebags.com\/en\/wp-json\/wp\/v2\/media\/49427"}],"wp:attachment":[{"href":"https:\/\/www.yaelandthebags.com\/en\/wp-json\/wp\/v2\/media?parent=49425"}],"wp:term":[{"taxonomy":"product_brand","embeddable":true,"href":"https:\/\/www.yaelandthebags.com\/en\/wp-json\/wp\/v2\/product_brand?post=49425"},{"taxonomy":"product_cat","embeddable":true,"href":"https:\/\/www.yaelandthebags.com\/en\/wp-json\/wp\/v2\/product_cat?post=49425"},{"taxonomy":"product_tag","embeddable":true,"href":"https:\/\/www.yaelandthebags.com\/en\/wp-json\/wp\/v2\/product_tag?post=49425"}],"curies":[{"name":"wp","href":"https:\/\/api.w.org\/{rel}","templated":true}]}}