{"id":49451,"date":"2025-01-15T09:35:47","date_gmt":"2025-01-15T08:35:47","guid":{"rendered":"https:\/\/www.yaelandthebags.com\/sv_se\/?post_type=product&#038;p=49451"},"modified":"2026-01-01T12:27:48","modified_gmt":"2026-01-01T11:27:48","slug":"knapp-stickmonster-2","status":"publish","type":"product","link":"https:\/\/www.yaelandthebags.com\/en\/product\/knapp-stickmonster-2\/","title":{"rendered":"Button - coffee 22 mm"},"content":{"rendered":"<p>Buttons - made of coffee residue<\/p>\n<p>These buttons are manufactured in Europe in accordance with EU standards. Washable\/dry cleanable. The dyes used do not release aromatic amines.<\/p>\n<p>Composition: 15-25% coffee grounds, 40-50% recycled fillers (thermosetting), 30-40% biopolymer resin, 2-5% plasticisers and dyes.<\/p>\n<p>22 mm in diameter<\/p>","protected":false},"excerpt":{"rendered":"<p>Knappar &#8211; tillverkade av kaffesump Dessa knappar \u00e4r tillverkade i Europa enligt EU-standarder. Tv\u00e4ttbara \/ kemtv\u00e4ttbara. F\u00e4rg\u00e4mnena som anv\u00e4nds avger inte aromatiska aminer. Sammans\u00e4ttning: 15-25% kaffesump 40-50% \u00e5tervunna fyllmedel (v\u00e4rmeh\u00e4rdande) 30-40% biopolyharts 2-5% mjukg\u00f6rare och f\u00e4rg\u00e4mnen. 22 mm i diameter<\/p>","protected":false},"featured_media":49461,"comment_status":"open","ping_status":"closed","template":"","meta":[],"product_brand":[],"product_cat":[52],"product_tag":[],"class_list":{"0":"post-49451","1":"product","2":"type-product","3":"status-publish","4":"has-post-thumbnail","6":"product_cat-knappar","7":"description-off","9":"first","10":"instock","11":"taxable","12":"shipping-taxable","13":"purchasable","14":"product-type-simple"},"exclude_global_add_ons":[],"addons":[],"_links":{"self":[{"href":"https:\/\/www.yaelandthebags.com\/en\/wp-json\/wp\/v2\/product\/49451","targetHints":{"allow":["GET"]}}],"collection":[{"href":"https:\/\/www.yaelandthebags.com\/en\/wp-json\/wp\/v2\/product"}],"about":[{"href":"https:\/\/www.yaelandthebags.com\/en\/wp-json\/wp\/v2\/types\/product"}],"replies":[{"embeddable":true,"href":"https:\/\/www.yaelandthebags.com\/en\/wp-json\/wp\/v2\/comments?post=49451"}],"version-history":[{"count":1,"href":"https:\/\/www.yaelandthebags.com\/en\/wp-json\/wp\/v2\/product\/49451\/revisions"}],"predecessor-version":[{"id":49455,"href":"https:\/\/www.yaelandthebags.com\/en\/wp-json\/wp\/v2\/product\/49451\/revisions\/49455"}],"wp:featuredmedia":[{"embeddable":true,"href":"https:\/\/www.yaelandthebags.com\/en\/wp-json\/wp\/v2\/media\/49461"}],"wp:attachment":[{"href":"https:\/\/www.yaelandthebags.com\/en\/wp-json\/wp\/v2\/media?parent=49451"}],"wp:term":[{"taxonomy":"product_brand","embeddable":true,"href":"https:\/\/www.yaelandthebags.com\/en\/wp-json\/wp\/v2\/product_brand?post=49451"},{"taxonomy":"product_cat","embeddable":true,"href":"https:\/\/www.yaelandthebags.com\/en\/wp-json\/wp\/v2\/product_cat?post=49451"},{"taxonomy":"product_tag","embeddable":true,"href":"https:\/\/www.yaelandthebags.com\/en\/wp-json\/wp\/v2\/product_tag?post=49451"}],"curies":[{"name":"wp","href":"https:\/\/api.w.org\/{rel}","templated":true}]}}