{"id":49516,"date":"2025-01-15T10:43:20","date_gmt":"2025-01-15T09:43:20","guid":{"rendered":"https:\/\/www.yaelandthebags.com\/sv_se\/?post_type=product&#038;p=49516"},"modified":"2025-04-29T08:16:06","modified_gmt":"2025-04-29T06:16:06","slug":"knapp-vargron-3","status":"publish","type":"product","link":"https:\/\/www.yaelandthebags.com\/en\/product\/knapp-vargron-3\/","title":{"rendered":"Button - ginger"},"content":{"rendered":"<p>Ingef\u00e4rsf\u00e4rgad sn\u00e4ckskalsknapp med oregelbundet rutigt ingraverat m\u00f6nster<\/p>\n<p>18  mm in diameter<\/p>","protected":false},"excerpt":{"rendered":"<p>Ingef\u00e4rsf\u00e4rgad sn\u00e4ckskalsknapp med oregelbundet rutigt ingraverat m\u00f6nster 18 mm i diameter<\/p>","protected":false},"featured_media":49519,"comment_status":"open","ping_status":"closed","template":"","meta":[],"product_brand":[],"product_cat":[52],"product_tag":[],"class_list":{"0":"post-49516","1":"product","2":"type-product","3":"status-publish","4":"has-post-thumbnail","6":"product_cat-knappar","7":"description-off","9":"first","10":"instock","11":"taxable","12":"shipping-taxable","13":"purchasable","14":"product-type-simple"},"exclude_global_add_ons":[],"addons":[],"_links":{"self":[{"href":"https:\/\/www.yaelandthebags.com\/en\/wp-json\/wp\/v2\/product\/49516","targetHints":{"allow":["GET"]}}],"collection":[{"href":"https:\/\/www.yaelandthebags.com\/en\/wp-json\/wp\/v2\/product"}],"about":[{"href":"https:\/\/www.yaelandthebags.com\/en\/wp-json\/wp\/v2\/types\/product"}],"replies":[{"embeddable":true,"href":"https:\/\/www.yaelandthebags.com\/en\/wp-json\/wp\/v2\/comments?post=49516"}],"version-history":[{"count":2,"href":"https:\/\/www.yaelandthebags.com\/en\/wp-json\/wp\/v2\/product\/49516\/revisions"}],"predecessor-version":[{"id":49521,"href":"https:\/\/www.yaelandthebags.com\/en\/wp-json\/wp\/v2\/product\/49516\/revisions\/49521"}],"wp:featuredmedia":[{"embeddable":true,"href":"https:\/\/www.yaelandthebags.com\/en\/wp-json\/wp\/v2\/media\/49519"}],"wp:attachment":[{"href":"https:\/\/www.yaelandthebags.com\/en\/wp-json\/wp\/v2\/media?parent=49516"}],"wp:term":[{"taxonomy":"product_brand","embeddable":true,"href":"https:\/\/www.yaelandthebags.com\/en\/wp-json\/wp\/v2\/product_brand?post=49516"},{"taxonomy":"product_cat","embeddable":true,"href":"https:\/\/www.yaelandthebags.com\/en\/wp-json\/wp\/v2\/product_cat?post=49516"},{"taxonomy":"product_tag","embeddable":true,"href":"https:\/\/www.yaelandthebags.com\/en\/wp-json\/wp\/v2\/product_tag?post=49516"}],"curies":[{"name":"wp","href":"https:\/\/api.w.org\/{rel}","templated":true}]}}