{"id":49828,"date":"2024-12-07T09:43:34","date_gmt":"2024-12-07T08:43:34","guid":{"rendered":"https:\/\/www.yaelandthebags.com\/sv_se\/?post_type=product&#038;p=49828"},"modified":"2025-06-24T16:57:00","modified_gmt":"2025-06-24T14:57:00","slug":"valsignelse-for-hemmet-guldfargad-2","status":"publish","type":"product","link":"https:\/\/www.yaelandthebags.com\/en\/product\/valsignelse-for-hemmet-guldfargad-2\/","title":{"rendered":"Blessing for the home - copper"},"content":{"rendered":"<p>Blessing for the home. Pomegranate in copper with blessing in hebrew. Approx. 6 x 4,5 cm.<\/p>\n<p>Ca 6 x 4,5 cm<\/p>\n<p>A whole to be able to hang it on the wall.<\/p>","protected":false},"excerpt":{"rendered":"<p>Birkat habajit- V\u00e4lsignelse f\u00f6r hemmet i form av granat\u00e4pple i koppar med v\u00e4lsignelse f\u00f6r hemmet p\u00e5 hebreiska. Ca 6 x 4,5 cm H\u00e5l f\u00f6r att kunna s\u00e4tta upp den p\u00e5 v\u00e4ggen.<\/p>","protected":false},"featured_media":49858,"comment_status":"open","ping_status":"closed","template":"","meta":[],"product_brand":[],"product_cat":[54],"product_tag":[],"class_list":{"0":"post-49828","1":"product","2":"type-product","3":"status-publish","4":"has-post-thumbnail","6":"product_cat-judaica","7":"description-off","9":"first","10":"outofstock","11":"taxable","12":"shipping-taxable","13":"purchasable","14":"product-type-simple"},"exclude_global_add_ons":[],"addons":[],"_links":{"self":[{"href":"https:\/\/www.yaelandthebags.com\/en\/wp-json\/wp\/v2\/product\/49828","targetHints":{"allow":["GET"]}}],"collection":[{"href":"https:\/\/www.yaelandthebags.com\/en\/wp-json\/wp\/v2\/product"}],"about":[{"href":"https:\/\/www.yaelandthebags.com\/en\/wp-json\/wp\/v2\/types\/product"}],"replies":[{"embeddable":true,"href":"https:\/\/www.yaelandthebags.com\/en\/wp-json\/wp\/v2\/comments?post=49828"}],"version-history":[{"count":1,"href":"https:\/\/www.yaelandthebags.com\/en\/wp-json\/wp\/v2\/product\/49828\/revisions"}],"predecessor-version":[{"id":49833,"href":"https:\/\/www.yaelandthebags.com\/en\/wp-json\/wp\/v2\/product\/49828\/revisions\/49833"}],"wp:featuredmedia":[{"embeddable":true,"href":"https:\/\/www.yaelandthebags.com\/en\/wp-json\/wp\/v2\/media\/49858"}],"wp:attachment":[{"href":"https:\/\/www.yaelandthebags.com\/en\/wp-json\/wp\/v2\/media?parent=49828"}],"wp:term":[{"taxonomy":"product_brand","embeddable":true,"href":"https:\/\/www.yaelandthebags.com\/en\/wp-json\/wp\/v2\/product_brand?post=49828"},{"taxonomy":"product_cat","embeddable":true,"href":"https:\/\/www.yaelandthebags.com\/en\/wp-json\/wp\/v2\/product_cat?post=49828"},{"taxonomy":"product_tag","embeddable":true,"href":"https:\/\/www.yaelandthebags.com\/en\/wp-json\/wp\/v2\/product_tag?post=49828"}],"curies":[{"name":"wp","href":"https:\/\/api.w.org\/{rel}","templated":true}]}}