{"id":4996,"date":"2023-05-11T16:13:39","date_gmt":"2023-05-11T14:13:39","guid":{"rendered":"https:\/\/www.yaelandthebags.com\/?post_type=product&#038;p=4996"},"modified":"2024-12-17T12:55:46","modified_gmt":"2024-12-17T11:55:46","slug":"bestallning","status":"publish","type":"product","link":"https:\/\/www.yaelandthebags.com\/en\/product\/bestallning\/","title":{"rendered":"Custom order"},"content":{"rendered":"<p class=\"translation-block\">All products are unique in their designs and colours.<\/p>\n<p>If you want to custom order an item, follow these steps:<\/p>\n<ol>\n<li>Go to \"Product info\" in the menu above - all info you need about the items are there.<\/li>\n<li>Return to this page and choose the item you want to order.<\/li>\n<li>If you wan't to order an item in a specific fabric, contact me to make sure that I have still have it. info@yaelandthebags.com<\/li>\n<li>If you want to custom order a product with an embroidery made by me, please fill in the request in the box below and click in the box for embroidery. Older embroideries, not made by me, cost nothing extra.<\/li>\n<\/ol>\n<p><em>I usually finish custom orders in two weeks time. Sometimes it takes longer if I have a lot of orders. If you need your order before a certain date please let me know in the box below or send me an email: info@yaelandthebags.com<\/em><\/p>","protected":false},"excerpt":{"rendered":"<p>[contact-form][contact-field label=&#8221;Namn&#8221; type=&#8221;name&#8221; required=&#8221;true&#8221; \/][contact-field label=&#8221;E-post&#8221; type=&#8221;email&#8221; required=&#8221;true&#8221; \/][contact-field label=&#8221;Webbplats&#8221; type=&#8221;url&#8221; \/][contact-field label=&#8221;Meddelande&#8221; type=&#8221;textarea&#8221; \/][\/contact-form]<\/p>\n","protected":false},"featured_media":784,"comment_status":"open","ping_status":"closed","template":"","meta":[],"product_brand":[],"product_cat":[42],"product_tag":[],"class_list":{"0":"post-4996","1":"product","2":"type-product","3":"status-publish","4":"has-post-thumbnail","6":"product_cat-order","7":"description-off","9":"first","10":"instock","11":"taxable","12":"shipping-taxable","13":"purchasable","14":"product-type-simple"},"exclude_global_add_ons":false,"addons":[{"name":"V\u00e4lj \u00f6nskad l\u00e4ngd p\u00e5 rem","type":"checkbox","position":0,"required":true,"title_format":"heading","default":"","description_enable":false,"description":"","placeholder_enable":false,"placeholder":"","display":"select","restrictions_type":"any_text","adjust_price":false,"price":"","price_type":"flat_fee","restrictions":false,"min":"0","max":"0","options":[{"label":"L\u00e5ng justerbar axelrem, 72 cm","price":"659","price_type":"quantity_based","image":0,"visibility":true},{"label":"Kort rem, 32 cm","price":"659","price_type":"quantity_based","image":0,"visibility":true}],"id":1683801691},{"name":"Preferences","type":"heading","position":0,"required":false,"title_format":"label","default":"","description_enable":true,"description":"F\u00e4rg\/f\u00e4rgkombinationer \r\nMed eller utan \u00e5terbrukade broderier?\r\nVid specialbest\u00e4llning med broderi gjort av Yael - specificera motiv enligt \u00f6verenskommelse","placeholder_enable":false,"placeholder":"","display":"select","restrictions_type":"any_text","adjust_price":false,"price":"","price_type":"flat_fee","restrictions":false,"min":"0","max":"0","options":[],"id":1699003416},{"name":"Preferences","type":"custom_textarea","position":1,"required":true,"title_format":"hide","default":"","description_enable":false,"description":"","placeholder_enable":false,"placeholder":"","display":"select","restrictions_type":"any_text","adjust_price":false,"price":"","price_type":"quantity_based","restrictions":false,"min":"0","max":"0","options":[],"id":1699003417},{"name":"Product","type":"multiple_choice","position":0,"required":true,"title_format":"heading","default":"","description_enable":false,"description":"","placeholder_enable":false,"placeholder":"","display":"select","restrictions_type":"any_text","adjust_price":false,"price":"","price_type":"flat_fee","restrictions":false,"min":"0","max":"0","options":[{"label":"Grimmy -large","price":"729","price_type":"flat_fee","image":0,"visibility":true},{"label":"Grimmy - small","price":"659","price_type":"flat_fee","image":0,"visibility":true},{"label":"Mazal - drawstring projectbag - stor","price":"459","price_type":"flat_fee","image":0,"visibility":true},{"label":"Mazal - drawstring project bag - small","price":"399","price_type":"flat_fee","image":0,"visibility":true},{"label":"Ren\u00e9e - large handbag (one pocket without zipper inside)","price":"659","price_type":"flat_fee","image":0,"visibility":true},{"label":"Ren\u00e9e - with zipper pocket x 2 (outside and inside)","price":"869","price_type":"flat_fee","image":0,"visibility":true},{"label":"Calomira - large project bag","price":"609","price_type":"flat_fee","image":0,"visibility":true},{"label":"Nelly - medium handbag (one pocket without zipper inside)","price":"609","price_type":"flat_fee","image":0,"visibility":true},{"label":"Nelly - with zipper pocket x 2 (outside and inside)","price":"699","price_type":"flat_fee","image":0,"visibility":true},{"label":"Esther - medium project bag","price":"555","price_type":"flat_fee","image":0,"visibility":true},{"label":"Lucie - small project bag\/sockbag","price":"399","price_type":"flat_fee","image":0,"visibility":true},{"label":"Lizette - large project bag","price":"499","price_type":"flat_fee","image":0,"visibility":true},{"label":"Claire - large project bag\/shoulder strap\/broad bottom","price":"659","price_type":"flat_fee","image":0,"visibility":true},{"label":"Emilie - waist bag","price":"529","price_type":"flat_fee","image":0,"visibility":true},{"label":"Sara - pouch","price":"259","price_type":"flat_fee","image":0,"visibility":true},{"label":"Rachel - large pouch\/pencil case","price":"309","price_type":"flat_fee","image":0,"visibility":true},{"label":"Knitting needles storage card","price":"319","price_type":"flat_fee","image":0,"visibility":true},{"label":"Embroidery Lion of Judah and Lion of Persia - art","price":"3000","price_type":"flat_fee","image":0,"visibility":true},{"label":"Pillow cover - medium 40x40 cm","price":"499","price_type":"flat_fee","image":0,"visibility":true},{"label":"Pillow cover - large 45x45 cm","price":"529","price_type":"flat_fee","image":0,"visibility":true},{"label":"Bijou - small handbag\/purse","price":"529","price_type":"flat_fee","image":0,"visibility":true},{"label":"Am Israel Chai - Embroidery only 21 x 30 cm","price":"850","price_type":"flat_fee","image":0,"visibility":true},{"label":"Challah cover including embroidery","price":"1800","price_type":"flat_fee","image":0,"visibility":true},{"label":"Tallit bag 36 cm x 40 cm","price":"659","price_type":"flat_fee","image":0,"visibility":true}],"id":1716810635},{"name":"Add custom embroidery made by Yael, specify below","type":"checkbox","position":1,"required":false,"title_format":"label","default":"","description_enable":true,"description":"","placeholder_enable":false,"placeholder":"","display":"select","restrictions_type":"any_text","adjust_price":false,"price":"","price_type":"flat_fee","restrictions":false,"min":"0","max":"0","options":[{"label":"Broderi","price":"1500","price_type":"flat_fee","image":0,"visibility":true}],"id":1716810636}],"_links":{"self":[{"href":"https:\/\/www.yaelandthebags.com\/en\/wp-json\/wp\/v2\/product\/4996","targetHints":{"allow":["GET"]}}],"collection":[{"href":"https:\/\/www.yaelandthebags.com\/en\/wp-json\/wp\/v2\/product"}],"about":[{"href":"https:\/\/www.yaelandthebags.com\/en\/wp-json\/wp\/v2\/types\/product"}],"replies":[{"embeddable":true,"href":"https:\/\/www.yaelandthebags.com\/en\/wp-json\/wp\/v2\/comments?post=4996"}],"version-history":[{"count":2,"href":"https:\/\/www.yaelandthebags.com\/en\/wp-json\/wp\/v2\/product\/4996\/revisions"}],"predecessor-version":[{"id":48636,"href":"https:\/\/www.yaelandthebags.com\/en\/wp-json\/wp\/v2\/product\/4996\/revisions\/48636"}],"wp:featuredmedia":[{"embeddable":true,"href":"https:\/\/www.yaelandthebags.com\/en\/wp-json\/wp\/v2\/media\/784"}],"wp:attachment":[{"href":"https:\/\/www.yaelandthebags.com\/en\/wp-json\/wp\/v2\/media?parent=4996"}],"wp:term":[{"taxonomy":"product_brand","embeddable":true,"href":"https:\/\/www.yaelandthebags.com\/en\/wp-json\/wp\/v2\/product_brand?post=4996"},{"taxonomy":"product_cat","embeddable":true,"href":"https:\/\/www.yaelandthebags.com\/en\/wp-json\/wp\/v2\/product_cat?post=4996"},{"taxonomy":"product_tag","embeddable":true,"href":"https:\/\/www.yaelandthebags.com\/en\/wp-json\/wp\/v2\/product_tag?post=4996"}],"curies":[{"name":"wp","href":"https:\/\/api.w.org\/{rel}","templated":true}]}}