{"id":50144,"date":"2025-05-03T10:17:40","date_gmt":"2025-05-03T08:17:40","guid":{"rendered":"https:\/\/www.yaelandthebags.com\/sv_se\/?post_type=product&#038;p=50144"},"modified":"2026-01-20T11:27:50","modified_gmt":"2026-01-20T10:27:50","slug":"mazal-liten-juleljus-2-2","status":"publish","type":"product","link":"https:\/\/www.yaelandthebags.com\/en\/product\/mazal-liten-juleljus-2-2\/","title":{"rendered":"Mazal small - Tweed 1"},"content":{"rendered":"<p>Made with left overs of Harris Tweed and Tweed from British clothes production<\/p>\n<ul>\n<li>Approx 26 x 27 cm<span class=\"Apple-converted-space\">\u00a0<\/span><\/li>\n<li>Large drawstring bag<span class=\"Apple-converted-space\">\u00a0<\/span><\/li>\n<li>Both sturdy and soft<\/li>\n<li>Two different sides<\/li>\n<li>One inner pocket<\/li>\n<\/ul>","protected":false},"excerpt":{"rendered":"<p>Tillverkad av rester av Tweed och Harris tweed fr\u00e5n brittisk kl\u00e4dproduktion Ca 26 x 27 cm\u00a0 Rymlig v\u00e4ska med dragsko\u00a0 St\u00e4rkt med mellanl\u00e4gg Tv\u00e5 olika sidor En innerficka<\/p>","protected":false},"featured_media":50147,"comment_status":"open","ping_status":"closed","template":"","meta":[],"product_brand":[],"product_cat":[20],"product_tag":[],"class_list":{"0":"post-50144","1":"product","2":"type-product","3":"status-publish","4":"has-post-thumbnail","6":"product_cat-project-bags","7":"description-off","9":"first","10":"outofstock","11":"taxable","12":"shipping-taxable","13":"purchasable","14":"product-type-simple"},"exclude_global_add_ons":[],"addons":[],"_links":{"self":[{"href":"https:\/\/www.yaelandthebags.com\/en\/wp-json\/wp\/v2\/product\/50144","targetHints":{"allow":["GET"]}}],"collection":[{"href":"https:\/\/www.yaelandthebags.com\/en\/wp-json\/wp\/v2\/product"}],"about":[{"href":"https:\/\/www.yaelandthebags.com\/en\/wp-json\/wp\/v2\/types\/product"}],"replies":[{"embeddable":true,"href":"https:\/\/www.yaelandthebags.com\/en\/wp-json\/wp\/v2\/comments?post=50144"}],"version-history":[{"count":1,"href":"https:\/\/www.yaelandthebags.com\/en\/wp-json\/wp\/v2\/product\/50144\/revisions"}],"predecessor-version":[{"id":50150,"href":"https:\/\/www.yaelandthebags.com\/en\/wp-json\/wp\/v2\/product\/50144\/revisions\/50150"}],"wp:featuredmedia":[{"embeddable":true,"href":"https:\/\/www.yaelandthebags.com\/en\/wp-json\/wp\/v2\/media\/50147"}],"wp:attachment":[{"href":"https:\/\/www.yaelandthebags.com\/en\/wp-json\/wp\/v2\/media?parent=50144"}],"wp:term":[{"taxonomy":"product_brand","embeddable":true,"href":"https:\/\/www.yaelandthebags.com\/en\/wp-json\/wp\/v2\/product_brand?post=50144"},{"taxonomy":"product_cat","embeddable":true,"href":"https:\/\/www.yaelandthebags.com\/en\/wp-json\/wp\/v2\/product_cat?post=50144"},{"taxonomy":"product_tag","embeddable":true,"href":"https:\/\/www.yaelandthebags.com\/en\/wp-json\/wp\/v2\/product_tag?post=50144"}],"curies":[{"name":"wp","href":"https:\/\/api.w.org\/{rel}","templated":true}]}}