{"id":50947,"date":"2026-01-23T10:36:12","date_gmt":"2026-01-23T09:36:12","guid":{"rendered":"https:\/\/www.yaelandthebags.com\/sv_se\/?post_type=product&#038;p=50947"},"modified":"2026-03-13T11:32:36","modified_gmt":"2026-03-13T10:32:36","slug":"broderisax-svart-3-2-2-3","status":"publish","type":"product","link":"https:\/\/www.yaelandthebags.com\/en\/product\/broderisax-svart-3-2-2-3\/","title":{"rendered":"Bookmark traditional"},"content":{"rendered":"<p>Ett unikt bokm\u00e4rke sytt av \u00e5terbrukat tyg och spets som st\u00e4rkts med mellanl\u00e4gg.<\/p>","protected":false},"excerpt":{"rendered":"<p>Ett unikt bokm\u00e4rke sytt av \u00e5terbrukat tyg och spets som st\u00e4rkts med mellanl\u00e4gg.<\/p>","protected":false},"featured_media":50951,"comment_status":"open","ping_status":"closed","template":"","meta":[],"product_brand":[],"product_cat":[249],"product_tag":[],"class_list":{"0":"post-50947","1":"product","2":"type-product","3":"status-publish","4":"has-post-thumbnail","6":"product_cat-bokmarken","7":"description-off","9":"first","10":"instock","11":"taxable","12":"shipping-taxable","13":"purchasable","14":"product-type-simple"},"exclude_global_add_ons":[],"addons":[],"_links":{"self":[{"href":"https:\/\/www.yaelandthebags.com\/en\/wp-json\/wp\/v2\/product\/50947","targetHints":{"allow":["GET"]}}],"collection":[{"href":"https:\/\/www.yaelandthebags.com\/en\/wp-json\/wp\/v2\/product"}],"about":[{"href":"https:\/\/www.yaelandthebags.com\/en\/wp-json\/wp\/v2\/types\/product"}],"replies":[{"embeddable":true,"href":"https:\/\/www.yaelandthebags.com\/en\/wp-json\/wp\/v2\/comments?post=50947"}],"version-history":[{"count":1,"href":"https:\/\/www.yaelandthebags.com\/en\/wp-json\/wp\/v2\/product\/50947\/revisions"}],"predecessor-version":[{"id":50952,"href":"https:\/\/www.yaelandthebags.com\/en\/wp-json\/wp\/v2\/product\/50947\/revisions\/50952"}],"wp:featuredmedia":[{"embeddable":true,"href":"https:\/\/www.yaelandthebags.com\/en\/wp-json\/wp\/v2\/media\/50951"}],"wp:attachment":[{"href":"https:\/\/www.yaelandthebags.com\/en\/wp-json\/wp\/v2\/media?parent=50947"}],"wp:term":[{"taxonomy":"product_brand","embeddable":true,"href":"https:\/\/www.yaelandthebags.com\/en\/wp-json\/wp\/v2\/product_brand?post=50947"},{"taxonomy":"product_cat","embeddable":true,"href":"https:\/\/www.yaelandthebags.com\/en\/wp-json\/wp\/v2\/product_cat?post=50947"},{"taxonomy":"product_tag","embeddable":true,"href":"https:\/\/www.yaelandthebags.com\/en\/wp-json\/wp\/v2\/product_tag?post=50947"}],"curies":[{"name":"wp","href":"https:\/\/api.w.org\/{rel}","templated":true}]}}