{"id":50953,"date":"2026-01-23T10:37:37","date_gmt":"2026-01-23T09:37:37","guid":{"rendered":"https:\/\/www.yaelandthebags.com\/sv_se\/?post_type=product&#038;p=50953"},"modified":"2026-01-23T10:41:30","modified_gmt":"2026-01-23T09:41:30","slug":"broderisax-svart-3-2-2-3-2","status":"publish","type":"product","link":"https:\/\/www.yaelandthebags.com\/en\/product\/broderisax-svart-3-2-2-3-2\/","title":{"rendered":"Bookmark indigo block print"},"content":{"rendered":"<p>Ett unikt bokm\u00e4rke sytt av tyg producerat av en minoritet i Vietnam. Allt fr\u00e5n att s\u00e5 hampan till att v\u00e4va, f\u00e4rga och trycka \u00e4r gjort av familjer som f\u00f6rs\u00f6rjer sig p\u00e5 detta och f\u00f6r vidare den fantastiska hantverkskunskapen.  \u00c5terbrukad spets och bokm\u00e4rket \u00e4r st\u00e4rkt med mellanl\u00e4gg.<\/p>","protected":false},"excerpt":{"rendered":"<p>Ett unikt bokm\u00e4rke sytt av tyg producerat av en minoritet i Vietnam. Allt fr\u00e5n att s\u00e5 hampan till att v\u00e4va, f\u00e4rga och trycka \u00e4r gjort av familjer som f\u00f6rs\u00f6rjer sig p\u00e5 detta och f\u00f6r vidare den fantastiska hantverkskunskapen. \u00c5terbrukad spets och bokm\u00e4rket \u00e4r st\u00e4rkt med mellanl\u00e4gg.<\/p>","protected":false},"featured_media":50955,"comment_status":"open","ping_status":"closed","template":"","meta":[],"product_brand":[],"product_cat":[249],"product_tag":[],"class_list":{"0":"post-50953","1":"product","2":"type-product","3":"status-publish","4":"has-post-thumbnail","6":"product_cat-bokmarken","7":"description-off","9":"first","10":"instock","11":"taxable","12":"shipping-taxable","13":"purchasable","14":"product-type-simple"},"exclude_global_add_ons":[],"addons":[],"_links":{"self":[{"href":"https:\/\/www.yaelandthebags.com\/en\/wp-json\/wp\/v2\/product\/50953","targetHints":{"allow":["GET"]}}],"collection":[{"href":"https:\/\/www.yaelandthebags.com\/en\/wp-json\/wp\/v2\/product"}],"about":[{"href":"https:\/\/www.yaelandthebags.com\/en\/wp-json\/wp\/v2\/types\/product"}],"replies":[{"embeddable":true,"href":"https:\/\/www.yaelandthebags.com\/en\/wp-json\/wp\/v2\/comments?post=50953"}],"version-history":[{"count":1,"href":"https:\/\/www.yaelandthebags.com\/en\/wp-json\/wp\/v2\/product\/50953\/revisions"}],"predecessor-version":[{"id":50956,"href":"https:\/\/www.yaelandthebags.com\/en\/wp-json\/wp\/v2\/product\/50953\/revisions\/50956"}],"wp:featuredmedia":[{"embeddable":true,"href":"https:\/\/www.yaelandthebags.com\/en\/wp-json\/wp\/v2\/media\/50955"}],"wp:attachment":[{"href":"https:\/\/www.yaelandthebags.com\/en\/wp-json\/wp\/v2\/media?parent=50953"}],"wp:term":[{"taxonomy":"product_brand","embeddable":true,"href":"https:\/\/www.yaelandthebags.com\/en\/wp-json\/wp\/v2\/product_brand?post=50953"},{"taxonomy":"product_cat","embeddable":true,"href":"https:\/\/www.yaelandthebags.com\/en\/wp-json\/wp\/v2\/product_cat?post=50953"},{"taxonomy":"product_tag","embeddable":true,"href":"https:\/\/www.yaelandthebags.com\/en\/wp-json\/wp\/v2\/product_tag?post=50953"}],"curies":[{"name":"wp","href":"https:\/\/api.w.org\/{rel}","templated":true}]}}