{"id":9792,"date":"2025-01-15T09:00:47","date_gmt":"2025-01-15T08:00:47","guid":{"rendered":"https:\/\/www.yaelandthebags.com\/?post_type=product&#038;p=9792"},"modified":"2025-01-15T09:23:07","modified_gmt":"2025-01-15T08:23:07","slug":"knapp-spetsblomma","status":"publish","type":"product","link":"https:\/\/www.yaelandthebags.com\/en\/product\/knapp-spetsblomma\/","title":{"rendered":"Button - lace flower. 22 mm"},"content":{"rendered":"<p>cinnamon colour shell with lace flower design<\/p>\n<p>22 mm in diameter<\/p>","protected":false},"excerpt":{"rendered":"<p>Kanelf\u00e4rgad knapp i sn\u00e4ckskal med ingraverat spetsm\u00f6nster 22 mm i diameter<\/p>","protected":false},"featured_media":9690,"comment_status":"open","ping_status":"closed","template":"","meta":[],"product_brand":[],"product_cat":[52],"product_tag":[],"class_list":{"0":"post-9792","1":"product","2":"type-product","3":"status-publish","4":"has-post-thumbnail","6":"product_cat-knappar","7":"description-off","9":"first","10":"instock","11":"taxable","12":"shipping-taxable","13":"purchasable","14":"product-type-simple"},"exclude_global_add_ons":[],"addons":[],"_links":{"self":[{"href":"https:\/\/www.yaelandthebags.com\/en\/wp-json\/wp\/v2\/product\/9792","targetHints":{"allow":["GET"]}}],"collection":[{"href":"https:\/\/www.yaelandthebags.com\/en\/wp-json\/wp\/v2\/product"}],"about":[{"href":"https:\/\/www.yaelandthebags.com\/en\/wp-json\/wp\/v2\/types\/product"}],"replies":[{"embeddable":true,"href":"https:\/\/www.yaelandthebags.com\/en\/wp-json\/wp\/v2\/comments?post=9792"}],"version-history":[{"count":1,"href":"https:\/\/www.yaelandthebags.com\/en\/wp-json\/wp\/v2\/product\/9792\/revisions"}],"predecessor-version":[{"id":49443,"href":"https:\/\/www.yaelandthebags.com\/en\/wp-json\/wp\/v2\/product\/9792\/revisions\/49443"}],"wp:featuredmedia":[{"embeddable":true,"href":"https:\/\/www.yaelandthebags.com\/en\/wp-json\/wp\/v2\/media\/9690"}],"wp:attachment":[{"href":"https:\/\/www.yaelandthebags.com\/en\/wp-json\/wp\/v2\/media?parent=9792"}],"wp:term":[{"taxonomy":"product_brand","embeddable":true,"href":"https:\/\/www.yaelandthebags.com\/en\/wp-json\/wp\/v2\/product_brand?post=9792"},{"taxonomy":"product_cat","embeddable":true,"href":"https:\/\/www.yaelandthebags.com\/en\/wp-json\/wp\/v2\/product_cat?post=9792"},{"taxonomy":"product_tag","embeddable":true,"href":"https:\/\/www.yaelandthebags.com\/en\/wp-json\/wp\/v2\/product_tag?post=9792"}],"curies":[{"name":"wp","href":"https:\/\/api.w.org\/{rel}","templated":true}]}}