{"id":9796,"date":"2023-11-20T13:08:10","date_gmt":"2023-11-20T12:08:10","guid":{"rendered":"https:\/\/www.yaelandthebags.com\/?post_type=product&#038;p=9796"},"modified":"2025-01-17T17:09:31","modified_gmt":"2025-01-17T16:09:31","slug":"knapp-enkel-turkos","status":"publish","type":"product","link":"https:\/\/www.yaelandthebags.com\/en\/product\/knapp-enkel-turkos\/","title":{"rendered":"Button - turquoise"},"content":{"rendered":"<p>petrol blue matt river shell<\/p>\n<p>15 mm in diameter<\/p>","protected":false},"excerpt":{"rendered":"<p>En enkel knapp i sn\u00e4ckskal med en levande yta d\u00e5 f\u00e4rgen skiftar en aning 15 mm<\/p>","protected":false},"featured_media":9758,"comment_status":"open","ping_status":"closed","template":"","meta":[],"product_brand":[],"product_cat":[52],"product_tag":[],"class_list":{"0":"post-9796","1":"product","2":"type-product","3":"status-publish","4":"has-post-thumbnail","6":"product_cat-knappar","7":"description-off","9":"first","10":"instock","11":"taxable","12":"shipping-taxable","13":"purchasable","14":"product-type-simple"},"exclude_global_add_ons":[],"addons":[],"_links":{"self":[{"href":"https:\/\/www.yaelandthebags.com\/en\/wp-json\/wp\/v2\/product\/9796","targetHints":{"allow":["GET"]}}],"collection":[{"href":"https:\/\/www.yaelandthebags.com\/en\/wp-json\/wp\/v2\/product"}],"about":[{"href":"https:\/\/www.yaelandthebags.com\/en\/wp-json\/wp\/v2\/types\/product"}],"replies":[{"embeddable":true,"href":"https:\/\/www.yaelandthebags.com\/en\/wp-json\/wp\/v2\/comments?post=9796"}],"version-history":[{"count":2,"href":"https:\/\/www.yaelandthebags.com\/en\/wp-json\/wp\/v2\/product\/9796\/revisions"}],"predecessor-version":[{"id":49614,"href":"https:\/\/www.yaelandthebags.com\/en\/wp-json\/wp\/v2\/product\/9796\/revisions\/49614"}],"wp:featuredmedia":[{"embeddable":true,"href":"https:\/\/www.yaelandthebags.com\/en\/wp-json\/wp\/v2\/media\/9758"}],"wp:attachment":[{"href":"https:\/\/www.yaelandthebags.com\/en\/wp-json\/wp\/v2\/media?parent=9796"}],"wp:term":[{"taxonomy":"product_brand","embeddable":true,"href":"https:\/\/www.yaelandthebags.com\/en\/wp-json\/wp\/v2\/product_brand?post=9796"},{"taxonomy":"product_cat","embeddable":true,"href":"https:\/\/www.yaelandthebags.com\/en\/wp-json\/wp\/v2\/product_cat?post=9796"},{"taxonomy":"product_tag","embeddable":true,"href":"https:\/\/www.yaelandthebags.com\/en\/wp-json\/wp\/v2\/product_tag?post=9796"}],"curies":[{"name":"wp","href":"https:\/\/api.w.org\/{rel}","templated":true}]}}