{"id":9798,"date":"2025-01-14T09:13:52","date_gmt":"2025-01-14T08:13:52","guid":{"rendered":"https:\/\/www.yaelandthebags.com\/?post_type=product&#038;p=9798"},"modified":"2025-04-29T08:16:50","modified_gmt":"2025-04-29T06:16:50","slug":"knapp-metallic-grarosa","status":"publish","type":"product","link":"https:\/\/www.yaelandthebags.com\/en\/product\/knapp-metallic-grarosa\/","title":{"rendered":"Knapp &#8211; metallic gr\u00e5rosa 18 mm"},"content":{"rendered":"<p>metallic matt greyish pink colour flat shell buttons<\/p>\n<p>18 mm in diameter<\/p>","protected":false},"excerpt":{"rendered":"<p>Sn\u00e4ckskalsknapp i matt metallic gr\u00e5rosa f\u00e4rg 18 mm<\/p>","protected":false},"featured_media":9729,"comment_status":"open","ping_status":"closed","template":"","meta":[],"product_brand":[],"product_cat":[52],"product_tag":[],"class_list":{"0":"post-9798","1":"product","2":"type-product","3":"status-publish","4":"has-post-thumbnail","6":"product_cat-knappar","7":"description-off","9":"first","10":"instock","11":"taxable","12":"shipping-taxable","13":"purchasable","14":"product-type-simple"},"exclude_global_add_ons":[],"addons":[],"_links":{"self":[{"href":"https:\/\/www.yaelandthebags.com\/en\/wp-json\/wp\/v2\/product\/9798","targetHints":{"allow":["GET"]}}],"collection":[{"href":"https:\/\/www.yaelandthebags.com\/en\/wp-json\/wp\/v2\/product"}],"about":[{"href":"https:\/\/www.yaelandthebags.com\/en\/wp-json\/wp\/v2\/types\/product"}],"replies":[{"embeddable":true,"href":"https:\/\/www.yaelandthebags.com\/en\/wp-json\/wp\/v2\/comments?post=9798"}],"version-history":[{"count":1,"href":"https:\/\/www.yaelandthebags.com\/en\/wp-json\/wp\/v2\/product\/9798\/revisions"}],"predecessor-version":[{"id":49499,"href":"https:\/\/www.yaelandthebags.com\/en\/wp-json\/wp\/v2\/product\/9798\/revisions\/49499"}],"wp:featuredmedia":[{"embeddable":true,"href":"https:\/\/www.yaelandthebags.com\/en\/wp-json\/wp\/v2\/media\/9729"}],"wp:attachment":[{"href":"https:\/\/www.yaelandthebags.com\/en\/wp-json\/wp\/v2\/media?parent=9798"}],"wp:term":[{"taxonomy":"product_brand","embeddable":true,"href":"https:\/\/www.yaelandthebags.com\/en\/wp-json\/wp\/v2\/product_brand?post=9798"},{"taxonomy":"product_cat","embeddable":true,"href":"https:\/\/www.yaelandthebags.com\/en\/wp-json\/wp\/v2\/product_cat?post=9798"},{"taxonomy":"product_tag","embeddable":true,"href":"https:\/\/www.yaelandthebags.com\/en\/wp-json\/wp\/v2\/product_tag?post=9798"}],"curies":[{"name":"wp","href":"https:\/\/api.w.org\/{rel}","templated":true}]}}