{"id":9804,"date":"2025-01-14T09:27:18","date_gmt":"2025-01-14T08:27:18","guid":{"rendered":"https:\/\/www.yaelandthebags.com\/?post_type=product&#038;p=9804"},"modified":"2025-12-28T21:59:06","modified_gmt":"2025-12-28T20:59:06","slug":"knapp-vargron","status":"publish","type":"product","link":"https:\/\/www.yaelandthebags.com\/en\/product\/knapp-vargron\/","title":{"rendered":"Button - spring green"},"content":{"rendered":"<p>green colour shell with irregular indented check pattern<\/p>\n<p>18  mm in diameter<\/p>","protected":false},"excerpt":{"rendered":"<p>Ljusgr\u00f6n sn\u00e4ckskalsknapp med oregelbundet rutigt ingraverat m\u00f6nster 18 mm i diameter<\/p>","protected":false},"featured_media":9753,"comment_status":"open","ping_status":"closed","template":"","meta":[],"product_brand":[],"product_cat":[52],"product_tag":[],"class_list":{"0":"post-9804","1":"product","2":"type-product","3":"status-publish","4":"has-post-thumbnail","6":"product_cat-knappar","7":"description-off","9":"first","10":"instock","11":"taxable","12":"shipping-taxable","13":"purchasable","14":"product-type-simple"},"exclude_global_add_ons":[],"addons":[],"_links":{"self":[{"href":"https:\/\/www.yaelandthebags.com\/en\/wp-json\/wp\/v2\/product\/9804","targetHints":{"allow":["GET"]}}],"collection":[{"href":"https:\/\/www.yaelandthebags.com\/en\/wp-json\/wp\/v2\/product"}],"about":[{"href":"https:\/\/www.yaelandthebags.com\/en\/wp-json\/wp\/v2\/types\/product"}],"replies":[{"embeddable":true,"href":"https:\/\/www.yaelandthebags.com\/en\/wp-json\/wp\/v2\/comments?post=9804"}],"version-history":[{"count":1,"href":"https:\/\/www.yaelandthebags.com\/en\/wp-json\/wp\/v2\/product\/9804\/revisions"}],"predecessor-version":[{"id":49496,"href":"https:\/\/www.yaelandthebags.com\/en\/wp-json\/wp\/v2\/product\/9804\/revisions\/49496"}],"wp:featuredmedia":[{"embeddable":true,"href":"https:\/\/www.yaelandthebags.com\/en\/wp-json\/wp\/v2\/media\/9753"}],"wp:attachment":[{"href":"https:\/\/www.yaelandthebags.com\/en\/wp-json\/wp\/v2\/media?parent=9804"}],"wp:term":[{"taxonomy":"product_brand","embeddable":true,"href":"https:\/\/www.yaelandthebags.com\/en\/wp-json\/wp\/v2\/product_brand?post=9804"},{"taxonomy":"product_cat","embeddable":true,"href":"https:\/\/www.yaelandthebags.com\/en\/wp-json\/wp\/v2\/product_cat?post=9804"},{"taxonomy":"product_tag","embeddable":true,"href":"https:\/\/www.yaelandthebags.com\/en\/wp-json\/wp\/v2\/product_tag?post=9804"}],"curies":[{"name":"wp","href":"https:\/\/api.w.org\/{rel}","templated":true}]}}