{"id":9806,"date":"2025-01-15T09:25:32","date_gmt":"2025-01-15T08:25:32","guid":{"rendered":"https:\/\/www.yaelandthebags.com\/?post_type=product&#038;p=9806"},"modified":"2025-01-15T13:36:36","modified_gmt":"2025-01-15T12:36:36","slug":"knapp-brand-kola","status":"publish","type":"product","link":"https:\/\/www.yaelandthebags.com\/en\/product\/knapp-brand-kola\/","title":{"rendered":"Button - burned fudge"},"content":{"rendered":"<p>horn button burnt top indented checks<\/p>\n<p>20 mm in diameter<\/p>","protected":false},"excerpt":{"rendered":"<p>Knapp i horn med ingraverat rutm\u00f6nster. F\u00e4rg p\u00e5minner om br\u00e4nd kola. 20 mm i diameter<\/p>","protected":false},"featured_media":9767,"comment_status":"open","ping_status":"closed","template":"","meta":[],"product_brand":[],"product_cat":[52],"product_tag":[],"class_list":{"0":"post-9806","1":"product","2":"type-product","3":"status-publish","4":"has-post-thumbnail","6":"product_cat-knappar","7":"description-off","9":"first","10":"instock","11":"taxable","12":"shipping-taxable","13":"purchasable","14":"product-type-simple"},"exclude_global_add_ons":[],"addons":[],"_links":{"self":[{"href":"https:\/\/www.yaelandthebags.com\/en\/wp-json\/wp\/v2\/product\/9806","targetHints":{"allow":["GET"]}}],"collection":[{"href":"https:\/\/www.yaelandthebags.com\/en\/wp-json\/wp\/v2\/product"}],"about":[{"href":"https:\/\/www.yaelandthebags.com\/en\/wp-json\/wp\/v2\/types\/product"}],"replies":[{"embeddable":true,"href":"https:\/\/www.yaelandthebags.com\/en\/wp-json\/wp\/v2\/comments?post=9806"}],"version-history":[{"count":1,"href":"https:\/\/www.yaelandthebags.com\/en\/wp-json\/wp\/v2\/product\/9806\/revisions"}],"predecessor-version":[{"id":49444,"href":"https:\/\/www.yaelandthebags.com\/en\/wp-json\/wp\/v2\/product\/9806\/revisions\/49444"}],"wp:featuredmedia":[{"embeddable":true,"href":"https:\/\/www.yaelandthebags.com\/en\/wp-json\/wp\/v2\/media\/9767"}],"wp:attachment":[{"href":"https:\/\/www.yaelandthebags.com\/en\/wp-json\/wp\/v2\/media?parent=9806"}],"wp:term":[{"taxonomy":"product_brand","embeddable":true,"href":"https:\/\/www.yaelandthebags.com\/en\/wp-json\/wp\/v2\/product_brand?post=9806"},{"taxonomy":"product_cat","embeddable":true,"href":"https:\/\/www.yaelandthebags.com\/en\/wp-json\/wp\/v2\/product_cat?post=9806"},{"taxonomy":"product_tag","embeddable":true,"href":"https:\/\/www.yaelandthebags.com\/en\/wp-json\/wp\/v2\/product_tag?post=9806"}],"curies":[{"name":"wp","href":"https:\/\/api.w.org\/{rel}","templated":true}]}}