{"id":11343,"date":"2024-05-27T11:12:23","date_gmt":"2024-05-27T09:12:23","guid":{"rendered":"https:\/\/www.yaelandthebags.com\/?page_id=11343"},"modified":"2025-12-16T16:51:16","modified_gmt":"2025-12-16T15:51:16","slug":"challahduk","status":"publish","type":"page","link":"https:\/\/www.yaelandthebags.com\/sv_se\/challahduk\/","title":{"rendered":"Challahduk &#038; Tallitv\u00e4ska"},"content":{"rendered":"\t\t<div data-elementor-type=\"wp-page\" data-elementor-id=\"11343\" class=\"elementor elementor-11343\" data-elementor-post-type=\"page\">\n\t\t\t\t<div class=\"elementor-element elementor-element-208c479 e-flex e-con-boxed e-con e-parent\" data-id=\"208c479\" data-element_type=\"container\" data-e-type=\"container\">\n\t\t\t\t\t<div class=\"e-con-inner\">\n\t\t<div class=\"elementor-element elementor-element-192ce8c e-con-full e-flex e-con e-child\" data-id=\"192ce8c\" data-element_type=\"container\" data-e-type=\"container\">\n\t\t\t\t<div class=\"elementor-element elementor-element-a1c361c elementor-widget elementor-widget-heading\" data-id=\"a1c361c\" data-element_type=\"widget\" data-e-type=\"widget\" data-widget_type=\"heading.default\">\n\t\t\t\t<div class=\"elementor-widget-container\">\n\t\t\t\t\t<h2 class=\"elementor-heading-title elementor-size-default\">Produktinformation<\/h2>\t\t\t\t<\/div>\n\t\t\t\t<\/div>\n\t\t\t\t<div class=\"elementor-element elementor-element-14b8c28 elementor-widget elementor-widget-text-editor\" data-id=\"14b8c28\" data-element_type=\"widget\" data-e-type=\"widget\" data-widget_type=\"text-editor.default\">\n\t\t\t\t<div class=\"elementor-widget-container\">\n\t\t\t\t\t\t\t\t\t<p>Nedan finns detaljerad information om de olika produkterna som ing\u00e5r i sortimentet. Alla produkter jag tillverkar \u00e4r unika och bilderna nedan \u00e4r endast exempel p\u00e5 hur varje modell kan se ut. Produkterna anpassas efter dina \u00f6nskem\u00e5l.<\/p>\t\t\t\t\t\t\t\t<\/div>\n\t\t\t\t<\/div>\n\t\t\t\t<div class=\"elementor-element elementor-element-02a774b elementor-widget elementor-widget-image\" data-id=\"02a774b\" data-element_type=\"widget\" data-e-type=\"widget\" data-widget_type=\"image.default\">\n\t\t\t\t<div class=\"elementor-widget-container\">\n\t\t\t\t\t\t\t\t\t\t\t\t\t\t\t<img decoding=\"async\" src=\"https:\/\/www.yaelandthebags.com\/wp-content\/uploads\/2024\/12\/ornament-.svg\" title=\"ornament-.svg\" alt=\"ornament-.svg\" loading=\"lazy\" \/>\t\t\t\t\t\t\t\t\t\t\t\t\t\t\t<\/div>\n\t\t\t\t<\/div>\n\t\t\t\t<div class=\"elementor-element elementor-element-9d15871 elementor-widget elementor-widget-text-editor\" data-id=\"9d15871\" data-element_type=\"widget\" data-e-type=\"widget\" data-widget_type=\"text-editor.default\">\n\t\t\t\t<div class=\"elementor-widget-container\">\n\t\t\t\t\t\t\t\t\t<p><span style=\"color: #000000;\">Vid best\u00e4llning; v\u00e4lj produkt samt \u00f6nskem\u00e5l avseende f\u00e4rg\/f\u00e4rgkombinationer.\u00a0<\/span><\/p>\t\t\t\t\t\t\t\t<\/div>\n\t\t\t\t<\/div>\n\t\t\t\t<div class=\"elementor-element elementor-element-13773f1 elementor-align-center elementor-widget elementor-widget-button\" data-id=\"13773f1\" data-element_type=\"widget\" data-e-type=\"widget\" data-widget_type=\"button.default\">\n\t\t\t\t<div class=\"elementor-widget-container\">\n\t\t\t\t\t\t\t\t\t<div class=\"elementor-button-wrapper\">\n\t\t\t\t\t<a class=\"elementor-button elementor-button-link elementor-size-md\" href=\"https:\/\/www.yaelandthebags.com\/produkt\/bestallning\/\">\n\t\t\t\t\t\t<span class=\"elementor-button-content-wrapper\">\n\t\t\t\t\t\t\t\t\t<span class=\"elementor-button-text\">Till best\u00e4llning<\/span>\n\t\t\t\t\t<\/span>\n\t\t\t\t\t<\/a>\n\t\t\t\t<\/div>\n\t\t\t\t\t\t\t\t<\/div>\n\t\t\t\t<\/div>\n\t\t\t\t<\/div>\n\t\t<div class=\"elementor-element elementor-element-1569ef3 e-con-full e-flex e-con e-child\" data-id=\"1569ef3\" data-element_type=\"container\" data-e-type=\"container\">\n\t\t\t\t<div class=\"elementor-element elementor-element-3b5745d elementor-widget elementor-widget-image\" data-id=\"3b5745d\" data-element_type=\"widget\" data-e-type=\"widget\" data-widget_type=\"image.default\">\n\t\t\t\t<div class=\"elementor-widget-container\">\n\t\t\t\t\t\t\t\t\t\t\t\t\t\t\t<img fetchpriority=\"high\" decoding=\"async\" width=\"1024\" height=\"836\" src=\"https:\/\/www.yaelandthebags.com\/wp-content\/uploads\/2024\/05\/62121269-84A4-4F9D-84DF-8C8DA955967C-scaled-e1716469612700-1024x836.jpeg\" class=\"attachment-large size-large wp-image-11289\" alt=\"\" srcset=\"https:\/\/www.yaelandthebags.com\/wp-content\/uploads\/2024\/05\/62121269-84A4-4F9D-84DF-8C8DA955967C-scaled-e1716469612700-1024x836.jpeg 1024w, https:\/\/www.yaelandthebags.com\/wp-content\/uploads\/2024\/05\/62121269-84A4-4F9D-84DF-8C8DA955967C-scaled-e1716469612700-300x245.jpeg 300w, https:\/\/www.yaelandthebags.com\/wp-content\/uploads\/2024\/05\/62121269-84A4-4F9D-84DF-8C8DA955967C-scaled-e1716469612700-768x627.jpeg 768w, https:\/\/www.yaelandthebags.com\/wp-content\/uploads\/2024\/05\/62121269-84A4-4F9D-84DF-8C8DA955967C-scaled-e1716469612700-1536x1254.jpeg 1536w, https:\/\/www.yaelandthebags.com\/wp-content\/uploads\/2024\/05\/62121269-84A4-4F9D-84DF-8C8DA955967C-scaled-e1716469612700-2048x1672.jpeg 2048w, https:\/\/www.yaelandthebags.com\/wp-content\/uploads\/2024\/05\/62121269-84A4-4F9D-84DF-8C8DA955967C-scaled-e1716469612700-15x12.jpeg 15w, https:\/\/www.yaelandthebags.com\/wp-content\/uploads\/2024\/05\/62121269-84A4-4F9D-84DF-8C8DA955967C-scaled-e1716469612700-600x490.jpeg 600w\" sizes=\"(max-width: 1024px) 100vw, 1024px\" \/>\t\t\t\t\t\t\t\t\t\t\t\t\t\t\t<\/div>\n\t\t\t\t<\/div>\n\t\t\t\t<\/div>\n\t\t\t\t\t<\/div>\n\t\t\t\t<\/div>\n\t\t<div class=\"elementor-element elementor-element-c63ad85 e-flex e-con-boxed e-con e-parent\" data-id=\"c63ad85\" data-element_type=\"container\" data-e-type=\"container\" data-settings=\"{&quot;background_background&quot;:&quot;classic&quot;}\">\n\t\t\t\t\t<div class=\"e-con-inner\">\n\t\t\t\t<div class=\"elementor-element elementor-element-ef191be elementor-widget__width-inherit elementor-hidden-tablet elementor-widget elementor-widget-text-editor\" data-id=\"ef191be\" data-element_type=\"widget\" data-e-type=\"widget\" data-widget_type=\"text-editor.default\">\n\t\t\t\t<div class=\"elementor-widget-container\">\n\t\t\t\t\t\t\t\t\t<p><em><strong>T\u00e4nk p\u00e5! Alla produkter \u00e4r unika avseende f\u00e4rger och dekoration. \u00a0<\/strong><\/em><\/p>\t\t\t\t\t\t\t\t<\/div>\n\t\t\t\t<\/div>\n\t\t\t\t\t<\/div>\n\t\t\t\t<\/div>\n\t\t<div class=\"elementor-element elementor-element-dce5013 e-flex e-con-boxed e-con e-parent\" data-id=\"dce5013\" data-element_type=\"container\" data-e-type=\"container\">\n\t\t\t\t\t<div class=\"e-con-inner\">\n\t\t<div class=\"elementor-element elementor-element-f94a789 e-con-full e-flex e-con e-child\" data-id=\"f94a789\" data-element_type=\"container\" data-e-type=\"container\">\n\t\t\t\t<div class=\"elementor-element elementor-element-877d761 elementor-widget elementor-widget-heading\" data-id=\"877d761\" data-element_type=\"widget\" data-e-type=\"widget\" data-widget_type=\"heading.default\">\n\t\t\t\t<div class=\"elementor-widget-container\">\n\t\t\t\t\t<h2 class=\"elementor-heading-title elementor-size-default\">Challahduk<\/h2>\t\t\t\t<\/div>\n\t\t\t\t<\/div>\n\t\t\t\t<div class=\"elementor-element elementor-element-4be83bc elementor-widget elementor-widget-text-editor\" data-id=\"4be83bc\" data-element_type=\"widget\" data-e-type=\"widget\" data-widget_type=\"text-editor.default\">\n\t\t\t\t<div class=\"elementor-widget-container\">\n\t\t\t\t\t\t\t\t\t<ul><li data-leveltext=\"\u2022\" data-font=\"Helvetica\" data-listid=\"3\" data-list-defn-props=\"{&quot;201340374&quot;:2,&quot;335551500&quot;:5855577,&quot;335552541&quot;:1,&quot;335559684&quot;:-2,&quot;335559685&quot;:720,&quot;335559991&quot;:500,&quot;469769226&quot;:&quot;Helvetica&quot;,&quot;469769242&quot;:[8226],&quot;469777803&quot;:&quot;left&quot;,&quot;469777804&quot;:&quot;\u2022&quot;,&quot;469777815&quot;:&quot;hybridMultilevel&quot;}\" aria-setsize=\"-1\" data-aria-posinset=\"1\" data-aria-level=\"1\"><strong>Unik Challahduk (anv\u00e4nds f\u00f6r att t\u00e4cka br\u00f6den innan v\u00e4lsignelsen p\u00e5 Shabbat och judiska helgdagar)<\/strong><\/li><li data-leveltext=\"\u2022\" data-font=\"Helvetica\" data-listid=\"3\" data-list-defn-props=\"{&quot;201340374&quot;:2,&quot;335551500&quot;:5855577,&quot;335552541&quot;:1,&quot;335559684&quot;:-2,&quot;335559685&quot;:720,&quot;335559991&quot;:500,&quot;469769226&quot;:&quot;Helvetica&quot;,&quot;469769242&quot;:[8226],&quot;469777803&quot;:&quot;left&quot;,&quot;469777804&quot;:&quot;\u2022&quot;,&quot;469777815&quot;:&quot;hybridMultilevel&quot;}\" aria-setsize=\"-1\" data-aria-posinset=\"2\" data-aria-level=\"1\">Tillverkas enligt \u00f6nskem\u00e5l<\/li><li data-leveltext=\"\u2022\" data-font=\"Helvetica\" data-listid=\"3\" data-list-defn-props=\"{&quot;201340374&quot;:2,&quot;335551500&quot;:5855577,&quot;335552541&quot;:1,&quot;335559684&quot;:-2,&quot;335559685&quot;:720,&quot;335559991&quot;:500,&quot;469769226&quot;:&quot;Helvetica&quot;,&quot;469769242&quot;:[8226],&quot;469777803&quot;:&quot;left&quot;,&quot;469777804&quot;:&quot;\u2022&quot;,&quot;469777815&quot;:&quot;hybridMultilevel&quot;}\" aria-setsize=\"-1\" data-aria-posinset=\"2\" data-aria-level=\"1\">Broderi i mitten med text p\u00e5 hebreiska: Shabbat ve Yom Tov (ungef\u00e4r: f\u00f6r Shabbat och helgdagar)<\/li><li data-leveltext=\"\u2022\" data-font=\"Helvetica\" data-listid=\"3\" data-list-defn-props=\"{&quot;201340374&quot;:2,&quot;335551500&quot;:5855577,&quot;335552541&quot;:1,&quot;335559684&quot;:-2,&quot;335559685&quot;:720,&quot;335559991&quot;:500,&quot;469769226&quot;:&quot;Helvetica&quot;,&quot;469769242&quot;:[8226],&quot;469777803&quot;:&quot;left&quot;,&quot;469777804&quot;:&quot;\u2022&quot;,&quot;469777815&quot;:&quot;hybridMultilevel&quot;}\" aria-setsize=\"-1\" data-aria-posinset=\"2\" data-aria-level=\"1\">Runt om broderiet har paneler med v\u00e4xtf\u00e4rgat tyg fr\u00e5n israeliska eukalyptusblad sytts fast och bladen har broderats med sashikostygn. S\u00e5 l\u00e5ngt lagret r\u00e4cker anv\u00e4nds dessa handgjorda tyger. Annars kommer vi \u00f6verens om vilka som ska anv\u00e4ndas<\/li><li data-leveltext=\"\u2022\" data-font=\"Helvetica\" data-listid=\"3\" data-list-defn-props=\"{&quot;201340374&quot;:2,&quot;335551500&quot;:5855577,&quot;335552541&quot;:1,&quot;335559684&quot;:-2,&quot;335559685&quot;:720,&quot;335559991&quot;:500,&quot;469769226&quot;:&quot;Helvetica&quot;,&quot;469769242&quot;:[8226],&quot;469777803&quot;:&quot;left&quot;,&quot;469777804&quot;:&quot;\u2022&quot;,&quot;469777815&quot;:&quot;hybridMultilevel&quot;}\" aria-setsize=\"-1\" data-aria-posinset=\"2\" data-aria-level=\"1\">Baksida i enf\u00e4rgat linnetyg<\/li><li data-leveltext=\"\u2022\" data-font=\"Helvetica\" data-listid=\"3\" data-list-defn-props=\"{&quot;201340374&quot;:2,&quot;335551500&quot;:5855577,&quot;335552541&quot;:1,&quot;335559684&quot;:-2,&quot;335559685&quot;:720,&quot;335559991&quot;:500,&quot;469769226&quot;:&quot;Helvetica&quot;,&quot;469769242&quot;:[8226],&quot;469777803&quot;:&quot;left&quot;,&quot;469777804&quot;:&quot;\u2022&quot;,&quot;469777815&quot;:&quot;hybridMultilevel&quot;}\" aria-setsize=\"-1\" data-aria-posinset=\"3\" data-aria-level=\"1\"><span data-contrast=\"none\">Tv\u00e4ttas f\u00f6rsiktigt f\u00f6r hand<\/span><\/li><li data-leveltext=\"\u2022\" data-font=\"Helvetica\" data-listid=\"3\" data-list-defn-props=\"{&quot;201340374&quot;:2,&quot;335551500&quot;:5855577,&quot;335552541&quot;:1,&quot;335559684&quot;:-2,&quot;335559685&quot;:720,&quot;335559991&quot;:500,&quot;469769226&quot;:&quot;Helvetica&quot;,&quot;469769242&quot;:[8226],&quot;469777803&quot;:&quot;left&quot;,&quot;469777804&quot;:&quot;\u2022&quot;,&quot;469777815&quot;:&quot;hybridMultilevel&quot;}\" aria-setsize=\"-1\" data-aria-posinset=\"4\" data-aria-level=\"1\">Challahduken \u00e4r ca 40 x 50 cm men kan g\u00f6ras i annan storlek om s\u00e5 \u00f6nskas<\/li><\/ul>\t\t\t\t\t\t\t\t<\/div>\n\t\t\t\t<\/div>\n\t\t\t\t<div class=\"elementor-element elementor-element-8828eff elementor-widget elementor-widget-image\" data-id=\"8828eff\" data-element_type=\"widget\" data-e-type=\"widget\" data-widget_type=\"image.default\">\n\t\t\t\t<div class=\"elementor-widget-container\">\n\t\t\t\t\t\t\t\t\t\t\t\t\t\t\t<img decoding=\"async\" src=\"https:\/\/www.yaelandthebags.com\/wp-content\/uploads\/2024\/12\/ornament-.svg\" title=\"ornament-.svg\" alt=\"ornament-.svg\" loading=\"lazy\" \/>\t\t\t\t\t\t\t\t\t\t\t\t\t\t\t<\/div>\n\t\t\t\t<\/div>\n\t\t\t\t<div class=\"elementor-element elementor-element-9e507a2 elementor-widget elementor-widget-heading\" data-id=\"9e507a2\" data-element_type=\"widget\" data-e-type=\"widget\" data-widget_type=\"heading.default\">\n\t\t\t\t<div class=\"elementor-widget-container\">\n\t\t\t\t\t<h2 class=\"elementor-heading-title elementor-size-default\">1500 kr<\/h2>\t\t\t\t<\/div>\n\t\t\t\t<\/div>\n\t\t\t\t<\/div>\n\t\t<div class=\"elementor-element elementor-element-2c987a5 e-con-full e-flex e-con e-child\" data-id=\"2c987a5\" data-element_type=\"container\" data-e-type=\"container\">\n\t\t\t\t<div class=\"elementor-element elementor-element-11420f5 elementor-widget elementor-widget-image\" data-id=\"11420f5\" data-element_type=\"widget\" data-e-type=\"widget\" data-widget_type=\"image.default\">\n\t\t\t\t<div class=\"elementor-widget-container\">\n\t\t\t\t\t\t\t\t\t\t\t\t\t\t\t<img decoding=\"async\" width=\"1024\" height=\"1024\" src=\"https:\/\/www.yaelandthebags.com\/wp-content\/uploads\/2024\/05\/IMG_8892-1024x1024.jpeg\" class=\"attachment-large size-large wp-image-11284\" alt=\"\" srcset=\"https:\/\/www.yaelandthebags.com\/wp-content\/uploads\/2024\/05\/IMG_8892-1024x1024.jpeg 1024w, https:\/\/www.yaelandthebags.com\/wp-content\/uploads\/2024\/05\/IMG_8892-300x300.jpeg 300w, https:\/\/www.yaelandthebags.com\/wp-content\/uploads\/2024\/05\/IMG_8892-150x150.jpeg 150w, https:\/\/www.yaelandthebags.com\/wp-content\/uploads\/2024\/05\/IMG_8892-768x768.jpeg 768w, https:\/\/www.yaelandthebags.com\/wp-content\/uploads\/2024\/05\/IMG_8892-1536x1536.jpeg 1536w, https:\/\/www.yaelandthebags.com\/wp-content\/uploads\/2024\/05\/IMG_8892-2048x2048.jpeg 2048w, https:\/\/www.yaelandthebags.com\/wp-content\/uploads\/2024\/05\/IMG_8892-12x12.jpeg 12w, https:\/\/www.yaelandthebags.com\/wp-content\/uploads\/2024\/05\/IMG_8892-600x600.jpeg 600w, https:\/\/www.yaelandthebags.com\/wp-content\/uploads\/2024\/05\/IMG_8892-100x100.jpeg 100w\" sizes=\"(max-width: 1024px) 100vw, 1024px\" \/>\t\t\t\t\t\t\t\t\t\t\t\t\t\t\t<\/div>\n\t\t\t\t<\/div>\n\t\t\t\t<div class=\"elementor-element elementor-element-45ecbbf elementor-align-center elementor-widget elementor-widget-button\" data-id=\"45ecbbf\" data-element_type=\"widget\" data-e-type=\"widget\" data-widget_type=\"button.default\">\n\t\t\t\t<div class=\"elementor-widget-container\">\n\t\t\t\t\t\t\t\t\t<div class=\"elementor-button-wrapper\">\n\t\t\t\t\t<a class=\"elementor-button elementor-button-link elementor-size-md\" href=\"https:\/\/www.yaelandthebags.com\/produkt\/bestallning\/\">\n\t\t\t\t\t\t<span class=\"elementor-button-content-wrapper\">\n\t\t\t\t\t\t\t\t\t<span class=\"elementor-button-text\">Till best\u00e4llning<\/span>\n\t\t\t\t\t<\/span>\n\t\t\t\t\t<\/a>\n\t\t\t\t<\/div>\n\t\t\t\t\t\t\t\t<\/div>\n\t\t\t\t<\/div>\n\t\t\t\t<\/div>\n\t\t\t\t\t<\/div>\n\t\t\t\t<\/div>\n\t\t<div class=\"elementor-element elementor-element-4f5b389 e-flex e-con-boxed e-con e-parent\" data-id=\"4f5b389\" data-element_type=\"container\" data-e-type=\"container\">\n\t\t\t\t\t<div class=\"e-con-inner\">\n\t\t<div class=\"elementor-element elementor-element-b6f5c49 e-con-full e-flex e-con e-child\" data-id=\"b6f5c49\" data-element_type=\"container\" data-e-type=\"container\">\n\t\t\t\t<div class=\"elementor-element elementor-element-016f8ff elementor-widget elementor-widget-heading\" data-id=\"016f8ff\" data-element_type=\"widget\" data-e-type=\"widget\" data-widget_type=\"heading.default\">\n\t\t\t\t<div class=\"elementor-widget-container\">\n\t\t\t\t\t<h2 class=\"elementor-heading-title elementor-size-default\">Tallitv\u00e4ska<\/h2>\t\t\t\t<\/div>\n\t\t\t\t<\/div>\n\t\t\t\t<div class=\"elementor-element elementor-element-49e0d1f elementor-widget elementor-widget-text-editor\" data-id=\"49e0d1f\" data-element_type=\"widget\" data-e-type=\"widget\" data-widget_type=\"text-editor.default\">\n\t\t\t\t<div class=\"elementor-widget-container\">\n\t\t\t\t\t\t\t\t\t<ul><li data-leveltext=\"\u2022\" data-font=\"Helvetica\" data-listid=\"3\" data-list-defn-props=\"{&quot;201340374&quot;:2,&quot;335551500&quot;:5855577,&quot;335552541&quot;:1,&quot;335559684&quot;:-2,&quot;335559685&quot;:720,&quot;335559991&quot;:500,&quot;469769226&quot;:&quot;Helvetica&quot;,&quot;469769242&quot;:[8226],&quot;469777803&quot;:&quot;left&quot;,&quot;469777804&quot;:&quot;\u2022&quot;,&quot;469777815&quot;:&quot;hybridMultilevel&quot;}\" aria-setsize=\"-1\" data-aria-posinset=\"1\" data-aria-level=\"1\"><strong>Unik Tallitv\u00e4ska (anv\u00e4nds f\u00f6r att f\u00f6rvara sin judiska b\u00f6nesjal)<\/strong><\/li><li data-leveltext=\"\u2022\" data-font=\"Helvetica\" data-listid=\"3\" data-list-defn-props=\"{&quot;201340374&quot;:2,&quot;335551500&quot;:5855577,&quot;335552541&quot;:1,&quot;335559684&quot;:-2,&quot;335559685&quot;:720,&quot;335559991&quot;:500,&quot;469769226&quot;:&quot;Helvetica&quot;,&quot;469769242&quot;:[8226],&quot;469777803&quot;:&quot;left&quot;,&quot;469777804&quot;:&quot;\u2022&quot;,&quot;469777815&quot;:&quot;hybridMultilevel&quot;}\" aria-setsize=\"-1\" data-aria-posinset=\"2\" data-aria-level=\"1\">Tillverkas enligt \u00f6nskem\u00e5l<\/li><li data-leveltext=\"\u2022\" data-font=\"Helvetica\" data-listid=\"3\" data-list-defn-props=\"{&quot;201340374&quot;:2,&quot;335551500&quot;:5855577,&quot;335552541&quot;:1,&quot;335559684&quot;:-2,&quot;335559685&quot;:720,&quot;335559991&quot;:500,&quot;469769226&quot;:&quot;Helvetica&quot;,&quot;469769242&quot;:[8226],&quot;469777803&quot;:&quot;left&quot;,&quot;469777804&quot;:&quot;\u2022&quot;,&quot;469777815&quot;:&quot;hybridMultilevel&quot;}\" aria-setsize=\"-1\" data-aria-posinset=\"2\" data-aria-level=\"1\">Om broderi \u00f6nskas anges detta i best\u00e4llningsformul\u00e4ret under &#8220;Specialbest\u00e4llning&#8221;. Kostnad f\u00f6r personligt broderi tillkommer med 650 kr.<\/li><li data-leveltext=\"\u2022\" data-font=\"Helvetica\" data-listid=\"3\" data-list-defn-props=\"{&quot;201340374&quot;:2,&quot;335551500&quot;:5855577,&quot;335552541&quot;:1,&quot;335559684&quot;:-2,&quot;335559685&quot;:720,&quot;335559991&quot;:500,&quot;469769226&quot;:&quot;Helvetica&quot;,&quot;469769242&quot;:[8226],&quot;469777803&quot;:&quot;left&quot;,&quot;469777804&quot;:&quot;\u2022&quot;,&quot;469777815&quot;:&quot;hybridMultilevel&quot;}\" aria-setsize=\"-1\" data-aria-posinset=\"2\" data-aria-level=\"1\">F\u00e4rger, f\u00e4rgkombinationer, motiv med mera anges vid best\u00e4llning\u00a0<\/li><li data-leveltext=\"\u2022\" data-font=\"Helvetica\" data-listid=\"3\" data-list-defn-props=\"{&quot;201340374&quot;:2,&quot;335551500&quot;:5855577,&quot;335552541&quot;:1,&quot;335559684&quot;:-2,&quot;335559685&quot;:720,&quot;335559991&quot;:500,&quot;469769226&quot;:&quot;Helvetica&quot;,&quot;469769242&quot;:[8226],&quot;469777803&quot;:&quot;left&quot;,&quot;469777804&quot;:&quot;\u2022&quot;,&quot;469777815&quot;:&quot;hybridMultilevel&quot;}\" aria-setsize=\"-1\" data-aria-posinset=\"2\" data-aria-level=\"1\">Tv\u00e5 olika sidor<\/li><li data-leveltext=\"\u2022\" data-font=\"Helvetica\" data-listid=\"3\" data-list-defn-props=\"{&quot;201340374&quot;:2,&quot;335551500&quot;:5855577,&quot;335552541&quot;:1,&quot;335559684&quot;:-2,&quot;335559685&quot;:720,&quot;335559991&quot;:500,&quot;469769226&quot;:&quot;Helvetica&quot;,&quot;469769242&quot;:[8226],&quot;469777803&quot;:&quot;left&quot;,&quot;469777804&quot;:&quot;\u2022&quot;,&quot;469777815&quot;:&quot;hybridMultilevel&quot;}\" aria-setsize=\"-1\" data-aria-posinset=\"3\" data-aria-level=\"1\"><span data-contrast=\"none\">Tv\u00e4ttas f\u00f6rsiktigt f\u00f6r hand<\/span><\/li><li data-leveltext=\"\u2022\" data-font=\"Helvetica\" data-listid=\"3\" data-list-defn-props=\"{&quot;201340374&quot;:2,&quot;335551500&quot;:5855577,&quot;335552541&quot;:1,&quot;335559684&quot;:-2,&quot;335559685&quot;:720,&quot;335559991&quot;:500,&quot;469769226&quot;:&quot;Helvetica&quot;,&quot;469769242&quot;:[8226],&quot;469777803&quot;:&quot;left&quot;,&quot;469777804&quot;:&quot;\u2022&quot;,&quot;469777815&quot;:&quot;hybridMultilevel&quot;}\" aria-setsize=\"-1\" data-aria-posinset=\"4\" data-aria-level=\"1\">Tallitv\u00e4skan \u00e4r ca 36 x 40 cm<\/li><\/ul>\t\t\t\t\t\t\t\t<\/div>\n\t\t\t\t<\/div>\n\t\t\t\t<div class=\"elementor-element elementor-element-412d781 elementor-widget elementor-widget-image\" data-id=\"412d781\" data-element_type=\"widget\" data-e-type=\"widget\" data-widget_type=\"image.default\">\n\t\t\t\t<div class=\"elementor-widget-container\">\n\t\t\t\t\t\t\t\t\t\t\t\t\t\t\t<img decoding=\"async\" src=\"https:\/\/www.yaelandthebags.com\/wp-content\/uploads\/2024\/12\/ornament-.svg\" title=\"ornament-.svg\" alt=\"ornament-.svg\" loading=\"lazy\" \/>\t\t\t\t\t\t\t\t\t\t\t\t\t\t\t<\/div>\n\t\t\t\t<\/div>\n\t\t\t\t<div class=\"elementor-element elementor-element-eea367c elementor-widget elementor-widget-heading\" data-id=\"eea367c\" data-element_type=\"widget\" data-e-type=\"widget\" data-widget_type=\"heading.default\">\n\t\t\t\t<div class=\"elementor-widget-container\">\n\t\t\t\t\t<h2 class=\"elementor-heading-title elementor-size-default\">659 kr<\/h2>\t\t\t\t<\/div>\n\t\t\t\t<\/div>\n\t\t\t\t<\/div>\n\t\t<div class=\"elementor-element elementor-element-af61a40 e-con-full e-flex e-con e-child\" data-id=\"af61a40\" data-element_type=\"container\" data-e-type=\"container\">\n\t\t\t\t<div class=\"elementor-element elementor-element-4ce3b01 elementor-widget elementor-widget-image\" data-id=\"4ce3b01\" data-element_type=\"widget\" data-e-type=\"widget\" data-widget_type=\"image.default\">\n\t\t\t\t<div class=\"elementor-widget-container\">\n\t\t\t\t\t\t\t\t\t\t\t\t\t\t\t<img decoding=\"async\" width=\"768\" height=\"1024\" src=\"https:\/\/www.yaelandthebags.com\/wp-content\/uploads\/2025\/01\/IMG_1216-768x1024.jpeg\" class=\"attachment-large size-large wp-image-49646\" alt=\"\" srcset=\"https:\/\/www.yaelandthebags.com\/wp-content\/uploads\/2025\/01\/IMG_1216-768x1024.jpeg 768w, https:\/\/www.yaelandthebags.com\/wp-content\/uploads\/2025\/01\/IMG_1216-225x300.jpeg 225w, https:\/\/www.yaelandthebags.com\/wp-content\/uploads\/2025\/01\/IMG_1216-1152x1536.jpeg 1152w, https:\/\/www.yaelandthebags.com\/wp-content\/uploads\/2025\/01\/IMG_1216-1536x2048.jpeg 1536w, https:\/\/www.yaelandthebags.com\/wp-content\/uploads\/2025\/01\/IMG_1216-9x12.jpeg 9w, https:\/\/www.yaelandthebags.com\/wp-content\/uploads\/2025\/01\/IMG_1216-600x800.jpeg 600w, https:\/\/www.yaelandthebags.com\/wp-content\/uploads\/2025\/01\/IMG_1216-1200x1600.jpeg 1200w, https:\/\/www.yaelandthebags.com\/wp-content\/uploads\/2025\/01\/IMG_1216-scaled.jpeg 1920w\" sizes=\"(max-width: 768px) 100vw, 768px\" \/>\t\t\t\t\t\t\t\t\t\t\t\t\t\t\t<\/div>\n\t\t\t\t<\/div>\n\t\t\t\t<div class=\"elementor-element elementor-element-ab92de9 elementor-align-center elementor-widget elementor-widget-button\" data-id=\"ab92de9\" data-element_type=\"widget\" data-e-type=\"widget\" data-widget_type=\"button.default\">\n\t\t\t\t<div class=\"elementor-widget-container\">\n\t\t\t\t\t\t\t\t\t<div class=\"elementor-button-wrapper\">\n\t\t\t\t\t<a class=\"elementor-button elementor-button-link elementor-size-md\" href=\"https:\/\/www.yaelandthebags.com\/produkt\/bestallning\/\">\n\t\t\t\t\t\t<span class=\"elementor-button-content-wrapper\">\n\t\t\t\t\t\t\t\t\t<span class=\"elementor-button-text\">Till best\u00e4llning<\/span>\n\t\t\t\t\t<\/span>\n\t\t\t\t\t<\/a>\n\t\t\t\t<\/div>\n\t\t\t\t\t\t\t\t<\/div>\n\t\t\t\t<\/div>\n\t\t\t\t<\/div>\n\t\t\t\t\t<\/div>\n\t\t\t\t<\/div>\n\t\t\t\t<\/div>\n\t\t","protected":false},"excerpt":{"rendered":"<p>Produktinformation Nedan finns detaljerad information om de olika produkterna som ing\u00e5r i sortimentet. Alla produkter jag tillverkar \u00e4r unika och bilderna nedan \u00e4r endast exempel p\u00e5 hur varje modell kan se ut. Produkterna anpassas efter dina \u00f6nskem\u00e5l. Vid best\u00e4llning; v\u00e4lj produkt samt \u00f6nskem\u00e5l avseende f\u00e4rg\/f\u00e4rgkombinationer.\u00a0 Till best\u00e4llning T\u00e4nk p\u00e5! Alla produkter \u00e4r unika avseende f\u00e4rger&hellip;<\/p>\n","protected":false},"author":5,"featured_media":0,"parent":0,"menu_order":0,"comment_status":"closed","ping_status":"closed","template":"","meta":{"footnotes":""},"class_list":["post-11343","page","type-page","status-publish","hentry"],"_links":{"self":[{"href":"https:\/\/www.yaelandthebags.com\/sv_se\/wp-json\/wp\/v2\/pages\/11343","targetHints":{"allow":["GET"]}}],"collection":[{"href":"https:\/\/www.yaelandthebags.com\/sv_se\/wp-json\/wp\/v2\/pages"}],"about":[{"href":"https:\/\/www.yaelandthebags.com\/sv_se\/wp-json\/wp\/v2\/types\/page"}],"author":[{"embeddable":true,"href":"https:\/\/www.yaelandthebags.com\/sv_se\/wp-json\/wp\/v2\/users\/5"}],"replies":[{"embeddable":true,"href":"https:\/\/www.yaelandthebags.com\/sv_se\/wp-json\/wp\/v2\/comments?post=11343"}],"version-history":[{"count":6,"href":"https:\/\/www.yaelandthebags.com\/sv_se\/wp-json\/wp\/v2\/pages\/11343\/revisions"}],"predecessor-version":[{"id":50813,"href":"https:\/\/www.yaelandthebags.com\/sv_se\/wp-json\/wp\/v2\/pages\/11343\/revisions\/50813"}],"wp:attachment":[{"href":"https:\/\/www.yaelandthebags.com\/sv_se\/wp-json\/wp\/v2\/media?parent=11343"}],"curies":[{"name":"wp","href":"https:\/\/api.w.org\/{rel}","templated":true}]}}