{"id":37256,"date":"2021-03-03T07:44:05","date_gmt":"2021-03-03T07:44:05","guid":{"rendered":"https:\/\/www.yaelandthebags.com\/order-tracking\/"},"modified":"2021-03-03T07:44:05","modified_gmt":"2021-03-03T07:44:05","slug":"order-tracking","status":"publish","type":"page","link":"https:\/\/www.yaelandthebags.com\/sv_se\/info\/order-tracking\/","title":{"rendered":"Order tracking"},"content":{"rendered":"\t\t<div data-elementor-type=\"wp-page\" data-elementor-id=\"37256\" class=\"elementor elementor-37256\" data-elementor-post-type=\"page\">\n\t\t\t\t\t\t<section class=\"elementor-section elementor-top-section elementor-element elementor-element-d528cdd elementor-section-boxed elementor-section-height-default elementor-section-height-default\" data-id=\"d528cdd\" data-element_type=\"section\" data-e-type=\"section\">\n\t\t\t\t\t\t<div class=\"elementor-container elementor-column-gap-wide\">\n\t\t\t\t\t<div class=\"elementor-column elementor-col-100 elementor-top-column elementor-element elementor-element-f8db514\" data-id=\"f8db514\" data-element_type=\"column\" data-e-type=\"column\">\n\t\t\t<div class=\"elementor-widget-wrap elementor-element-populated\">\n\t\t\t\t\t\t<div class=\"elementor-element elementor-element-0cd1b80 elementor-widget elementor-widget-wc-elements\" data-id=\"0cd1b80\" data-element_type=\"widget\" data-e-type=\"widget\" data-widget_type=\"wc-elements.default\">\n\t\t\t\t<div class=\"elementor-widget-container\">\n\t\t\t\t\t<div class=\"woocommerce\">\n<form action=\"https:\/\/www.yaelandthebags.com\/sv_se\/info\/order-tracking\/\" method=\"post\" class=\"woocommerce-form woocommerce-form-track-order track_order\">\n\n\t\n\t<p>F\u00f6r att sp\u00e5ra din best\u00e4llning, anger du ditt best\u00e4llningsnummer och klickar p\u00e5 \u201dSp\u00e5ra\u201d. Uppgiften finns i ditt kvitto och i best\u00e4llningsbekr\u00e4ftelsen du fick via e-post.<\/p>\n\n\t<p class=\"form-row form-row-first\"><label for=\"orderid\">Best\u00e4llningsnr.<\/label> <input class=\"input-text\" type=\"text\" name=\"orderid\" id=\"orderid\" value=\"\" placeholder=\"Finns i din best\u00e4llningsbekr\u00e4ftelse.\" \/><\/p>\t<p class=\"form-row form-row-last\"><label for=\"order_email\">E-postadress f\u00f6r fakturering<\/label> <input class=\"input-text\" type=\"text\" name=\"order_email\" id=\"order_email\" value=\"\" placeholder=\"E-postadressen du anv\u00e4nde i kassan.\" \/><\/p>\t<div class=\"clear\"><\/div>\n\n\t\n\t<p class=\"form-row\"><button type=\"submit\" class=\"button\" name=\"track\" value=\"Sp\u00e5ra\">Sp\u00e5ra<\/button><\/p>\n\t<input type=\"hidden\" id=\"woocommerce-order-tracking-nonce\" name=\"woocommerce-order-tracking-nonce\" value=\"4a772295c7\" \/><input type=\"hidden\" name=\"_wp_http_referer\" value=\"\/sv_se\/wp-json\/wp\/v2\/pages\/37256\" \/>\n\t\n<\/form>\n<\/div>\t\t\t\t<\/div>\n\t\t\t\t<\/div>\n\t\t\t\t\t<\/div>\n\t\t<\/div>\n\t\t\t\t\t<\/div>\n\t\t<\/section>\n\t\t\t\t<\/div>\n\t\t","protected":false},"excerpt":{"rendered":"","protected":false},"author":5,"featured_media":0,"parent":44160,"menu_order":945,"comment_status":"closed","ping_status":"closed","template":"","meta":{"footnotes":""},"class_list":["post-37256","page","type-page","status-publish","hentry"],"_links":{"self":[{"href":"https:\/\/www.yaelandthebags.com\/sv_se\/wp-json\/wp\/v2\/pages\/37256","targetHints":{"allow":["GET"]}}],"collection":[{"href":"https:\/\/www.yaelandthebags.com\/sv_se\/wp-json\/wp\/v2\/pages"}],"about":[{"href":"https:\/\/www.yaelandthebags.com\/sv_se\/wp-json\/wp\/v2\/types\/page"}],"author":[{"embeddable":true,"href":"https:\/\/www.yaelandthebags.com\/sv_se\/wp-json\/wp\/v2\/users\/5"}],"replies":[{"embeddable":true,"href":"https:\/\/www.yaelandthebags.com\/sv_se\/wp-json\/wp\/v2\/comments?post=37256"}],"version-history":[{"count":0,"href":"https:\/\/www.yaelandthebags.com\/sv_se\/wp-json\/wp\/v2\/pages\/37256\/revisions"}],"up":[{"embeddable":true,"href":"https:\/\/www.yaelandthebags.com\/sv_se\/wp-json\/wp\/v2\/pages\/44160"}],"wp:attachment":[{"href":"https:\/\/www.yaelandthebags.com\/sv_se\/wp-json\/wp\/v2\/media?parent=37256"}],"curies":[{"name":"wp","href":"https:\/\/api.w.org\/{rel}","templated":true}]}}