{"id":4792,"date":"2023-05-10T12:13:04","date_gmt":"2023-05-10T10:13:04","guid":{"rendered":"https:\/\/www.yaelandthebags.com\/?page_id=4792"},"modified":"2023-05-11T09:24:27","modified_gmt":"2023-05-11T07:24:27","slug":"kassa","status":"publish","type":"page","link":"https:\/\/www.yaelandthebags.com\/sv_se\/kassa\/","title":{"rendered":"Kassa"},"content":{"rendered":"\t\t<div data-elementor-type=\"wp-page\" data-elementor-id=\"4792\" class=\"elementor elementor-4792\" data-elementor-post-type=\"page\">\n\t\t\t\t\t\t<section class=\"elementor-section elementor-top-section elementor-element elementor-element-5af4c855 elementor-section-boxed elementor-section-height-default elementor-section-height-default\" data-id=\"5af4c855\" data-element_type=\"section\" data-e-type=\"section\">\n\t\t\t\t\t\t<div class=\"elementor-container elementor-column-gap-default\">\n\t\t\t\t\t<div class=\"elementor-column elementor-col-100 elementor-top-column elementor-element elementor-element-5f672c10\" data-id=\"5f672c10\" data-element_type=\"column\" data-e-type=\"column\">\n\t\t\t<div class=\"elementor-widget-wrap elementor-element-populated\">\n\t\t\t\t\t\t<div class=\"elementor-element elementor-element-7d305a1 elementor-widget elementor-widget-image\" data-id=\"7d305a1\" data-element_type=\"widget\" data-e-type=\"widget\" data-widget_type=\"image.default\">\n\t\t\t\t<div class=\"elementor-widget-container\">\n\t\t\t\t\t\t\t\t\t\t\t\t\t\t\t<img decoding=\"async\" src=\"https:\/\/www.yaelandthebags.com\/wp-content\/uploads\/elementor\/thumbs\/992AE7EC-0A4F-41ED-9F45-A925BC675F12-qa84fb2oz8bmqt5lkbzlzltdnw6m5ddo2q73w6p1p8.jpg\" title=\"992AE7EC-0A4F-41ED-9F45-A925BC675F12\" alt=\"Calomira\" loading=\"lazy\" \/>\t\t\t\t\t\t\t\t\t\t\t\t\t\t\t<\/div>\n\t\t\t\t<\/div>\n\t\t\t\t<div class=\"elementor-element elementor-element-304590c e-checkout-layout-two-column elementor-widget elementor-widget-woocommerce-checkout-page\" data-id=\"304590c\" data-element_type=\"widget\" data-e-type=\"widget\" data-widget_type=\"woocommerce-checkout-page.default\">\n\t\t\t\t<div class=\"elementor-widget-container\">\n\t\t\t\t\t<div class=\"woocommerce\"><div class=\"woocommerce-notices-wrapper\"><\/div><\/div>\t\t\t\t<\/div>\n\t\t\t\t<\/div>\n\t\t\t\t\t<\/div>\n\t\t<\/div>\n\t\t\t\t\t<\/div>\n\t\t<\/section>\n\t\t\t\t<\/div>\n\t\t","protected":false},"excerpt":{"rendered":"<p>Faktureringsdetaljer F\u00f6rnamn&nbsp;* Efternamn&nbsp;* F\u00f6retagsnamn&nbsp;(valfritt) Land\/Region&nbsp;*V\u00e4lj ett land\/region \u2026AfghanistanAlbanienAlgerietAmerikanska Jungfru\u00f6arnaAmerikanska SamoaAndorraAngolaAnguillaAntarktisAntigua och BarbudaArgentinaArmenienArubaAustralienAzerbajdzjanBahamasBahrainBangladeshBarbadosBelarusBelauBelgienBelizeBeninBermudaBhutanBoliviaBonaire, Saint Eustatius och SabaBosnien HercegovinaBotswanaBouvet\u00f6nBrasilienBrittiska Jungfru\u00f6arnaBrittiska territoriet i Indiska oceanenBruneiBulgarienBurkina FasoBurundiCap VerdeCayman\u00f6arnaCentralafrikanska republikenChileColombiaCook\u00f6arnaCosta RicaCura&ccedil;aoCypernDanmarkDjiboutiDominicaDominikanska RepublikenEcuadorEgyptenEkvatorialguineaEl SalvadorElfenbenskustenEritreaEstlandEswatiniEtiopienFalklands\u00f6arnaFaroe\u00f6arnaFijiFilippinernaFinlandFrankrikeFranska GuianaFranska polynesienFranska sydterritoriernaF\u00f6renade ArabemiratenGabonGambiaGeorgienGhanaGibraltarGreklandGrenadaGr\u00f6nlandGuadeloupeGuamGuatemalaGuernseyGuineaGuinea-BissauGuyanaHaitiHeard Island och McDonald IslandsHondurasHong KongIndienIndonesienIrakIranIrlandIslandIsle of ManIsraelItalienJamaicaJapanJemenJerseyJordanienJul\u00f6nKambodjaKamerunKanadaKazakstanKenyaKinaKirgizistanKiribatiKokos\u00f6arna (Keeling)KomorernaKongo (Brazzaville)Kongo (Kinshasa)KroatienKubaKuwaitLaosLesothoLettlandLibanonLiberiaLibyenLiechtensteinLitauenLuxemburgMacaoMadagaskarMalawiMalaysiaMaldivernaMaliMaltaMaroccoMarshall\u00f6arnaMartiniqueMauritanienMauritiusMayotteMexikoMikronesienMoldavienMonacoMongolietMontenegroMontserratMozambiqueMyanmarNamibiaNauruNederl\u00e4ndernaNepalNicaraguaNigerNigeriaNiueNordkoreaNordmakedonienNorfolk\u00f6nNorgeNorra Mariana\u00f6arnaNya CaledonienNya ZeelandOmanPakistanPalestinska territorietPanamaPapua Nya GuineaParaguayPeruPitcairnPolenPortugalPuerto RicoQatarReunionRum\u00e4nienRwandaRysslandS&atilde;o Tom&eacute; och Pr&iacute;ncipeSaint Barth&eacute;lemySaint Kitts och&hellip;<\/p>\n","protected":false},"author":5,"featured_media":0,"parent":0,"menu_order":0,"comment_status":"closed","ping_status":"closed","template":"","meta":{"footnotes":""},"class_list":["post-4792","page","type-page","status-publish","hentry"],"_links":{"self":[{"href":"https:\/\/www.yaelandthebags.com\/sv_se\/wp-json\/wp\/v2\/pages\/4792","targetHints":{"allow":["GET"]}}],"collection":[{"href":"https:\/\/www.yaelandthebags.com\/sv_se\/wp-json\/wp\/v2\/pages"}],"about":[{"href":"https:\/\/www.yaelandthebags.com\/sv_se\/wp-json\/wp\/v2\/types\/page"}],"author":[{"embeddable":true,"href":"https:\/\/www.yaelandthebags.com\/sv_se\/wp-json\/wp\/v2\/users\/5"}],"replies":[{"embeddable":true,"href":"https:\/\/www.yaelandthebags.com\/sv_se\/wp-json\/wp\/v2\/comments?post=4792"}],"version-history":[{"count":0,"href":"https:\/\/www.yaelandthebags.com\/sv_se\/wp-json\/wp\/v2\/pages\/4792\/revisions"}],"wp:attachment":[{"href":"https:\/\/www.yaelandthebags.com\/sv_se\/wp-json\/wp\/v2\/media?parent=4792"}],"curies":[{"name":"wp","href":"https:\/\/api.w.org\/{rel}","templated":true}]}}