{"id":4812,"date":"2023-05-10T12:49:37","date_gmt":"2023-05-10T10:49:37","guid":{"rendered":"https:\/\/www.yaelandthebags.com\/?page_id=4812"},"modified":"2023-05-13T09:33:51","modified_gmt":"2023-05-13T07:33:51","slug":"ny-varukorg","status":"publish","type":"page","link":"https:\/\/www.yaelandthebags.com\/sv_se\/ny-varukorg\/","title":{"rendered":"Varukorg"},"content":{"rendered":"\t\t<div data-elementor-type=\"wp-page\" data-elementor-id=\"4812\" class=\"elementor elementor-4812\" data-elementor-post-type=\"page\">\n\t\t\t\t\t\t<section class=\"elementor-section elementor-top-section elementor-element elementor-element-a792c65 elementor-section-boxed elementor-section-height-default elementor-section-height-default\" data-id=\"a792c65\" data-element_type=\"section\" data-e-type=\"section\">\n\t\t\t\t\t\t<div class=\"elementor-container elementor-column-gap-default\">\n\t\t\t\t\t<div class=\"elementor-column elementor-col-100 elementor-top-column elementor-element elementor-element-a333631\" data-id=\"a333631\" data-element_type=\"column\" data-e-type=\"column\">\n\t\t\t<div class=\"elementor-widget-wrap elementor-element-populated\">\n\t\t\t\t\t\t<div class=\"elementor-element elementor-element-647ecf0 elementor-widget elementor-widget-image\" data-id=\"647ecf0\" data-element_type=\"widget\" data-e-type=\"widget\" data-widget_type=\"image.default\">\n\t\t\t\t<div class=\"elementor-widget-container\">\n\t\t\t\t\t\t\t\t\t\t\t\t\t\t\t<img decoding=\"async\" src=\"https:\/\/www.yaelandthebags.com\/wp-content\/uploads\/elementor\/thumbs\/992AE7EC-0A4F-41ED-9F45-A925BC675F12-qa84fb2oz8bmqt5lkbzlzltdnw6m5ddo2q73w6p1p8.jpg\" title=\"992AE7EC-0A4F-41ED-9F45-A925BC675F12\" alt=\"Calomira\" loading=\"lazy\" \/>\t\t\t\t\t\t\t\t\t\t\t\t\t\t\t<\/div>\n\t\t\t\t<\/div>\n\t\t\t\t<div class=\"elementor-element elementor-element-f3248a7 elementor-widget elementor-widget-eael-woo-cart\" data-id=\"f3248a7\" data-element_type=\"widget\" data-e-type=\"widget\" data-settings=\"{&quot;eael_woo_cart_table_components_remove_icon&quot;:{&quot;value&quot;:&quot;fas fa-times&quot;,&quot;library&quot;:&quot;fa-solid&quot;},&quot;eael_woo_cart_components_continue_shopping_icon&quot;:{&quot;value&quot;:&quot;fas fa-chevron-left&quot;,&quot;library&quot;:&quot;fa-solid&quot;}}\" data-widget_type=\"eael-woo-cart.default\">\n\t\t\t\t<div class=\"elementor-widget-container\">\n\t\t\t\t\t\t\t\t\t<div class=\"eael-woo-cart-wrapper eael-woo-cart-empty eael-woo-style-2 eael-auto-update33\">\n\t\t\t\t<div class=\"woocommerce-notices-wrapper\"><\/div><div class=\"wc-empty-cart-message\">\n\t<div class=\"cart-empty woocommerce-info\" role=\"status\">\n        <div class=\"woocommerce-info-text\">Din varukorg \u00e4r tom<\/div>\n        <span class=\"close-message\"><\/span>\n\t<\/div>\n<\/div>\t<p class=\"return-to-shop\">\n\t\t<a class=\"button wc-backward\" href=\"https:\/\/www.yaelandthebags.com\/sv_se\/shop-default\/\">\n\t\t\tG\u00e5 tillbaka till butiken\t\t<\/a>\n\t<\/p>\n                <\/div>\n\t\t\t\t        <script>document.body.classList.add(\"eael-woo-cart\");<\/script>\n\t\t\t\t\t\t<\/div>\n\t\t\t\t<\/div>\n\t\t\t\t\t<\/div>\n\t\t<\/div>\n\t\t\t\t\t<\/div>\n\t\t<\/section>\n\t\t\t\t<\/div>\n\t\t","protected":false},"excerpt":{"rendered":"<p>Produkt Pris Antal Delsumma Best\u00e4llning Produkt (259,00&nbsp;&#107;&#114;): Sara &#8211; Liten b\u00f6rs \u00d6nskem\u00e5l: g 259,00&nbsp;&#107;&#114; Best\u00e4llning m\u00e4ngd 259,00&nbsp;&#107;&#114; Forts\u00e4tt handla Uppdatera varukorg Subtotal 259,00&nbsp;&#107;&#114; Frakt Fast pris: 125,00&nbsp;&#107;&#114; Frakt till Frankrike. \u00c4ndra adress Land\/Region: V\u00e4lj ett land\/region \u2026AfghanistanAlbanienAlgerietAmerikanska Jungfru\u00f6arnaAmerikanska SamoaAndorraAngolaAnguillaAntarktisAntigua och BarbudaArgentinaArmenienArubaAustralienAzerbajdzjanBahamasBahrainBangladeshBarbadosBelarusBelauBelgienBelizeBeninBermudaBhutanBoliviaBonaire, Saint Eustatius och SabaBosnien HercegovinaBotswanaBouvet\u00f6nBrasilienBrittiska Jungfru\u00f6arnaBrittiska territoriet i Indiska oceanenBruneiBulgarienBurkina FasoBurundiCap VerdeCayman\u00f6arnaCentralafrikanska republikenChileColombiaCook\u00f6arnaCosta RicaCura&ccedil;aoCypernDanmarkDjiboutiDominicaDominikanska&hellip;<\/p>\n","protected":false},"author":5,"featured_media":0,"parent":0,"menu_order":0,"comment_status":"closed","ping_status":"closed","template":"","meta":{"footnotes":""},"class_list":["post-4812","page","type-page","status-publish","hentry"],"_links":{"self":[{"href":"https:\/\/www.yaelandthebags.com\/sv_se\/wp-json\/wp\/v2\/pages\/4812","targetHints":{"allow":["GET"]}}],"collection":[{"href":"https:\/\/www.yaelandthebags.com\/sv_se\/wp-json\/wp\/v2\/pages"}],"about":[{"href":"https:\/\/www.yaelandthebags.com\/sv_se\/wp-json\/wp\/v2\/types\/page"}],"author":[{"embeddable":true,"href":"https:\/\/www.yaelandthebags.com\/sv_se\/wp-json\/wp\/v2\/users\/5"}],"replies":[{"embeddable":true,"href":"https:\/\/www.yaelandthebags.com\/sv_se\/wp-json\/wp\/v2\/comments?post=4812"}],"version-history":[{"count":0,"href":"https:\/\/www.yaelandthebags.com\/sv_se\/wp-json\/wp\/v2\/pages\/4812\/revisions"}],"wp:attachment":[{"href":"https:\/\/www.yaelandthebags.com\/sv_se\/wp-json\/wp\/v2\/media?parent=4812"}],"curies":[{"name":"wp","href":"https:\/\/api.w.org\/{rel}","templated":true}]}}