{"id":10113,"date":"2025-01-15T10:58:33","date_gmt":"2025-01-15T09:58:33","guid":{"rendered":"https:\/\/www.yaelandthebags.com\/?post_type=product&#038;p=10113"},"modified":"2025-05-10T13:47:39","modified_gmt":"2025-05-10T11:47:39","slug":"knapp-halknapp-guldgron","status":"publish","type":"product","link":"https:\/\/www.yaelandthebags.com\/sv_se\/produkt\/knapp-halknapp-guldgron\/","title":{"rendered":"Knapp &#8211; H\u00e5lknapp guldgr\u00f6n"},"content":{"rendered":"<p>Lite st\u00f6rre knapp i skimrande guldgr\u00f6n f\u00e4rg med h\u00e5ldekoration. Sn\u00e4ckskal.<\/p>\n<p>27 mm i diameter<\/p>\n","protected":false},"excerpt":{"rendered":"<p>Lite st\u00f6rre knapp i skimrande guldgr\u00f6n f\u00e4rg med h\u00e5ldekoration. Sn\u00e4ckskal. 27 mm i diameter<\/p>\n","protected":false},"featured_media":9986,"comment_status":"open","ping_status":"closed","template":"","meta":[],"product_brand":[],"product_cat":[52],"product_tag":[],"class_list":{"0":"post-10113","1":"product","2":"type-product","3":"status-publish","4":"has-post-thumbnail","6":"product_cat-knappar","7":"description-off","9":"first","10":"instock","11":"taxable","12":"shipping-taxable","13":"purchasable","14":"product-type-simple"},"exclude_global_add_ons":[],"addons":[],"_links":{"self":[{"href":"https:\/\/www.yaelandthebags.com\/sv_se\/wp-json\/wp\/v2\/product\/10113","targetHints":{"allow":["GET"]}}],"collection":[{"href":"https:\/\/www.yaelandthebags.com\/sv_se\/wp-json\/wp\/v2\/product"}],"about":[{"href":"https:\/\/www.yaelandthebags.com\/sv_se\/wp-json\/wp\/v2\/types\/product"}],"replies":[{"embeddable":true,"href":"https:\/\/www.yaelandthebags.com\/sv_se\/wp-json\/wp\/v2\/comments?post=10113"}],"version-history":[{"count":1,"href":"https:\/\/www.yaelandthebags.com\/sv_se\/wp-json\/wp\/v2\/product\/10113\/revisions"}],"predecessor-version":[{"id":49579,"href":"https:\/\/www.yaelandthebags.com\/sv_se\/wp-json\/wp\/v2\/product\/10113\/revisions\/49579"}],"wp:featuredmedia":[{"embeddable":true,"href":"https:\/\/www.yaelandthebags.com\/sv_se\/wp-json\/wp\/v2\/media\/9986"}],"wp:attachment":[{"href":"https:\/\/www.yaelandthebags.com\/sv_se\/wp-json\/wp\/v2\/media?parent=10113"}],"wp:term":[{"taxonomy":"product_brand","embeddable":true,"href":"https:\/\/www.yaelandthebags.com\/sv_se\/wp-json\/wp\/v2\/product_brand?post=10113"},{"taxonomy":"product_cat","embeddable":true,"href":"https:\/\/www.yaelandthebags.com\/sv_se\/wp-json\/wp\/v2\/product_cat?post=10113"},{"taxonomy":"product_tag","embeddable":true,"href":"https:\/\/www.yaelandthebags.com\/sv_se\/wp-json\/wp\/v2\/product_tag?post=10113"}],"curies":[{"name":"wp","href":"https:\/\/api.w.org\/{rel}","templated":true}]}}