{"id":10151,"date":"2023-11-27T10:15:40","date_gmt":"2023-11-27T09:15:40","guid":{"rendered":"https:\/\/www.yaelandthebags.com\/?post_type=product&#038;p=10151"},"modified":"2025-01-17T17:08:43","modified_gmt":"2025-01-17T16:08:43","slug":"knapp-enkel-ljusgron","status":"publish","type":"product","link":"https:\/\/www.yaelandthebags.com\/sv_se\/produkt\/knapp-enkel-ljusgron\/","title":{"rendered":"Knapp &#8211; enkel ljusgr\u00f6n"},"content":{"rendered":"<p>En enkel knapp i sn\u00e4ckskal med en levande yta d\u00e5 f\u00e4rgen skiftar en aning<\/p>\n<p>15 mm i diameter<\/p>\n","protected":false},"excerpt":{"rendered":"<p>En enkel knapp i sn\u00e4ckskal med en levande yta d\u00e5 f\u00e4rgen skiftar en aning 15 mm i diameter<\/p>\n","protected":false},"featured_media":9970,"comment_status":"open","ping_status":"closed","template":"","meta":[],"product_brand":[],"product_cat":[52],"product_tag":[],"class_list":{"0":"post-10151","1":"product","2":"type-product","3":"status-publish","4":"has-post-thumbnail","6":"product_cat-knappar","7":"description-off","9":"first","10":"instock","11":"taxable","12":"shipping-taxable","13":"purchasable","14":"product-type-simple"},"exclude_global_add_ons":[],"addons":[],"_links":{"self":[{"href":"https:\/\/www.yaelandthebags.com\/sv_se\/wp-json\/wp\/v2\/product\/10151","targetHints":{"allow":["GET"]}}],"collection":[{"href":"https:\/\/www.yaelandthebags.com\/sv_se\/wp-json\/wp\/v2\/product"}],"about":[{"href":"https:\/\/www.yaelandthebags.com\/sv_se\/wp-json\/wp\/v2\/types\/product"}],"replies":[{"embeddable":true,"href":"https:\/\/www.yaelandthebags.com\/sv_se\/wp-json\/wp\/v2\/comments?post=10151"}],"version-history":[{"count":2,"href":"https:\/\/www.yaelandthebags.com\/sv_se\/wp-json\/wp\/v2\/product\/10151\/revisions"}],"predecessor-version":[{"id":49612,"href":"https:\/\/www.yaelandthebags.com\/sv_se\/wp-json\/wp\/v2\/product\/10151\/revisions\/49612"}],"wp:featuredmedia":[{"embeddable":true,"href":"https:\/\/www.yaelandthebags.com\/sv_se\/wp-json\/wp\/v2\/media\/9970"}],"wp:attachment":[{"href":"https:\/\/www.yaelandthebags.com\/sv_se\/wp-json\/wp\/v2\/media?parent=10151"}],"wp:term":[{"taxonomy":"product_brand","embeddable":true,"href":"https:\/\/www.yaelandthebags.com\/sv_se\/wp-json\/wp\/v2\/product_brand?post=10151"},{"taxonomy":"product_cat","embeddable":true,"href":"https:\/\/www.yaelandthebags.com\/sv_se\/wp-json\/wp\/v2\/product_cat?post=10151"},{"taxonomy":"product_tag","embeddable":true,"href":"https:\/\/www.yaelandthebags.com\/sv_se\/wp-json\/wp\/v2\/product_tag?post=10151"}],"curies":[{"name":"wp","href":"https:\/\/api.w.org\/{rel}","templated":true}]}}