{"id":10353,"date":"2024-01-26T11:18:51","date_gmt":"2024-01-26T10:18:51","guid":{"rendered":"https:\/\/www.yaelandthebags.com\/?post_type=product&#038;p=10353"},"modified":"2024-01-28T11:01:41","modified_gmt":"2024-01-28T10:01:41","slug":"grimmy-liten","status":"publish","type":"product","link":"https:\/\/www.yaelandthebags.com\/sv_se\/produkt\/grimmy-liten\/","title":{"rendered":"Grimmy &#8211; liten"},"content":{"rendered":"<p>Handgjort broderi med texten Am Israel Chai p\u00e5 hebreiska.<\/p>\n<p>En rymlig och stadig v\u00e4ska med flera funktioner.<span class=\"Apple-converted-space\">\u00a0<\/span><\/p>\n<ul>\n<li>Axelrem<\/li>\n<li>Stor p\u00e5se med dragsko som sitter fast i botten p\u00e5 ytterv\u00e4skan.<span class=\"Apple-converted-space\">\u00a0<\/span><\/li>\n<li>Mycket plats utanf\u00f6r p\u00e5sen f\u00f6r b\u00f6rsar, pl\u00e5nbok, nycklar, telefon, stickor med mera.<span class=\"Apple-converted-space\">\u00a0<\/span><\/li>\n<li>Storlek: ca 35 cm bred, 25 cm h\u00f6g, 14 cm bred botten, axelrem ca 60 cm<\/li>\n<\/ul>\n","protected":false},"excerpt":{"rendered":"<p>Stor handv\u00e4ska\/Projektv\u00e4ska<\/p>\n","protected":false},"featured_media":10361,"comment_status":"open","ping_status":"closed","template":"","meta":[],"product_brand":[],"product_cat":[40,20],"product_tag":[],"class_list":{"0":"post-10353","1":"product","2":"type-product","3":"status-publish","4":"has-post-thumbnail","6":"product_cat-handvaskor","7":"product_cat-project-bags","8":"description-off","10":"first","11":"outofstock","12":"taxable","13":"shipping-taxable","14":"purchasable","15":"product-type-simple"},"exclude_global_add_ons":[],"addons":[],"_links":{"self":[{"href":"https:\/\/www.yaelandthebags.com\/sv_se\/wp-json\/wp\/v2\/product\/10353","targetHints":{"allow":["GET"]}}],"collection":[{"href":"https:\/\/www.yaelandthebags.com\/sv_se\/wp-json\/wp\/v2\/product"}],"about":[{"href":"https:\/\/www.yaelandthebags.com\/sv_se\/wp-json\/wp\/v2\/types\/product"}],"replies":[{"embeddable":true,"href":"https:\/\/www.yaelandthebags.com\/sv_se\/wp-json\/wp\/v2\/comments?post=10353"}],"version-history":[{"count":0,"href":"https:\/\/www.yaelandthebags.com\/sv_se\/wp-json\/wp\/v2\/product\/10353\/revisions"}],"wp:featuredmedia":[{"embeddable":true,"href":"https:\/\/www.yaelandthebags.com\/sv_se\/wp-json\/wp\/v2\/media\/10361"}],"wp:attachment":[{"href":"https:\/\/www.yaelandthebags.com\/sv_se\/wp-json\/wp\/v2\/media?parent=10353"}],"wp:term":[{"taxonomy":"product_brand","embeddable":true,"href":"https:\/\/www.yaelandthebags.com\/sv_se\/wp-json\/wp\/v2\/product_brand?post=10353"},{"taxonomy":"product_cat","embeddable":true,"href":"https:\/\/www.yaelandthebags.com\/sv_se\/wp-json\/wp\/v2\/product_cat?post=10353"},{"taxonomy":"product_tag","embeddable":true,"href":"https:\/\/www.yaelandthebags.com\/sv_se\/wp-json\/wp\/v2\/product_tag?post=10353"}],"curies":[{"name":"wp","href":"https:\/\/api.w.org\/{rel}","templated":true}]}}