{"id":10475,"date":"2024-01-30T10:32:06","date_gmt":"2024-01-30T09:32:06","guid":{"rendered":"https:\/\/www.yaelandthebags.com\/?post_type=product&#038;p=10475"},"modified":"2024-03-21T10:19:27","modified_gmt":"2024-03-21T09:19:27","slug":"fagelkollektionen-stickkort-orange-gron-beige","status":"publish","type":"product","link":"https:\/\/www.yaelandthebags.com\/sv_se\/produkt\/fagelkollektionen-stickkort-orange-gron-beige\/","title":{"rendered":"F\u00c5GEL &#8211; Stickkort orange\/gr\u00f6n\/beige"},"content":{"rendered":"<p>F\u00e5gelkollektionen best\u00e5r av ett antal v\u00e4skor och tillbeh\u00f6r som \u00e4r gjorda av vackra \u00e4ldre tyger och broderier men ocks\u00e5 av nybroderade f\u00e5glar och hantverksm\u00e4ssiga blocktryckta tyger fr\u00e5n Indien. De nyproducerade tygerna \u00e4r alltid fr\u00e5n sm\u00e5skaliga hantverkare. De \u00e4ldre tygerna och broderierna r\u00e4ddas fr\u00e5n loppish\u00f6garna och ges nytt liv.<\/p>\n<p>&nbsp;<\/p>\n<p><span data-contrast=\"none\">Det perfekta s<\/span><span data-contrast=\"none\">\u00e4<\/span><span data-contrast=\"none\">ttet att f\u00f6rvara rundstickor, utbytbara stickor, strumpstickor och virkn<\/span><span data-contrast=\"none\">\u00e5<\/span><span data-contrast=\"none\">lar.\u00a0<\/span><\/p>\n<p><span data-contrast=\"none\">Stabil men \u00e4nd\u00e5 <\/span><span data-contrast=\"none\">flexibel, med f\u00f6<\/span><span data-contrast=\"none\">rvaring p<\/span><span data-contrast=\"none\">\u00e5 b<\/span><span data-contrast=\"none\">\u00e5<\/span><span data-contrast=\"none\">da sidor.\u00a0<\/span><\/p>\n<p><span data-contrast=\"none\">Kraftigt mellanl<\/span><span data-contrast=\"none\">\u00e4<\/span><span data-contrast=\"none\">gg, ficka nederst och elastiskt band som rymmer m<\/span><span data-contrast=\"none\">\u00e5<\/span><span data-contrast=\"none\">nga stickor.\u00a0<\/span><\/p>\n<p><span data-contrast=\"none\">Ca 20 cm h<\/span><span data-contrast=\"none\">\u00f6g och 15 cm bred.\u00a0<\/span><\/p>\n<p><span data-contrast=\"none\">Det g\u00e5<\/span><span data-contrast=\"none\">r att ha flera rundstickor p<\/span><span data-contrast=\"none\">\u00e5 <\/span><span data-contrast=\"none\">ett och samma stickkort. eller dela upp stickorna p<\/span><span data-contrast=\"none\">\u00e5 <\/span><span data-contrast=\"none\">flera, i exempelvis storleksordning.<\/span><\/p>\n","protected":false},"excerpt":{"rendered":"<p>F\u00f6rvaring f\u00f6r rundstickor<\/p>\n","protected":false},"featured_media":10404,"comment_status":"open","ping_status":"closed","template":"","meta":[],"product_brand":[],"product_cat":[24,49],"product_tag":[],"class_list":{"0":"post-10475","1":"product","2":"type-product","3":"status-publish","4":"has-post-thumbnail","6":"product_cat-storage-cards","7":"product_cat-tillbehor","8":"description-off","10":"first","11":"outofstock","12":"taxable","13":"shipping-taxable","14":"purchasable","15":"product-type-simple"},"exclude_global_add_ons":[],"addons":[],"_links":{"self":[{"href":"https:\/\/www.yaelandthebags.com\/sv_se\/wp-json\/wp\/v2\/product\/10475","targetHints":{"allow":["GET"]}}],"collection":[{"href":"https:\/\/www.yaelandthebags.com\/sv_se\/wp-json\/wp\/v2\/product"}],"about":[{"href":"https:\/\/www.yaelandthebags.com\/sv_se\/wp-json\/wp\/v2\/types\/product"}],"replies":[{"embeddable":true,"href":"https:\/\/www.yaelandthebags.com\/sv_se\/wp-json\/wp\/v2\/comments?post=10475"}],"version-history":[{"count":0,"href":"https:\/\/www.yaelandthebags.com\/sv_se\/wp-json\/wp\/v2\/product\/10475\/revisions"}],"wp:featuredmedia":[{"embeddable":true,"href":"https:\/\/www.yaelandthebags.com\/sv_se\/wp-json\/wp\/v2\/media\/10404"}],"wp:attachment":[{"href":"https:\/\/www.yaelandthebags.com\/sv_se\/wp-json\/wp\/v2\/media?parent=10475"}],"wp:term":[{"taxonomy":"product_brand","embeddable":true,"href":"https:\/\/www.yaelandthebags.com\/sv_se\/wp-json\/wp\/v2\/product_brand?post=10475"},{"taxonomy":"product_cat","embeddable":true,"href":"https:\/\/www.yaelandthebags.com\/sv_se\/wp-json\/wp\/v2\/product_cat?post=10475"},{"taxonomy":"product_tag","embeddable":true,"href":"https:\/\/www.yaelandthebags.com\/sv_se\/wp-json\/wp\/v2\/product_tag?post=10475"}],"curies":[{"name":"wp","href":"https:\/\/api.w.org\/{rel}","templated":true}]}}