{"id":10984,"date":"2024-04-11T13:49:51","date_gmt":"2024-04-11T11:49:51","guid":{"rendered":"https:\/\/www.yaelandthebags.com\/?post_type=product&#038;p=10984"},"modified":"2025-04-19T12:26:13","modified_gmt":"2025-04-19T10:26:13","slug":"knapp-mork-petrol-23-mm","status":"publish","type":"product","link":"https:\/\/www.yaelandthebags.com\/sv_se\/produkt\/knapp-mork-petrol-23-mm\/","title":{"rendered":"Knapp &#8211; m\u00f6rk petrol 30 mm"},"content":{"rendered":"<p>\u00c4ldre m\u00f6rk petrolf\u00e4rgad plastknapp. Ca 30 mm. Sm\u00e5 f\u00e4rgskiftningar f\u00f6rekommer.<\/p>\n","protected":false},"excerpt":{"rendered":"<p>\u00c4ldre m\u00f6rk petrolf\u00e4rgad plastknapp. Ca 30 mm. Sm\u00e5 f\u00e4rgskiftningar f\u00f6rekommer.<\/p>\n","protected":false},"featured_media":10957,"comment_status":"open","ping_status":"closed","template":"","meta":[],"product_brand":[],"product_cat":[52],"product_tag":[],"class_list":{"0":"post-10984","1":"product","2":"type-product","3":"status-publish","4":"has-post-thumbnail","6":"product_cat-knappar","7":"description-off","9":"first","10":"instock","11":"sale","12":"taxable","13":"shipping-taxable","14":"purchasable","15":"product-type-simple"},"exclude_global_add_ons":[],"addons":[],"_links":{"self":[{"href":"https:\/\/www.yaelandthebags.com\/sv_se\/wp-json\/wp\/v2\/product\/10984","targetHints":{"allow":["GET"]}}],"collection":[{"href":"https:\/\/www.yaelandthebags.com\/sv_se\/wp-json\/wp\/v2\/product"}],"about":[{"href":"https:\/\/www.yaelandthebags.com\/sv_se\/wp-json\/wp\/v2\/types\/product"}],"replies":[{"embeddable":true,"href":"https:\/\/www.yaelandthebags.com\/sv_se\/wp-json\/wp\/v2\/comments?post=10984"}],"version-history":[{"count":0,"href":"https:\/\/www.yaelandthebags.com\/sv_se\/wp-json\/wp\/v2\/product\/10984\/revisions"}],"wp:featuredmedia":[{"embeddable":true,"href":"https:\/\/www.yaelandthebags.com\/sv_se\/wp-json\/wp\/v2\/media\/10957"}],"wp:attachment":[{"href":"https:\/\/www.yaelandthebags.com\/sv_se\/wp-json\/wp\/v2\/media?parent=10984"}],"wp:term":[{"taxonomy":"product_brand","embeddable":true,"href":"https:\/\/www.yaelandthebags.com\/sv_se\/wp-json\/wp\/v2\/product_brand?post=10984"},{"taxonomy":"product_cat","embeddable":true,"href":"https:\/\/www.yaelandthebags.com\/sv_se\/wp-json\/wp\/v2\/product_cat?post=10984"},{"taxonomy":"product_tag","embeddable":true,"href":"https:\/\/www.yaelandthebags.com\/sv_se\/wp-json\/wp\/v2\/product_tag?post=10984"}],"curies":[{"name":"wp","href":"https:\/\/api.w.org\/{rel}","templated":true}]}}