{"id":11771,"date":"2024-07-16T20:41:03","date_gmt":"2024-07-16T18:41:03","guid":{"rendered":"https:\/\/www.yaelandthebags.com\/?post_type=product&#038;p=11771"},"modified":"2025-12-29T14:44:12","modified_gmt":"2025-12-29T13:44:12","slug":"matstickor-i-tra","status":"publish","type":"product","link":"https:\/\/www.yaelandthebags.com\/sv_se\/produkt\/matstickor-i-tra\/","title":{"rendered":"M\u00e4tstickor i tr\u00e4"},"content":{"rendered":"<p>2 st m\u00e4tstickor i tr\u00e4, den ena med centimeter och den andra med h\u00e5l f\u00f6r att m\u00e4ta storlek p\u00e5 stickor. Praktisk att ha med sig i stickv\u00e4skan. Varje m\u00e4tsticka \u00e4r 6,5 x 3 cm. Sitter ihop med en liten metallkedja.<\/p>\n<p>&nbsp;<\/p>\n","protected":false},"excerpt":{"rendered":"<p>2 st m\u00e4tstickor i tr\u00e4, den ena med centimeter och den andra med h\u00e5l f\u00f6r att m\u00e4ta storlek p\u00e5 stickor. Praktisk att ha med sig i stickv\u00e4skan. Varje m\u00e4tsticka \u00e4r 6,5 x 3 cm. Sitter ihop med en liten metallkedja. &nbsp;<\/p>\n","protected":false},"featured_media":11741,"comment_status":"open","ping_status":"closed","template":"","meta":[],"product_brand":[],"product_cat":[49],"product_tag":[],"class_list":{"0":"post-11771","1":"product","2":"type-product","3":"status-publish","4":"has-post-thumbnail","6":"product_cat-tillbehor","7":"description-off","9":"first","10":"instock","11":"taxable","12":"shipping-taxable","13":"purchasable","14":"product-type-simple"},"exclude_global_add_ons":[],"addons":[],"_links":{"self":[{"href":"https:\/\/www.yaelandthebags.com\/sv_se\/wp-json\/wp\/v2\/product\/11771","targetHints":{"allow":["GET"]}}],"collection":[{"href":"https:\/\/www.yaelandthebags.com\/sv_se\/wp-json\/wp\/v2\/product"}],"about":[{"href":"https:\/\/www.yaelandthebags.com\/sv_se\/wp-json\/wp\/v2\/types\/product"}],"replies":[{"embeddable":true,"href":"https:\/\/www.yaelandthebags.com\/sv_se\/wp-json\/wp\/v2\/comments?post=11771"}],"version-history":[{"count":0,"href":"https:\/\/www.yaelandthebags.com\/sv_se\/wp-json\/wp\/v2\/product\/11771\/revisions"}],"wp:featuredmedia":[{"embeddable":true,"href":"https:\/\/www.yaelandthebags.com\/sv_se\/wp-json\/wp\/v2\/media\/11741"}],"wp:attachment":[{"href":"https:\/\/www.yaelandthebags.com\/sv_se\/wp-json\/wp\/v2\/media?parent=11771"}],"wp:term":[{"taxonomy":"product_brand","embeddable":true,"href":"https:\/\/www.yaelandthebags.com\/sv_se\/wp-json\/wp\/v2\/product_brand?post=11771"},{"taxonomy":"product_cat","embeddable":true,"href":"https:\/\/www.yaelandthebags.com\/sv_se\/wp-json\/wp\/v2\/product_cat?post=11771"},{"taxonomy":"product_tag","embeddable":true,"href":"https:\/\/www.yaelandthebags.com\/sv_se\/wp-json\/wp\/v2\/product_tag?post=11771"}],"curies":[{"name":"wp","href":"https:\/\/api.w.org\/{rel}","templated":true}]}}