{"id":11819,"date":"2024-12-10T14:00:09","date_gmt":"2024-12-10T13:00:09","guid":{"rendered":"https:\/\/www.yaelandthebags.com\/?post_type=product&#038;p=11819"},"modified":"2025-07-21T09:45:30","modified_gmt":"2025-07-21T07:45:30","slug":"broderisax-svart","status":"publish","type":"product","link":"https:\/\/www.yaelandthebags.com\/sv_se\/produkt\/broderisax-svart\/","title":{"rendered":"Broderisax &#8211; svart"},"content":{"rendered":"<p>B\u00e4sta broderisaxen jag provat! Perfekt att ha med sig i tillbeh\u00f6rsv\u00e4skan f\u00f6r alla tr\u00e5d\u00e4ndar eller annat som beh\u00f6ver klippas av.<\/p>\n","protected":false},"excerpt":{"rendered":"<p>B\u00e4sta broderisaxen jag provat! Perfekt att ha med sig i tillbeh\u00f6rsv\u00e4skan f\u00f6r alla tr\u00e5d\u00e4ndar eller annat som beh\u00f6ver klippas av.<\/p>\n","protected":false},"featured_media":11825,"comment_status":"open","ping_status":"closed","template":"","meta":[],"product_brand":[],"product_cat":[49],"product_tag":[],"class_list":{"0":"post-11819","1":"product","2":"type-product","3":"status-publish","4":"has-post-thumbnail","6":"product_cat-tillbehor","7":"description-off","9":"first","10":"outofstock","11":"taxable","12":"shipping-taxable","13":"purchasable","14":"product-type-simple"},"exclude_global_add_ons":[],"addons":[],"_links":{"self":[{"href":"https:\/\/www.yaelandthebags.com\/sv_se\/wp-json\/wp\/v2\/product\/11819","targetHints":{"allow":["GET"]}}],"collection":[{"href":"https:\/\/www.yaelandthebags.com\/sv_se\/wp-json\/wp\/v2\/product"}],"about":[{"href":"https:\/\/www.yaelandthebags.com\/sv_se\/wp-json\/wp\/v2\/types\/product"}],"replies":[{"embeddable":true,"href":"https:\/\/www.yaelandthebags.com\/sv_se\/wp-json\/wp\/v2\/comments?post=11819"}],"version-history":[{"count":0,"href":"https:\/\/www.yaelandthebags.com\/sv_se\/wp-json\/wp\/v2\/product\/11819\/revisions"}],"wp:featuredmedia":[{"embeddable":true,"href":"https:\/\/www.yaelandthebags.com\/sv_se\/wp-json\/wp\/v2\/media\/11825"}],"wp:attachment":[{"href":"https:\/\/www.yaelandthebags.com\/sv_se\/wp-json\/wp\/v2\/media?parent=11819"}],"wp:term":[{"taxonomy":"product_brand","embeddable":true,"href":"https:\/\/www.yaelandthebags.com\/sv_se\/wp-json\/wp\/v2\/product_brand?post=11819"},{"taxonomy":"product_cat","embeddable":true,"href":"https:\/\/www.yaelandthebags.com\/sv_se\/wp-json\/wp\/v2\/product_cat?post=11819"},{"taxonomy":"product_tag","embeddable":true,"href":"https:\/\/www.yaelandthebags.com\/sv_se\/wp-json\/wp\/v2\/product_tag?post=11819"}],"curies":[{"name":"wp","href":"https:\/\/api.w.org\/{rel}","templated":true}]}}