{"id":11834,"date":"2024-07-19T15:05:47","date_gmt":"2024-07-19T13:05:47","guid":{"rendered":"https:\/\/www.yaelandthebags.com\/?post_type=product&#038;p=11834"},"modified":"2026-01-19T15:24:21","modified_gmt":"2026-01-19T14:24:21","slug":"skarverktyg","status":"publish","type":"product","link":"https:\/\/www.yaelandthebags.com\/sv_se\/produkt\/skarverktyg\/","title":{"rendered":"Sk\u00e4rverktyg"},"content":{"rendered":"<p>Sk\u00e4rverktyg som t.ex kan b\u00e4ras som ett smycke eller p\u00e5 nyckelknippan. Mycket praktiskt att ha ist\u00e4llet f\u00f6r en sax t.ex p\u00e5 en resa. Kan s\u00e4ttas p\u00e5 kedja eller nyckelring.<\/p>\n<p>&nbsp;<\/p>\n","protected":false},"excerpt":{"rendered":"<p>Sk\u00e4rverktyg som t.ex kan b\u00e4ras som ett smycke eller p\u00e5 nyckelknippan. Mycket praktiskt att ha ist\u00e4llet f\u00f6r en sax t.ex p\u00e5 en resa. Kan s\u00e4ttas p\u00e5 kedja eller nyckelring. &nbsp;<\/p>\n","protected":false},"featured_media":11820,"comment_status":"open","ping_status":"closed","template":"","meta":[],"product_brand":[],"product_cat":[49],"product_tag":[],"class_list":{"0":"post-11834","1":"product","2":"type-product","3":"status-publish","4":"has-post-thumbnail","6":"product_cat-tillbehor","7":"description-off","9":"first","10":"instock","11":"taxable","12":"shipping-taxable","13":"purchasable","14":"product-type-simple"},"exclude_global_add_ons":[],"addons":[],"_links":{"self":[{"href":"https:\/\/www.yaelandthebags.com\/sv_se\/wp-json\/wp\/v2\/product\/11834","targetHints":{"allow":["GET"]}}],"collection":[{"href":"https:\/\/www.yaelandthebags.com\/sv_se\/wp-json\/wp\/v2\/product"}],"about":[{"href":"https:\/\/www.yaelandthebags.com\/sv_se\/wp-json\/wp\/v2\/types\/product"}],"replies":[{"embeddable":true,"href":"https:\/\/www.yaelandthebags.com\/sv_se\/wp-json\/wp\/v2\/comments?post=11834"}],"version-history":[{"count":0,"href":"https:\/\/www.yaelandthebags.com\/sv_se\/wp-json\/wp\/v2\/product\/11834\/revisions"}],"wp:featuredmedia":[{"embeddable":true,"href":"https:\/\/www.yaelandthebags.com\/sv_se\/wp-json\/wp\/v2\/media\/11820"}],"wp:attachment":[{"href":"https:\/\/www.yaelandthebags.com\/sv_se\/wp-json\/wp\/v2\/media?parent=11834"}],"wp:term":[{"taxonomy":"product_brand","embeddable":true,"href":"https:\/\/www.yaelandthebags.com\/sv_se\/wp-json\/wp\/v2\/product_brand?post=11834"},{"taxonomy":"product_cat","embeddable":true,"href":"https:\/\/www.yaelandthebags.com\/sv_se\/wp-json\/wp\/v2\/product_cat?post=11834"},{"taxonomy":"product_tag","embeddable":true,"href":"https:\/\/www.yaelandthebags.com\/sv_se\/wp-json\/wp\/v2\/product_tag?post=11834"}],"curies":[{"name":"wp","href":"https:\/\/api.w.org\/{rel}","templated":true}]}}