{"id":11837,"date":"2024-07-19T15:10:51","date_gmt":"2024-07-19T13:10:51","guid":{"rendered":"https:\/\/www.yaelandthebags.com\/?post_type=product&#038;p=11837"},"modified":"2026-01-26T17:15:52","modified_gmt":"2026-01-26T16:15:52","slug":"filtningsverktyg-7-nalar","status":"publish","type":"product","link":"https:\/\/www.yaelandthebags.com\/sv_se\/produkt\/filtningsverktyg-7-nalar\/","title":{"rendered":"Filtningsverktyg &#8211; 7 n\u00e5lar"},"content":{"rendered":"<p>Filtningsverktyg d\u00e4r 7 n\u00e5lar filtar ull samtidigt. Skyddande plast kring n\u00e5larna. F\u00f6r alla sorters ullfiltningsprojekt och perfekt f\u00f6r s.k. steekning &#8211; d\u00e5 man klipper upp en kofta eller \u00e4rmh\u00e5l. Ist\u00e4llet f\u00f6r att sy eller virka kan man filta steeken b\u00e5de innan man klipper och ist\u00e4llet f\u00f6r att sy fast den f\u00f6r hand. Anv\u00e4nds tillsammans med filtn\u00e5lsborsten.<\/p>\n<p>&nbsp;<\/p>\n","protected":false},"excerpt":{"rendered":"<p>Filtningsverktyg d\u00e4r 7 n\u00e5lar filtar ull samtidigt. Skyddande plast kring n\u00e5larna. F\u00f6r alla sorters ullfiltningsprojekt och perfekt f\u00f6r s.k. steekning &#8211; d\u00e5 man klipper upp en kofta eller \u00e4rmh\u00e5l. Ist\u00e4llet f\u00f6r att sy eller virka kan man filta steeken b\u00e5de innan man klipper och ist\u00e4llet f\u00f6r att sy fast den f\u00f6r hand. Anv\u00e4nds tillsammans med&hellip;<\/p>\n","protected":false},"featured_media":11832,"comment_status":"open","ping_status":"closed","template":"","meta":[],"product_brand":[],"product_cat":[49],"product_tag":[],"class_list":{"0":"post-11837","1":"product","2":"type-product","3":"status-publish","4":"has-post-thumbnail","6":"product_cat-tillbehor","7":"description-off","9":"first","10":"outofstock","11":"taxable","12":"shipping-taxable","13":"purchasable","14":"product-type-simple"},"exclude_global_add_ons":[],"addons":[],"_links":{"self":[{"href":"https:\/\/www.yaelandthebags.com\/sv_se\/wp-json\/wp\/v2\/product\/11837","targetHints":{"allow":["GET"]}}],"collection":[{"href":"https:\/\/www.yaelandthebags.com\/sv_se\/wp-json\/wp\/v2\/product"}],"about":[{"href":"https:\/\/www.yaelandthebags.com\/sv_se\/wp-json\/wp\/v2\/types\/product"}],"replies":[{"embeddable":true,"href":"https:\/\/www.yaelandthebags.com\/sv_se\/wp-json\/wp\/v2\/comments?post=11837"}],"version-history":[{"count":0,"href":"https:\/\/www.yaelandthebags.com\/sv_se\/wp-json\/wp\/v2\/product\/11837\/revisions"}],"wp:featuredmedia":[{"embeddable":true,"href":"https:\/\/www.yaelandthebags.com\/sv_se\/wp-json\/wp\/v2\/media\/11832"}],"wp:attachment":[{"href":"https:\/\/www.yaelandthebags.com\/sv_se\/wp-json\/wp\/v2\/media?parent=11837"}],"wp:term":[{"taxonomy":"product_brand","embeddable":true,"href":"https:\/\/www.yaelandthebags.com\/sv_se\/wp-json\/wp\/v2\/product_brand?post=11837"},{"taxonomy":"product_cat","embeddable":true,"href":"https:\/\/www.yaelandthebags.com\/sv_se\/wp-json\/wp\/v2\/product_cat?post=11837"},{"taxonomy":"product_tag","embeddable":true,"href":"https:\/\/www.yaelandthebags.com\/sv_se\/wp-json\/wp\/v2\/product_tag?post=11837"}],"curies":[{"name":"wp","href":"https:\/\/api.w.org\/{rel}","templated":true}]}}