{"id":11849,"date":"2024-07-22T11:24:12","date_gmt":"2024-07-22T09:24:12","guid":{"rendered":"https:\/\/www.yaelandthebags.com\/?post_type=product&#038;p=11849"},"modified":"2025-11-25T12:14:40","modified_gmt":"2025-11-25T11:14:40","slug":"stickmarkorer-i-sot-burk","status":"publish","type":"product","link":"https:\/\/www.yaelandthebags.com\/sv_se\/produkt\/stickmarkorer-i-sot-burk\/","title":{"rendered":"Stickmark\u00f6rer i s\u00f6t burk"},"content":{"rendered":"<p>25 st stickmark\u00f6rer i s\u00f6t metallburk. Praktisk att ha i stickv\u00e4skan. Blandade f\u00e4rger. Olika bilder p\u00e5 burken.<\/p>\n","protected":false},"excerpt":{"rendered":"<p>25 st stickmark\u00f6rer i s\u00f6t metallburk. Praktisk att ha i stickv\u00e4skan. Blandade f\u00e4rger. Olika bilder p\u00e5 burken.<\/p>\n","protected":false},"featured_media":10374,"comment_status":"open","ping_status":"closed","template":"","meta":[],"product_brand":[],"product_cat":[49],"product_tag":[],"class_list":{"0":"post-11849","1":"product","2":"type-product","3":"status-publish","4":"has-post-thumbnail","6":"product_cat-tillbehor","7":"description-off","9":"first","10":"instock","11":"taxable","12":"shipping-taxable","13":"purchasable","14":"product-type-simple"},"exclude_global_add_ons":[],"addons":[],"_links":{"self":[{"href":"https:\/\/www.yaelandthebags.com\/sv_se\/wp-json\/wp\/v2\/product\/11849","targetHints":{"allow":["GET"]}}],"collection":[{"href":"https:\/\/www.yaelandthebags.com\/sv_se\/wp-json\/wp\/v2\/product"}],"about":[{"href":"https:\/\/www.yaelandthebags.com\/sv_se\/wp-json\/wp\/v2\/types\/product"}],"replies":[{"embeddable":true,"href":"https:\/\/www.yaelandthebags.com\/sv_se\/wp-json\/wp\/v2\/comments?post=11849"}],"version-history":[{"count":0,"href":"https:\/\/www.yaelandthebags.com\/sv_se\/wp-json\/wp\/v2\/product\/11849\/revisions"}],"wp:featuredmedia":[{"embeddable":true,"href":"https:\/\/www.yaelandthebags.com\/sv_se\/wp-json\/wp\/v2\/media\/10374"}],"wp:attachment":[{"href":"https:\/\/www.yaelandthebags.com\/sv_se\/wp-json\/wp\/v2\/media?parent=11849"}],"wp:term":[{"taxonomy":"product_brand","embeddable":true,"href":"https:\/\/www.yaelandthebags.com\/sv_se\/wp-json\/wp\/v2\/product_brand?post=11849"},{"taxonomy":"product_cat","embeddable":true,"href":"https:\/\/www.yaelandthebags.com\/sv_se\/wp-json\/wp\/v2\/product_cat?post=11849"},{"taxonomy":"product_tag","embeddable":true,"href":"https:\/\/www.yaelandthebags.com\/sv_se\/wp-json\/wp\/v2\/product_tag?post=11849"}],"curies":[{"name":"wp","href":"https:\/\/api.w.org\/{rel}","templated":true}]}}