{"id":11868,"date":"2024-07-22T11:30:35","date_gmt":"2024-07-22T09:30:35","guid":{"rendered":"https:\/\/www.yaelandthebags.com\/?post_type=product&#038;p=11868"},"modified":"2025-11-23T14:23:02","modified_gmt":"2025-11-23T13:23:02","slug":"stoppsvamp-2","status":"publish","type":"product","link":"https:\/\/www.yaelandthebags.com\/sv_se\/produkt\/stoppsvamp-2\/","title":{"rendered":"Stoppsvamp"},"content":{"rendered":"<p>Att lappa och laga f\u00f6rl\u00e4nger livet p\u00e5 dina plagg. En stoppsvamp \u00e4r ett perfekt hj\u00e4lpmedel. Stoppa in svampen under\/i det du vill laga, tex en socka, s\u00e5 underl\u00e4ttar det ditt arbete.<\/p>\n<p>Alla stoppsvampar \u00e4r begagnade och med vacker patina.<\/p>\n","protected":false},"excerpt":{"rendered":"<p>Att lappa och laga f\u00f6rl\u00e4nger livet p\u00e5 dina plagg. En stoppsvamp \u00e4r ett perfekt hj\u00e4lpmedel. Stoppa in svampen under\/i det du vill laga, tex en socka, s\u00e5 underl\u00e4ttar det ditt arbete. Alla stoppsvampar \u00e4r begagnade och med vacker patina.<\/p>\n","protected":false},"featured_media":9830,"comment_status":"open","ping_status":"closed","template":"","meta":[],"product_brand":[],"product_cat":[49],"product_tag":[],"class_list":{"0":"post-11868","1":"product","2":"type-product","3":"status-publish","4":"has-post-thumbnail","6":"product_cat-tillbehor","7":"description-off","9":"first","10":"outofstock","11":"taxable","12":"shipping-taxable","13":"purchasable","14":"product-type-simple"},"exclude_global_add_ons":[],"addons":[],"_links":{"self":[{"href":"https:\/\/www.yaelandthebags.com\/sv_se\/wp-json\/wp\/v2\/product\/11868","targetHints":{"allow":["GET"]}}],"collection":[{"href":"https:\/\/www.yaelandthebags.com\/sv_se\/wp-json\/wp\/v2\/product"}],"about":[{"href":"https:\/\/www.yaelandthebags.com\/sv_se\/wp-json\/wp\/v2\/types\/product"}],"replies":[{"embeddable":true,"href":"https:\/\/www.yaelandthebags.com\/sv_se\/wp-json\/wp\/v2\/comments?post=11868"}],"version-history":[{"count":0,"href":"https:\/\/www.yaelandthebags.com\/sv_se\/wp-json\/wp\/v2\/product\/11868\/revisions"}],"wp:featuredmedia":[{"embeddable":true,"href":"https:\/\/www.yaelandthebags.com\/sv_se\/wp-json\/wp\/v2\/media\/9830"}],"wp:attachment":[{"href":"https:\/\/www.yaelandthebags.com\/sv_se\/wp-json\/wp\/v2\/media?parent=11868"}],"wp:term":[{"taxonomy":"product_brand","embeddable":true,"href":"https:\/\/www.yaelandthebags.com\/sv_se\/wp-json\/wp\/v2\/product_brand?post=11868"},{"taxonomy":"product_cat","embeddable":true,"href":"https:\/\/www.yaelandthebags.com\/sv_se\/wp-json\/wp\/v2\/product_cat?post=11868"},{"taxonomy":"product_tag","embeddable":true,"href":"https:\/\/www.yaelandthebags.com\/sv_se\/wp-json\/wp\/v2\/product_tag?post=11868"}],"curies":[{"name":"wp","href":"https:\/\/api.w.org\/{rel}","templated":true}]}}